{"id":21409,"date":"2023-07-11T12:01:47","date_gmt":"2023-07-11T10:01:47","guid":{"rendered":"https:\/\/lostio.app\/carte\/"},"modified":"2026-04-03T09:22:16","modified_gmt":"2026-04-03T07:22:16","slug":"carte","status":"publish","type":"page","link":"https:\/\/lostio.app\/fr\/carte\/","title":{"rendered":"Carte"},"content":{"rendered":"\t\t<div data-elementor-type=\"wp-page\" data-elementor-id=\"21409\" class=\"elementor elementor-21409 elementor-1245\" data-elementor-post-type=\"page\">\n\t\t\t\t<div class=\"elementor-element elementor-element-e5ee53a jedv-enabled--yes e-flex e-con-boxed wpr-sticky-section-no wpr-equal-height-no e-con e-parent\" data-id=\"e5ee53a\" data-element_type=\"container\" data-e-type=\"container\" data-settings=\"{&quot;jet_parallax_layout_list&quot;:[]}\">\n\t\t\t\t\t<div class=\"e-con-inner\">\n\t\t\t\t<div class=\"elementor-element elementor-element-75af164 elementor-widget elementor-widget-spacer\" data-id=\"75af164\" data-element_type=\"widget\" data-e-type=\"widget\" data-widget_type=\"spacer.default\">\n\t\t\t\t<div class=\"elementor-widget-container\">\n\t\t\t\t\t\t\t<div class=\"elementor-spacer\">\n\t\t\t<div class=\"elementor-spacer-inner\"><\/div>\n\t\t<\/div>\n\t\t\t\t\t\t<\/div>\n\t\t\t\t<\/div>\n\t\t\t\t<div class=\"elementor-element elementor-element-c9197cb elementor-widget elementor-widget-heading\" data-id=\"c9197cb\" data-element_type=\"widget\" data-e-type=\"widget\" data-widget_type=\"heading.default\">\n\t\t\t\t<div class=\"elementor-widget-container\">\n\t\t\t\t\t<h2 class=\"elementor-heading-title elementor-size-default\">Oops...<\/h2>\t\t\t\t<\/div>\n\t\t\t\t<\/div>\n\t\t\t\t<div class=\"elementor-element elementor-element-f287ee9 elementor-widget elementor-widget-text-editor\" data-id=\"f287ee9\" data-element_type=\"widget\" data-e-type=\"widget\" data-widget_type=\"text-editor.default\">\n\t\t\t\t<div class=\"elementor-widget-container\">\n\t\t\t\t\t\t\t\t\t<p>Seuls les utilisateurs enregistr\u00e9s ont acc\u00e8s \u00e0 notre base de donn\u00e9es. Vous n&rsquo;\u00eates peut-\u00eatre <a href=\"https:\/\/lostio.app\/fr\/sign-up\/\">pas encore inscrit<\/a> ou <a href=\"https:\/\/lostio.app\/fr\/se-connecter\/\">connect\u00e9<\/a>?<\/p>\n\t\t\t\t\t\t\t\t<\/div>\n\t\t\t\t<\/div>\n\t\t\t\t\t<\/div>\n\t\t\t\t<\/div>\n\t\t\t\t<\/div>\n\t\t","protected":false},"excerpt":{"rendered":"<p>Carte d&rsquo;admin Land ausw\u00e4hlen Deutschland \u00d6sterreich Schweiz Belgien Frankreich Italien Polen Oops&#8230; Seuls les utilisateurs enregistr\u00e9s ont acc\u00e8s \u00e0 notre base de donn\u00e9es. Vous n&rsquo;\u00eates peut-\u00eatre pas encore inscrit ou connect\u00e9? Bienvenue ! Merci de votre inscription \u00e0 lostio. Pour obtenir un acc\u00e8s illimit\u00e9 \u00e0 notre base de donn\u00e9es, \u00e0 notre moteur de recherche et \u00e0 bien d&rsquo;autres choses encore, un abonnement est n\u00e9cessaire. Cette barri\u00e8re payante n&rsquo;a pas pour but de gagner de l&rsquo;argent, mais d&rsquo;\u00e9loigner l&rsquo;un ou l&rsquo;autre vandale. C&rsquo;est le seul moyen de prot\u00e9ger certains lieux. Premium 4,99 \u20ac par mois Obtenir une prime<\/p>\n","protected":false},"author":1,"featured_media":0,"parent":0,"menu_order":0,"comment_status":"closed","ping_status":"closed","template":"elementor_canvas","meta":{"pmpro_default_level":"","footnotes":""},"class_list":["post-21409","page","type-page","status-publish","hentry","pmpro-has-access"],"_links":{"self":[{"href":"https:\/\/lostio.app\/fr\/wp-json\/wp\/v2\/pages\/21409","targetHints":{"allow":["GET"]}}],"collection":[{"href":"https:\/\/lostio.app\/fr\/wp-json\/wp\/v2\/pages"}],"about":[{"href":"https:\/\/lostio.app\/fr\/wp-json\/wp\/v2\/types\/page"}],"author":[{"embeddable":true,"href":"https:\/\/lostio.app\/fr\/wp-json\/wp\/v2\/users\/1"}],"replies":[{"embeddable":true,"href":"https:\/\/lostio.app\/fr\/wp-json\/wp\/v2\/comments?post=21409"}],"version-history":[{"count":0,"href":"https:\/\/lostio.app\/fr\/wp-json\/wp\/v2\/pages\/21409\/revisions"}],"wp:attachment":[{"href":"https:\/\/lostio.app\/fr\/wp-json\/wp\/v2\/media?parent=21409"}],"curies":[{"name":"wp","href":"https:\/\/api.w.org\/{rel}","templated":true}]}}