{"id":17501,"date":"2023-07-13T16:49:39","date_gmt":"2023-07-13T14:49:39","guid":{"rendered":"https:\/\/lostio.app\/mise-a-jour-lost-place\/"},"modified":"2024-06-17T15:54:03","modified_gmt":"2024-06-17T13:54:03","slug":"mise-a-jour-lost-place","status":"publish","type":"page","link":"https:\/\/lostio.app\/fr\/mise-a-jour-lost-place\/","title":{"rendered":"Mise \u00e0 jour Lost Place"},"content":{"rendered":"\t\t<div data-elementor-type=\"wp-page\" data-elementor-id=\"17501\" class=\"elementor elementor-17501 elementor-1841\" data-elementor-post-type=\"page\">\n\t\t\t\t<div class=\"elementor-element elementor-element-9bfa3b2 e-flex e-con-boxed wpr-sticky-section-no wpr-equal-height-no e-con e-parent\" data-id=\"9bfa3b2\" data-element_type=\"container\" data-e-type=\"container\" data-settings=\"{&quot;jet_parallax_layout_list&quot;:[]}\">\n\t\t\t\t\t<div class=\"e-con-inner\">\n\t\t\t\t<div class=\"elementor-element elementor-element-af4adbb elementor-widget elementor-widget-heading\" data-id=\"af4adbb\" data-element_type=\"widget\" data-e-type=\"widget\" data-widget_type=\"heading.default\">\n\t\t\t\t<div class=\"elementor-widget-container\">\n\t\t\t\t\t<h2 class=\"elementor-heading-title elementor-size-default\">Soumettre une mise \u00e0 jour<\/h2>\t\t\t\t<\/div>\n\t\t\t\t<\/div>\n\t\t\t\t<div class=\"elementor-element elementor-element-b02bed0 elementor-widget elementor-widget-text-editor\" data-id=\"b02bed0\" data-element_type=\"widget\" data-e-type=\"widget\" data-widget_type=\"text-editor.default\">\n\t\t\t\t<div class=\"elementor-widget-container\">\n\t\t\t\t\t\t\t\t\t<p>Ici, vous pouvez nous envoyer une mise \u00e0 jour sur un lieu perdu !<br \/>Vous pr\u00e9f\u00e9rez soumettre un nouveau Lost Place ? Utilisez alors l&rsquo;<a href=\"https:\/\/lostio.app\/fr\/nouveau-lost-place\/\">autre formulaire<\/a>.<\/p>\n\t\t\t\t\t\t\t\t<\/div>\n\t\t\t\t<\/div>\n\t\t\t\t<div class=\"elementor-element elementor-element-2fcc546 elementor-widget elementor-widget-jet-engine-booking-form\" data-id=\"2fcc546\" data-element_type=\"widget\" data-e-type=\"widget\" data-widget_type=\"jet-engine-booking-form.default\">\n\t\t\t\t<div class=\"elementor-widget-container\">\n\t\t\t\t\t<form  class=\"jet-form layout-column submit-type-reload\" action=\"\/fr\/wp-json\/wp\/v2\/pages\/17501?jet_engine_action=book&#038;nocache=1777569897\" method=\"POST\" data-form-id=\"1834\"><input class=\"jet-form__field hidden-field\" type=\"hidden\" name=\"_jet_engine_booking_form_id\" value=\"1834\" data-field-name=\"_jet_engine_booking_form_id\"><input class=\"jet-form__field hidden-field\" type=\"hidden\" name=\"_jet_engine_refer\" value=\"https:\/\/lostio.app\/fr\/wp-json\/wp\/v2\/pages\/17501\/\" data-field-name=\"_jet_engine_refer\"><input class=\"jet-form__field hidden-field\" type=\"hidden\" name=\"_jet_engine_nonce\" value=\"2c30752af6\" data-field-name=\"_jet_engine_nonce\"><\/form>\t\t\t\t<\/div>\n\t\t\t\t<\/div>\n\t\t\t\t\t<\/div>\n\t\t\t\t<\/div>\n\t\t\t\t<\/div>\n\t\t","protected":false},"excerpt":{"rendered":"<p>Soumettre une mise \u00e0 jour Ici, vous pouvez nous envoyer une mise \u00e0 jour sur un lieu perdu !Vous pr\u00e9f\u00e9rez soumettre un nouveau Lost Place ? Utilisez alors l&rsquo;autre formulaire. Shortcode* Jeder Lost Place auf lostio hat einen Shortcode. Du findest diesen auf der dazugeh\u00f6rigen Seite. Dieser beginnt mit einem Hashtag (#). Zugang oder Sonstiges Bild aktualisieren Maximum file size: 6 MB Hast du noch ein aktuelles Foto von der Location? Eigenschaften Vandalismus Wachsame Nachbarn Verfallen Eingerichtet Bewacht Legal YouTube-Link Hast du ein Video zu der Location? Einreichen<\/p>\n","protected":false},"author":1,"featured_media":0,"parent":0,"menu_order":0,"comment_status":"closed","ping_status":"closed","template":"elementor_header_footer","meta":{"pmpro_default_level":"","footnotes":""},"class_list":["post-17501","page","type-page","status-publish","hentry","pmpro-has-access"],"_links":{"self":[{"href":"https:\/\/lostio.app\/fr\/wp-json\/wp\/v2\/pages\/17501","targetHints":{"allow":["GET"]}}],"collection":[{"href":"https:\/\/lostio.app\/fr\/wp-json\/wp\/v2\/pages"}],"about":[{"href":"https:\/\/lostio.app\/fr\/wp-json\/wp\/v2\/types\/page"}],"author":[{"embeddable":true,"href":"https:\/\/lostio.app\/fr\/wp-json\/wp\/v2\/users\/1"}],"replies":[{"embeddable":true,"href":"https:\/\/lostio.app\/fr\/wp-json\/wp\/v2\/comments?post=17501"}],"version-history":[{"count":0,"href":"https:\/\/lostio.app\/fr\/wp-json\/wp\/v2\/pages\/17501\/revisions"}],"wp:attachment":[{"href":"https:\/\/lostio.app\/fr\/wp-json\/wp\/v2\/media?parent=17501"}],"curies":[{"name":"wp","href":"https:\/\/api.w.org\/{rel}","templated":true}]}}