{"id":17476,"date":"2023-08-17T12:30:30","date_gmt":"2023-08-17T10:30:30","guid":{"rendered":"https:\/\/lostio.app\/mes-visites\/"},"modified":"2026-04-03T09:33:23","modified_gmt":"2026-04-03T07:33:23","slug":"mes-visites","status":"publish","type":"page","link":"https:\/\/lostio.app\/fr\/mes-visites\/","title":{"rendered":"Mes visites"},"content":{"rendered":"\t\t<div data-elementor-type=\"wp-page\" data-elementor-id=\"17476\" class=\"elementor elementor-17476 elementor-6462\" data-elementor-post-type=\"page\">\n\t\t\t\t<div class=\"elementor-element elementor-element-fa4326a jedv-enabled--yes e-flex e-con-boxed wpr-sticky-section-no wpr-equal-height-no e-con e-parent\" data-id=\"fa4326a\" data-element_type=\"container\" data-e-type=\"container\" data-settings=\"{&quot;jet_parallax_layout_list&quot;:[]}\">\n\t\t\t\t\t<div class=\"e-con-inner\">\n\t\t\t\t<div class=\"elementor-element elementor-element-3c07955 elementor-widget elementor-widget-spacer\" data-id=\"3c07955\" data-element_type=\"widget\" data-e-type=\"widget\" data-widget_type=\"spacer.default\">\n\t\t\t\t<div class=\"elementor-widget-container\">\n\t\t\t\t\t\t\t<div class=\"elementor-spacer\">\n\t\t\t<div class=\"elementor-spacer-inner\"><\/div>\n\t\t<\/div>\n\t\t\t\t\t\t<\/div>\n\t\t\t\t<\/div>\n\t\t\t\t<div class=\"elementor-element elementor-element-d172402 elementor-widget elementor-widget-heading\" data-id=\"d172402\" data-element_type=\"widget\" data-e-type=\"widget\" data-widget_type=\"heading.default\">\n\t\t\t\t<div class=\"elementor-widget-container\">\n\t\t\t\t\t<h2 class=\"elementor-heading-title elementor-size-default\">Oops...<\/h2>\t\t\t\t<\/div>\n\t\t\t\t<\/div>\n\t\t\t\t<div class=\"elementor-element elementor-element-28f8c98 elementor-widget elementor-widget-text-editor\" data-id=\"28f8c98\" data-element_type=\"widget\" data-e-type=\"widget\" data-widget_type=\"text-editor.default\">\n\t\t\t\t<div class=\"elementor-widget-container\">\n\t\t\t\t\t\t\t\t\t<p>Seuls les utilisateurs enregistr\u00e9s ont acc\u00e8s \u00e0 notre base de donn\u00e9es. Vous n&rsquo;\u00eates peut-\u00eatre <a href=\"https:\/\/lostio.app\/fr\/sign-up\/\">pas encore inscrit<\/a> ou <a href=\"https:\/\/lostio.app\/fr\/se-connecter\/\">connect\u00e9<\/a>? <\/p>\n\t\t\t\t\t\t\t\t<\/div>\n\t\t\t\t<\/div>\n\t\t\t\t\t<\/div>\n\t\t\t\t<\/div>\n\t\t\t\t<\/div>\n\t\t","protected":false},"excerpt":{"rendered":"<p>Mes visites Vous trouverez ici vos itin\u00e9raires pour les parcourir confortablement. Vous pouvez choisir entre la vue en carte et la vue en liste. Tour (1)Tour (2) Vue de la carte Vue en liste Bauernhof 117.6 km entfernt Sachsen-Anhalt Bunker 133.5 km entfernt Sachsen-Anhalt Discothek 135.7 km entfernt Sachsen-Anhalt Atomschutzbunk&#8230; 189.1 km entfernt Sachsen-Anhalt M\u00fchle 207.8 km entfernt Brandenburg CCCP Flugschul&#8230; 210.1 km entfernt Brandenburg Testgel\u00e4nde Go&#8230; 233.9 km entfernt Brandenburg Geisterstadt 237.7 km entfernt Brandenburg Ziegelei 241.8 km entfernt Brandenburg Werkstatt f\u00fcr &#8230; 245.5 km entfernt Brandenburg Wohnhaus 249.5 km entfernt Brandenburg Little Prypjat&#8230; 260.9 km entfernt Brandenburg Der \u00d6lprinz 265.0 km entfernt Brandenburg Oops&#8230; Seuls les utilisateurs enregistr\u00e9s ont acc\u00e8s \u00e0 notre base de donn\u00e9es. Vous n&rsquo;\u00eates peut-\u00eatre pas encore inscrit ou connect\u00e9? Bienvenue ! Merci de votre inscription \u00e0 lostio. Pour obtenir un acc\u00e8s illimit\u00e9 \u00e0 notre base de donn\u00e9es, \u00e0 notre moteur de recherche et \u00e0 bien d&rsquo;autres choses encore, un abonnement est n\u00e9cessaire. Cette barri\u00e8re payante n&rsquo;a pas pour but de gagner de l&rsquo;argent, mais d&rsquo;\u00e9loigner l&rsquo;un ou l&rsquo;autre vandale. C&rsquo;est le seul moyen de prot\u00e9ger certains lieux. Vous avez des probl\u00e8mes ou des questions ? Contactez-nous sur Instagram ou par e-mail. Premium 4,99 \u20ac par mois Obtenir une prime ou faites des \u00e9conomies en souscrivant un abonnement annuel !<\/p>\n","protected":false},"author":1,"featured_media":0,"parent":0,"menu_order":0,"comment_status":"closed","ping_status":"closed","template":"elementor_canvas","meta":{"pmpro_default_level":"","footnotes":""},"class_list":["post-17476","page","type-page","status-publish","hentry","pmpro-has-access"],"_links":{"self":[{"href":"https:\/\/lostio.app\/fr\/wp-json\/wp\/v2\/pages\/17476","targetHints":{"allow":["GET"]}}],"collection":[{"href":"https:\/\/lostio.app\/fr\/wp-json\/wp\/v2\/pages"}],"about":[{"href":"https:\/\/lostio.app\/fr\/wp-json\/wp\/v2\/types\/page"}],"author":[{"embeddable":true,"href":"https:\/\/lostio.app\/fr\/wp-json\/wp\/v2\/users\/1"}],"replies":[{"embeddable":true,"href":"https:\/\/lostio.app\/fr\/wp-json\/wp\/v2\/comments?post=17476"}],"version-history":[{"count":0,"href":"https:\/\/lostio.app\/fr\/wp-json\/wp\/v2\/pages\/17476\/revisions"}],"wp:attachment":[{"href":"https:\/\/lostio.app\/fr\/wp-json\/wp\/v2\/media?parent=17476"}],"curies":[{"name":"wp","href":"https:\/\/api.w.org\/{rel}","templated":true}]}}