{"id":17464,"date":"2023-04-07T08:47:42","date_gmt":"2023-04-07T06:47:42","guid":{"rendered":"https:\/\/lostio.app\/lieux-perdus\/"},"modified":"2026-04-09T08:45:36","modified_gmt":"2026-04-09T06:45:36","slug":"lieux-perdus","status":"publish","type":"page","link":"https:\/\/lostio.app\/fr\/lieux-perdus\/","title":{"rendered":"Lieux perdus"},"content":{"rendered":"\t\t<div data-elementor-type=\"wp-page\" data-elementor-id=\"17464\" class=\"elementor elementor-17464 elementor-748\" data-elementor-post-type=\"page\">\n\t\t\t\t<div class=\"elementor-element elementor-element-08e1aa6 jedv-enabled--yes e-flex e-con-boxed wpr-sticky-section-no wpr-equal-height-no e-con e-parent\" data-id=\"08e1aa6\" data-element_type=\"container\" data-e-type=\"container\" data-settings=\"{&quot;jet_parallax_layout_list&quot;:[]}\">\n\t\t\t\t\t<div class=\"e-con-inner\">\n\t\t\t\t<div class=\"elementor-element elementor-element-4aafc9a elementor-widget elementor-widget-spacer\" data-id=\"4aafc9a\" data-element_type=\"widget\" data-e-type=\"widget\" data-widget_type=\"spacer.default\">\n\t\t\t\t<div class=\"elementor-widget-container\">\n\t\t\t\t\t\t\t<div class=\"elementor-spacer\">\n\t\t\t<div class=\"elementor-spacer-inner\"><\/div>\n\t\t<\/div>\n\t\t\t\t\t\t<\/div>\n\t\t\t\t<\/div>\n\t\t\t\t<div class=\"elementor-element elementor-element-be129e4 elementor-widget elementor-widget-heading\" data-id=\"be129e4\" data-element_type=\"widget\" data-e-type=\"widget\" data-widget_type=\"heading.default\">\n\t\t\t\t<div class=\"elementor-widget-container\">\n\t\t\t\t\t<h2 class=\"elementor-heading-title elementor-size-default\">Oops...<\/h2>\t\t\t\t<\/div>\n\t\t\t\t<\/div>\n\t\t\t\t<div class=\"elementor-element elementor-element-8ce9e87 elementor-widget elementor-widget-text-editor\" data-id=\"8ce9e87\" data-element_type=\"widget\" data-e-type=\"widget\" data-widget_type=\"text-editor.default\">\n\t\t\t\t<div class=\"elementor-widget-container\">\n\t\t\t\t\t\t\t\t\t<p>Seuls les utilisateurs enregistr\u00e9s ont acc\u00e8s \u00e0 notre base de donn\u00e9es. Vous n&rsquo;\u00eates peut-\u00eatre <a href=\"https:\/\/lostio.app\/fr\/sign-up\/\">pas encore inscrit<\/a> ou <a href=\"https:\/\/lostio.app\/fr\/se-connecter\/\">connect\u00e9<\/a>?<\/p>\n\t\t\t\t\t\t\t\t<\/div>\n\t\t\t\t<\/div>\n\t\t\t\t\t<\/div>\n\t\t\t\t<\/div>\n\t\t\t\t<\/div>\n\t\t","protected":false},"excerpt":{"rendered":"<p>Carte g\u00e9n\u00e9rale Carte MyMaps Carte d&rsquo;admin Carte S\u00e9lectionner un filtre MyMaps lostio filtre Besuchte ein-\/ausblenden Ausw\u00e4hlenBesuchte einblendenBesuchte ausblenden Kategorie ausw\u00e4hlen Ausw\u00e4hlen Kategorie ausw\u00e4hlen Bunker (0) Fabriken (0) Gastronomie (0) H\u00e4user (0) Hotels (0) Kirch. &amp; Schl\u00f6ss. (0) Krankenh\u00e4user (0) Milit\u00e4r (0) \u00d6ffentliche Geb. (0) Sonstiges (0) Unbekannt (0) Eigenschaften ausw\u00e4hlen Ausw\u00e4hlen Eigenschaften ausw\u00e4hlen Eingerichtet (0) Vandalismus (0) Wachsa. Nachb. (0) Verfallen (0) Bewacht (0) Legal (0) Land ausw\u00e4hlen Ausw\u00e4hlen Land ausw\u00e4hlen Deutschland (0) Belgien (0) Frankreich (0) Italien (0) Luxemburg (0) Schweiz (0) England (0) Irland (0) D\u00e4nemark (0) \u00d6sterreich (0) Niederlande (0) Kroatien (0) Tschechien (0) Polen (0) Spanien (0) Schweden (0) Slowenien (0) Griechenland (0) Tunesien (0) Portugal (0) Bulgarien (0) Island (0) Rum\u00e4nien (0) Ungarn (0) Baltikum (0) Finnland (0) Japan (0) Norwegen (0) USA (0) Kanada (0) Filtres dynamiques Ces filtres sont automatiquement affich\u00e9s ou masqu\u00e9s en fonction des param\u00e8tres ci-dessus. Bundesland ausw\u00e4hlen Ausw\u00e4hlen Bundesland ausw\u00e4hlen Baden-W\u00fcrtt. (0) Bayern (0) Berlin (0) Brandenburg (0) Bremen (0) Hamburg (0) Hessen (0) Mecklenb.-Vor. (0) Niedersachsen (0) Nordrhein-We. (0) Rheinland-Pfalz (0) Saarland (0) Sachsen (0) Sachsen-Anhalt (0) Schleswig-Hol. (0) Th\u00fcringen (0) (0) R\u00e9gions ausw\u00e4hlen Ausw\u00e4hlen R\u00e9gions ausw\u00e4hlen Auvergne-Rh\u00f4ne-Alpes (0) Bourgogne-Franche-Comt\u00e9 (0) Bretagne (0) Centre-Val de L. (0) Grand Est (0) Hauts-de-France (0) \u00cele-de-France (0) Korsika (0) Normandie (0) Nouvelle-Aquit. (0) Okzitanien (0) Pays de la Loire (0) Prov.-Alp.-C\u00f4te. (0) (0) Bundesstaat ausw\u00e4hlen Ausw\u00e4hlen Bundesstaat ausw\u00e4hlen Alabama (0) Alaska (0) Arizona (0) Arkansas (0) Colorado (0) Connecticut (0) Delaware (0) Florida (0) Georgia (0) Hawaii (0) Idaho (0) Illinois (0) Indiana (0) Iowa (0) Kalifornien (0) Kansas (0) Kentucky (0) Louisiana (0) Maine (0) Maryland (0) Massachusetts (0) Michigan (0) Minnesota (0) Mississippi (0) Missouri (0) Montana (0) Nebraska (0) Nevada (0) New Hampshire (0) New Jersey (0) New Mexico (0) New York (0) North Carolina (0) North Dakota (0) Ohio (0) Oklahoma (0) Oregon (0) Pennsylvania (0) Rhode Island (0) South Carolina (0) South Dakota (0) Tennessee (0) Texas (0) Utah (0) Vermont (0) Virginia (0) Washington (0) West Virginia (0) Wisconsin (0) Wyoming (0) (0) Hotel 4.4 km entfernt Th\u00fcringen Wohnhaus 4.6 km entfernt Th\u00fcringen Hotel F\u00fcrstenh&#8230; 4.9 km entfernt Niedersachsen McDonalds 9.3 km entfernt Hessen Uhrenfabrik 13.5 km entfernt Th\u00fcringen Haus 14.6 km entfernt Th\u00fcringen Jagdh\u00fctte 16.4 km entfernt Th\u00fcringen DDR Volksmarin&#8230; 19.6 km entfernt Mecklenburg-Vo&#8230; Haus 24.6 km entfernt Th\u00fcringen DDR Tanzsaal 29.5 km entfernt Th\u00fcringen Oops&#8230; Seuls les utilisateurs enregistr\u00e9s ont acc\u00e8s \u00e0 notre base de donn\u00e9es. Vous n&rsquo;\u00eates peut-\u00eatre pas encore inscrit ou connect\u00e9? Bienvenue ! Merci de votre inscription \u00e0 lostio. Pour obtenir un acc\u00e8s illimit\u00e9 \u00e0 notre base de donn\u00e9es, \u00e0 notre moteur de recherche et \u00e0 bien d&rsquo;autres choses encore, un abonnement est n\u00e9cessaire. Cette barri\u00e8re payante n&rsquo;a pas pour but de gagner de l&rsquo;argent, mais d&rsquo;\u00e9loigner l&rsquo;un ou l&rsquo;autre vandale. C&rsquo;est le seul moyen de prot\u00e9ger certains lieux. Vous avez des probl\u00e8mes ou des questions ? Contactez-nous sur Instagram ou par e-mail. Premium 4,99 \u20ac par mois Obtenir une prime ou faites des \u00e9conomies en souscrivant un abonnement annuel !<\/p>\n","protected":false},"author":1,"featured_media":0,"parent":0,"menu_order":0,"comment_status":"closed","ping_status":"closed","template":"elementor_canvas","meta":{"pmpro_default_level":"","footnotes":""},"class_list":["post-17464","page","type-page","status-publish","hentry","pmpro-has-access"],"_links":{"self":[{"href":"https:\/\/lostio.app\/fr\/wp-json\/wp\/v2\/pages\/17464","targetHints":{"allow":["GET"]}}],"collection":[{"href":"https:\/\/lostio.app\/fr\/wp-json\/wp\/v2\/pages"}],"about":[{"href":"https:\/\/lostio.app\/fr\/wp-json\/wp\/v2\/types\/page"}],"author":[{"embeddable":true,"href":"https:\/\/lostio.app\/fr\/wp-json\/wp\/v2\/users\/1"}],"replies":[{"embeddable":true,"href":"https:\/\/lostio.app\/fr\/wp-json\/wp\/v2\/comments?post=17464"}],"version-history":[{"count":0,"href":"https:\/\/lostio.app\/fr\/wp-json\/wp\/v2\/pages\/17464\/revisions"}],"wp:attachment":[{"href":"https:\/\/lostio.app\/fr\/wp-json\/wp\/v2\/media?parent=17464"}],"curies":[{"name":"wp","href":"https:\/\/api.w.org\/{rel}","templated":true}]}}