{"id":17424,"date":"2023-07-13T09:51:35","date_gmt":"2023-07-13T07:51:35","guid":{"rendered":"https:\/\/lostio.app\/tableau-de-bord\/"},"modified":"2026-04-03T09:19:15","modified_gmt":"2026-04-03T07:19:15","slug":"tableau-de-bord","status":"publish","type":"page","link":"https:\/\/lostio.app\/fr\/tableau-de-bord\/","title":{"rendered":"Tableau de bord"},"content":{"rendered":"\t\t<div data-elementor-type=\"wp-page\" data-elementor-id=\"17424\" class=\"elementor elementor-17424 elementor-1639\" data-elementor-post-type=\"page\">\n\t\t\t\t<div class=\"elementor-element elementor-element-d8b0da9 jedv-enabled--yes e-flex e-con-boxed wpr-sticky-section-no e-con e-parent\" data-id=\"d8b0da9\" data-element_type=\"container\" data-settings=\"{&quot;jet_parallax_layout_list&quot;:[]}\">\n\t\t\t\t\t<div class=\"e-con-inner\">\n\t\t\t\t<div class=\"elementor-element elementor-element-1eb7fc6 elementor-widget elementor-widget-heading\" data-id=\"1eb7fc6\" data-element_type=\"widget\" data-widget_type=\"heading.default\">\n\t\t\t\t<div class=\"elementor-widget-container\">\n\t\t\t<h2 class=\"elementor-heading-title elementor-size-default\">Oops...<\/h2>\t\t<\/div>\n\t\t\t\t<\/div>\n\t\t\t\t<div class=\"elementor-element elementor-element-a809811 elementor-widget elementor-widget-text-editor\" data-id=\"a809811\" data-element_type=\"widget\" data-widget_type=\"text-editor.default\">\n\t\t\t\t<div class=\"elementor-widget-container\">\n\t\t\t\t\t\t\t<p>Seuls les utilisateurs enregistr\u00e9s ont acc\u00e8s au tableau de bord. Vous n&#8217;\u00eates peut-\u00eatre <a href=\"https:\/\/lostio.app\/fr\/sign-up\/\">pas encore inscrit<\/a> ou <a href=\"https:\/\/lostio.app\/fr\/se-connecter\/\">connect\u00e9<\/a>?<\/p>\n\t\t\t\t\t\t<\/div>\n\t\t\t\t<\/div>\n\t\t\t\t\t<\/div>\n\t\t\t\t<\/div>\n\t\t\t\t<\/div>\n\t\t","protected":false},"excerpt":{"rendered":"<p>Tout va bien ? Des portes toujours ouvertes \ud83e\udd19 Invitez vos amis ! Recevez jusqu&#8217;\u00e0 15,00 \u20ac* pour chaque ami invit\u00e9 qui obtient le Premium. Voici votre lien d&#8217;invitation personnel : Joyeux Halloween ! La saison Urbex a largement commenc\u00e9 ! Deswegen habt ihr wieder die M\u00f6glichkeit, euch einen 100 \u20ac Amazon Gutschein zus\u00e4tzlich zum Guthaben zu sichern, indem ihr eure Freunde und Tourpartner zu lostio einladet! Comme toujours, nous mettrons r\u00e9guli\u00e8rement \u00e0 jour le classement ici. Vous verrez alors imm\u00e9diatement quelles sont vos chances. Seuls les amis invit\u00e9s ayant achet\u00e9 au moins un abonnement mensuel Premium seront pris en compte . Erinnert eure Freunde zudem daran, euren Usernamen im Feld &#8220;Angeworben&#8221; bei der Registrierung anzugeben, oder gebt ihnen einfach euren pers\u00f6nlichen Einladungslink. Bonne chance ! Place Nom Invit\u00e9s 1. UrbexKalle 3 2. Sar.04 2 3. Koalajochen 1 Pr\u00eat pour la saison Urbex ? C&#8217;est bient\u00f4t la rentr\u00e9e et nous avons une offre sp\u00e9ciale pour vous. Obtenez d\u00e8s maintenant l&#8217;abonnement annuel \u00e0 lostio pour seulement 39,99 \u20ac 44,99 \u20ac par an ! Pour cela, il vous suffit de saisir le code promotionnel : LOSTIO25 \u00e0 la caisse. Le code promotionnel n&#8217;est valable que jusqu&#8217;au 11.05.2025. Utile &amp; Conseils Installer lostio en tant qu&#8217;application (Apple) lostio est une application web, ce qui signifie que vous pouvez l&#8217;installer sur votre iPhone directement \u00e0 partir de votre navigateur ! Il suffit d&#8217;ajouter le site web \u00e0 votre \u00e9cran d&#8217;accueil pour que votre syst\u00e8me reconnaisse qu&#8217;il s&#8217;agit d&#8217;une application web et l&#8217;ouvre en plein \u00e9cran. Un mode d&#8217;emploi : Ouvrez le navigateur Safari. Acc\u00e9dez \u00e0 la page Web souhait\u00e9e. Appuyez sur le bouton Partager, le petit carr\u00e9 avec la fl\u00e8che vers le haut. D\u00e9veloppez le menu. Vous trouverez ici l&#8217;option &#8220;Vers l&#8217;\u00e9cran d&#8217;accueil&#8221;. Acc\u00e8s au groupe WhatsApp Saviez-vous que nous avons un groupe communautaire WhatsApp? Passez nous voir ! De plus, vous recevrez ici imm\u00e9diatement toutes les annonces de chaque mise \u00e0 jour dans lostio.Ne manquez pas \u00e7a ! Thuringe pr\u00e8s de chez moi ? lostio utilise votre position actuelle pour vous indiquer les lieux perdus \u00e0 proximit\u00e9. Si vous voyez ici des Lost Places de Thuringe \u00e0 environ 4 km, c&#8217;est parce que vous refusez la localisation et n&#8217;accordez pas d&#8217;acc\u00e8s \u00e0 lostio. Contactez notre groupe d&#8217;assistance WhatsApp si vous rencontrez encore des probl\u00e8mes ici. De nombreux utilisateurs d&#8217;iPhone rencontrent des probl\u00e8mes \u00e0 ce niveau. Veillez \u00e0 autoriser la localisation et les services de localisation dans la rubrique &#8220;Confidentialit\u00e9&#8221; sous &#8220;Safari&#8221; dans les param\u00e8tres, car lostio utilise le navigateur Safari. Changer de service de cartographie (Google &amp; Apple) Pour une pr\u00e9sentation coh\u00e9rente, nous utilisons sur lostio la plupart des cartes int\u00e9gr\u00e9es de Google Maps. Cependant, il est bien s\u00fbr possible d&#8217;utiliser Apple Maps pour la navigation. Cela ne concerne cependant que le bouton &#8220;Route&#8221; dans les diff\u00e9rents Lost Places. Vous trouverez le r\u00e9glage correspondant dans vos param\u00e8tres. Vous pouvez y s\u00e9lectionner votre service de cartographie pr\u00e9f\u00e9r\u00e9. lostio n&#8217;est pas aussi joliment color\u00e9 que chez les autres ? Ce probl\u00e8me se produit souvent avec les appareils Samsung et est d\u00fb au mode sombre pr\u00e9d\u00e9fini de votre t\u00e9l\u00e9phone. Le mode sombre forc\u00e9 des appareils ne peut et ne doit m\u00eame pas \u00eatre emp\u00each\u00e9 par nous. Il en r\u00e9sulte que les couleurs et les ic\u00f4nes sont naturellement affich\u00e9es diff\u00e9remment de ce que nous avons pr\u00e9d\u00e9fini. Si cela vous d\u00e9range, nous vous demandons de d\u00e9sactiver le mode sombre. lostio est de toute fa\u00e7on bas\u00e9 sur un design sombre. Int\u00e9grer votre propre carte Google MyMaps Dans lostio, vous pouvez cr\u00e9er un acc\u00e8s rapide \u00e0 votre propre carte Google MyMaps.Pour cela, il n&#8217;est m\u00eame pas n\u00e9cessaire que la carte soit publique, vos lieux sont donc prot\u00e9g\u00e9s et ne sont visibles que par vous.La configuration est unique et se fait en quelques \u00e9tapes.Actuellement, vous devez configurer le tout sur votre PC, car nous ne connaissons pas encore de moyen de copier le lien de la carte sur votre t\u00e9l\u00e9phone. Copiez le lien de votre carte MyMaps.Pour cela, allez dans le mode aper\u00e7u de votre carte et copiez l&#8217;URL correspondante. Allez maintenant dans les param\u00e8tres de profil sur lostio et collez le lien dans le champ pr\u00e9vu \u00e0 cet effet.Enregistrez les modifications apport\u00e9es \u00e0 votre profil. Ensuite, sous la page &#8220;Lieux&#8221;, vous trouverez un nouveau bouton appel\u00e9 MyMaps. Wenn ihr diesen anklickt und mit dem richtigen Account bei Google (Besitzer der Karte) eingeloggt seid, \u00f6ffnet sich eure private MyMaps Karte blitzschnell. Gagner de l&#8217;argent \u00e0 lostio Voici comment cela fonctionne Avec lostio, vous pouvez gagner de l&#8217;argent en tant qu&#8217;utilisateur actif. Ici, sur votre tableau de bord, vous trouverez toujours votre solde actuel. Une fois que vous avez r\u00e9uni 10,00 \u20ac, un bouton de retrait appara\u00eet.Vous ne pouvez retirer votre argent que si vous avez un abonnement Premium.Si vous ne l&#8217;avez pas, vous avez la possibilit\u00e9 d&#8217;encaisser 5,00 \u20ac de votre cr\u00e9dit pour obtenir lostio gratuitement pendant 30 jours ! Mais comment gagner de l&#8217;argent ? Pour ce faire, ouvrez les onglets dont vous avez besoin. Inviter des amis* D\u00e9sormais, chaque utilisateur et utilisatrice de lostio dispose d&#8217;un lien d&#8217;invitation tr\u00e8s personnel. \ud83e\udd73 Comment se compose la r\u00e9mun\u00e9ration ?&#8211; Si votre ami s&#8217;abonne pour un mois, vous recevrez une fois 1,00 \u20ac&#8211; Pour un abonnement de 6 mois, vous recevrez une fois 5,00 \u20ac &#8211; Pour un abonnement annuel, vous recevrez une fois 10,00 \u20ac&#8211; Pour un acc\u00e8s \u00e0 vie, vous recevrez une fois 15,00 \u20ac. Mettre \u00e0 jour et ajouter des lieux perdus Mettre \u00e0 jour Lost Place Bien entendu, vous recevrez \u00e9galement un petit quelque chose pour votre activit\u00e9 ici sur lostio ! Si vous soumettez une image pour un lieu sans image, vous recevrez 0,10 \u20ac. Soumettre un nouveau Lost Place Vous recevez \u00e9galement un peu de cr\u00e9dit pour un nouveau Lost Place ! A condition que toutes les informations soient compl\u00e8tes et qu&#8217;une photo soit jointe. Si vous signalez un nouveau lieu perdu, y compris une image, des caract\u00e9ristiques et une description, vous recevrez 0,15 \u20ac. \u00c9v\u00e9nements &amp; concours Vous pouvez \u00e9galement gagner des cr\u00e9dits suppl\u00e9mentaires<\/p>\n","protected":false},"author":1,"featured_media":0,"parent":0,"menu_order":0,"comment_status":"closed","ping_status":"closed","template":"elementor_canvas","meta":{"pmpro_default_level":"","footnotes":""},"_links":{"self":[{"href":"https:\/\/lostio.app\/fr\/wp-json\/wp\/v2\/pages\/17424"}],"collection":[{"href":"https:\/\/lostio.app\/fr\/wp-json\/wp\/v2\/pages"}],"about":[{"href":"https:\/\/lostio.app\/fr\/wp-json\/wp\/v2\/types\/page"}],"author":[{"embeddable":true,"href":"https:\/\/lostio.app\/fr\/wp-json\/wp\/v2\/users\/1"}],"replies":[{"embeddable":true,"href":"https:\/\/lostio.app\/fr\/wp-json\/wp\/v2\/comments?post=17424"}],"version-history":[{"count":0,"href":"https:\/\/lostio.app\/fr\/wp-json\/wp\/v2\/pages\/17424\/revisions"}],"wp:attachment":[{"href":"https:\/\/lostio.app\/fr\/wp-json\/wp\/v2\/media?parent=17424"}],"curies":[{"name":"wp","href":"https:\/\/api.w.org\/{rel}","templated":true}]}}