{"id":17414,"date":"2023-07-19T06:13:15","date_gmt":"2023-07-19T04:13:15","guid":{"rendered":"https:\/\/lostio.app\/conditions-generales-de-vente\/"},"modified":"2024-06-17T15:44:50","modified_gmt":"2024-06-17T13:44:50","slug":"conditions-generales-de-vente","status":"publish","type":"page","link":"https:\/\/lostio.app\/fr\/conditions-generales-de-vente\/","title":{"rendered":"CONDITIONS G\u00c9N\u00c9RALES DE VENTE"},"content":{"rendered":"\t\t<div data-elementor-type=\"wp-page\" data-elementor-id=\"17414\" class=\"elementor elementor-17414 elementor-3988\" data-elementor-post-type=\"page\">\n\t\t\t\t<div class=\"elementor-element elementor-element-605ab00 e-flex e-con-boxed wpr-sticky-section-no wpr-equal-height-no e-con e-parent\" data-id=\"605ab00\" data-element_type=\"container\" data-e-type=\"container\" data-settings=\"{&quot;jet_parallax_layout_list&quot;:[]}\">\n\t\t\t\t\t<div class=\"e-con-inner\">\n\t\t\t\t<div class=\"elementor-element elementor-element-ba61fd2 elementor-widget elementor-widget-heading\" data-id=\"ba61fd2\" data-element_type=\"widget\" data-e-type=\"widget\" data-widget_type=\"heading.default\">\n\t\t\t\t<div class=\"elementor-widget-container\">\n\t\t\t\t\t<h2 class=\"elementor-heading-title elementor-size-default\">CONDITIONS G\u00c9N\u00c9RALES DE VENTE<\/h2>\t\t\t\t<\/div>\n\t\t\t\t<\/div>\n\t\t\t\t<div class=\"elementor-element elementor-element-ed8f706 elementor-widget elementor-widget-text-editor\" data-id=\"ed8f706\" data-element_type=\"widget\" data-e-type=\"widget\" data-widget_type=\"text-editor.default\">\n\t\t\t\t<div class=\"elementor-widget-container\">\n\t\t\t\t\t\t\t\t\t<div class=\"typo-header\">\n<h4 class=\"typo-header__headline\">\u00a7 1 G\u00e9n\u00e9ralit\u00e9s &#8211; Champ d&rsquo;application<\/h4>\n<\/div>\n<div id=\"1allgemeinesgeltungsbereich\" class=\"content\">\n<div>\n<p>1.1 Les conditions g\u00e9n\u00e9rales d&rsquo;abonnement suivantes (ci-apr\u00e8s \u00ab\u00a0CG\u00a0\u00bb) s&rsquo;appliquent exclusivement \u00e0 la conclusion de contrats d&rsquo;abonnement pour l&rsquo;achat de packs premium sur lostio, Oderblick 12a, 38312 Dorstadt, Directeur : Christopher Leps, E-mail : <a class=\"keychainify-checked\" href=\"mailto:info@lostio.app\">info@lostio.app<\/a> (\u00ab\u00a0ci-apr\u00e8s \u00ab\u00a0lostio\u00a0\u00bb) sous le domaine <a class=\"keychainify-checked\" href=\"http:\/\/www.lostio.app\">www.lostio.app.<\/a><\/p>\n<p>1.2 lostio exploite le site web pour l&rsquo;achat des forfaits premium et devient le partenaire contractuel des clients.<\/p>\n<p>1.3 Les pr\u00e9sentes conditions g\u00e9n\u00e9rales s&rsquo;appliquent exclusivement aux relations avec les consommateurs. Le consommateur est toute personne physique qui conclut un acte juridique \u00e0 des fins qui, pour l&rsquo;essentiel, ne peuvent \u00eatre attribu\u00e9es ni \u00e0 son activit\u00e9 commerciale ni \u00e0 son activit\u00e9 professionnelle ind\u00e9pendante.<\/p>\n<p>1.4 Le client peut choisir et acheter un abonnement sur lostio. Une fois le contrat conclu et le paiement effectu\u00e9, le client obtient l&rsquo;acc\u00e8s lostio Premium pour la dur\u00e9e de l&rsquo;abonnement.<\/p>\n<\/div>\n<\/div>\n<div id=\"2vertragsschluss\" class=\"content\">\n<h4>\u00a7 2 Conclusion du contrat<\/h4>\n<div>\n<p>2.1 Les abonnements \u00e0 l&rsquo;acc\u00e8s premium propos\u00e9s sur lostio constituent une invitation non contraignante pour le client \u00e0 souscrire un abonnement.<\/p>\n<p>2.2 Apr\u00e8s avoir choisi un abonnement, le client saisit les donn\u00e9es n\u00e9cessaires \u00e0 la conclusion du contrat (pr\u00e9nom et nom, adresse e-mail, adresse(s) de paiement et de livraison, le cas \u00e9ch\u00e9ant). donn\u00e9es de paiement).<\/p>\n<p>2.3 Sur la page de conclusion du contrat suivante, le client passe une commande ferme pour l&rsquo;abonnement correspondant en cliquant sur le bouton \u00ab\u00a0Check out with PayPal\u00a0\u00bb.<\/p>\n<p>2.4 lostio confirme imm\u00e9diatement au client la conclusion de sa commande ainsi que la conclusion du contrat par e-mail. Le contrat est conclu \u00e0 la r\u00e9ception par le client de l&rsquo;e-mail de confirmation de lostio.<\/p>\n<p>2.5 Le texte du contrat n&rsquo;est pas enregistr\u00e9 par le vendeur et ne peut pas \u00eatre consult\u00e9 apr\u00e8s la conclusion du contrat. Le client a toutefois la possibilit\u00e9, lors de la conclusion du contrat, de consulter et d&rsquo;enregistrer les dispositions contractuelles, y compris les pr\u00e9sentes CGV.<\/p>\n<p>2.7 Seule la langue allemande est disponible pour la conclusion du contrat.<\/p>\n<\/div>\n<\/div>\n<div id=\"3preiseundzahlung\" class=\"content\">\n<h4>\u00a7 3 Prix et paiement<\/h4>\n<div>\n<p>3.1 Les prix affich\u00e9s sur lostio sont en euros. Le cas \u00e9ch\u00e9ant, des taxes suppl\u00e9mentaires telles que la TVA ou des frais peuvent s&rsquo;appliquer.<\/p>\n<p>3.2 Commandes en provenance de pays non europ\u00e9ens :<\/p>\n<ul class=\"cust-tmce-paragraph\">\n<li>\n<p>Ces prix sont \u00e9galement valables pour les pays non europ\u00e9ens, comme la Suisse et l&rsquo;outre-mer.<\/p>\n<\/li>\n<\/ul>\n<p>3.3 L&rsquo;ex\u00e9cution du contrat, la facturation et l&rsquo;encaissement des paiements sont effectu\u00e9s par le prestataire de services de paiement PayPal et par lostio.<\/p>\n<p>3.4 Les prix sont payables et factur\u00e9s \u00e0 l&rsquo;avance, mensuellement, semestriellement ou annuellement, selon l&rsquo;abonnement choisi, au moment de la conclusion du contrat. La premi\u00e8re date de facturation est le jour de la souscription de l&rsquo;abonnement. L&rsquo;envoi de la facture au client se fait par mail.<\/p>\n<p>3.5 Le paiement du client s&rsquo;effectue via l&rsquo;une des deux options de paiement propos\u00e9es par lostio et s\u00e9lectionn\u00e9es par le client dans le cadre de sa commande, paiement par PayPal ou virement bancaire.<\/p>\n<p>3.6 Si le client choisit de payer par virement bancaire, il doit virer le montant de la facture sur le compte indiqu\u00e9 sur la facture d\u00e8s r\u00e9ception de celle-ci, \u00e0 compter de la date de facturation. Aucune activation de l&rsquo;acc\u00e8s premium n&rsquo;aura lieu avant cela.<\/p>\n<p>3.7 Si le client choisit de payer par PayPal, le pr\u00e9l\u00e8vement est effectu\u00e9 imm\u00e9diatement \u00e0 partir de la date de la facture, sauf si le compte priv\u00e9 PayPal est s\u00e9lectionn\u00e9 et indiqu\u00e9 autrement.<\/p>\n<\/div>\n<\/div>\n<div id=\"4lieferung\" class=\"content\">\n<h4>\u00a7 4 Livraison<\/h4>\n<div>\n<p>L&rsquo;abonnement et le pack premium sont livr\u00e9s imm\u00e9diatement apr\u00e8s r\u00e9ception du paiement.<\/p>\n<\/div>\n<\/div>\n<div id=\"5widerrufsrechtfrabonnementvertrge\" class=\"content\">\n<h4>\u00a7 5 Droit de r\u00e9tractation pour les contrats d&rsquo;abonnement<\/h4>\n<p>Comme il s&rsquo;agit d&rsquo;un service num\u00e9rique, votre droit de r\u00e9tractation expire imm\u00e9diatement apr\u00e8s la conclusion du contrat, conform\u00e9ment \u00e0 l&rsquo;article 356, paragraphe 4, du code civil allemand et \u00e0 l&rsquo;article 356, paragraphe 5, du code civil allemand, car l&rsquo;acc\u00e8s premium est imm\u00e9diatement utilisable.<\/p>\n<\/div>\n<div id=\"6laufzeitkndigung\" class=\"content\">\n<h4>\u00a7 6 Dur\u00e9e\/r\u00e9siliation<\/h4>\n<div>\n<p>6.1 La dur\u00e9e d&rsquo;un abonnement est d&rsquo;un (1), six (6) ou douze (12) mois (\u00ab\u00a0P\u00e9riode d&rsquo;abonnement\u00a0\u00bb), au choix du Client.<\/p>\n<p>6.2 Un abonnement est automatiquement renouvel\u00e9 pour la p\u00e9riode contractuelle choisie par le client, \u00e0 moins qu&rsquo;il ne soit r\u00e9sili\u00e9 avant.<\/p>\n<p>6.3 Un abonnement \u00e0 lostio peut \u00eatre r\u00e9sili\u00e9 \u00e0 tout moment. Pour r\u00e9silier, il suffit de mettre fin \u00e0 l&rsquo;abonnement via les param\u00e8tres personnels du compte sur lostio.<\/p>\n<p>6.4 En cas de r\u00e9siliation avant la fin de la p\u00e9riode contractuelle, le client dispose de l&rsquo;acc\u00e8s premium jusqu&rsquo;\u00e0 la fin de la p\u00e9riode contractuelle d\u00e9j\u00e0 factur\u00e9e et pay\u00e9e.<\/p>\n<p>6.5 lostio peut, dans des cas particuliers (dommage contre lostio, par exemple diffamation par l&rsquo;utilisateur, copie et partage de contenu premium), r\u00e9silier le contrat \u00e0 tout moment avant son terme, malgr\u00e9 le paiement d\u00e9j\u00e0 effectu\u00e9. lostio n&rsquo;est pas tenu de contre-passer le paiement d\u00e9j\u00e0 effectu\u00e9. En outre, lostio a le droit d&rsquo;intenter une action en justice contre les personnes concern\u00e9es, notamment en cas de vol de biens et de diffamation.<\/p>\n<p>6.6 Votre droit d&rsquo;utilisation contractuel ne vous autorise pas non plus \u00e0 communiquer vos donn\u00e9es d&rsquo;acc\u00e8s \u00e0 des tiers. Si nos syst\u00e8mes signalent une activit\u00e9 inhabituelle dans leurs fichiers journaux, lostio se r\u00e9serve le droit de suspendre le compte \u00e0 tout moment.<\/p>\n<\/div>\n<\/div>\n<div id=\"8haftung\" class=\"content\">\n<h4>\u00a7 7 Responsabilit\u00e9<\/h4>\n<div>\n<p>7.1 lostio est responsable de mani\u00e8re illimit\u00e9e en cas de faute intentionnelle ou de n\u00e9gligence grave.<\/p>\n<p>7.2 En cas de violation par n\u00e9gligence l\u00e9g\u00e8re d&rsquo;une obligation principale (\u00ab\u00a0obligation cardinale\u00a0\u00bb), la responsabilit\u00e9 de lostio est limit\u00e9e aux dommages pr\u00e9visibles, typiques du contrat et directs au moment de la conclusion du contrat. Les obligations principales sont celles dont la violation compromet la r\u00e9alisation de l&rsquo;objectif du contrat ou dont l&rsquo;ex\u00e9cution permet la bonne ex\u00e9cution du contrat et dont le client peut r\u00e9guli\u00e8rement attendre le respect.<\/p>\n<p>7.3 En cas de violation par n\u00e9gligence l\u00e9g\u00e8re d&rsquo;une obligation contractuelle accessoire, la responsabilit\u00e9 de lostio est exclue.<\/p>\n<p>7.4 Dans la mesure o\u00f9 la responsabilit\u00e9 de lostio est exclue ou limit\u00e9e en vertu des dispositions ci-dessus, cette exclusion ou limitation s&rsquo;applique \u00e9galement aux employ\u00e9s, organes et auxiliaires d&rsquo;ex\u00e9cution du vendeur.<\/p>\n<p>7.5 Les limitations et exclusions de responsabilit\u00e9 des points 8.2 \u00e0 7.4 ne s&rsquo;appliquent pas en cas de responsabilit\u00e9 l\u00e9gale obligatoire ind\u00e9pendante de la faute (par exemple selon la loi sur la responsabilit\u00e9 du fait des produits), en cas d&rsquo;acceptation d&rsquo;une garantie ind\u00e9pendante de la faute et en cas d&rsquo;atteinte \u00e0 la sant\u00e9, au corps ou \u00e0 la vie.<\/p>\n<h4>\u00a7 8 Envoi de la newsletter<\/h4>\n<p>En s&rsquo;inscrivant, l&rsquo;utilisateur accepte d&rsquo;\u00eatre automatiquement ajout\u00e9 \u00e0 notre liste de diffusion. Il est possible de se d\u00e9sabonner de la newsletter \u00e0 tout moment en envoyant le mail correspondant.<\/p>\n<\/div>\n<\/div>\n<div id=\"9verbraucherstreitbeilegung\" class=\"content\">\n<h4>\u00a7 9 R\u00e8glement des litiges de consommation<\/h4>\n<div>\n<p>lostio n&rsquo;est pas tenu de participer \u00e0 des proc\u00e9dures de r\u00e8glement des litiges devant un organisme de conciliation des consommateurs conform\u00e9ment \u00e0 la loi sur le r\u00e8glement des litiges de consommation (VSGB). La plate-forme de la Commission europ\u00e9enne pour le r\u00e8glement en ligne des litiges est disponible \u00e0 l&rsquo;adresse <a class=\"keychainify-checked\" href=\"https:\/\/ec.europa.eu\/consumers\/odr\/\" rel=\"nofollow noopener\" target=\"_blank\">https:\/\/ec.europa.eu\/consumers\/odr\/.<\/a> Vous pouvez contacter le vendeur \u00e0 l&rsquo;adresse <a href=\"mailto:info@lostio.app\">info@lostio.app.<\/a><\/p>\n<\/div>\n<\/div>\n<div id=\"10schlussbestimmungen\" class=\"content\">\n<h4>\u00a7 10 Dispositions finales<\/h4>\n<div>\n<p>9.1 Le droit applicable est celui de la R\u00e9publique f\u00e9d\u00e9rale d&rsquo;Allemagne. Le tribunal comp\u00e9tent pour tous les litiges en rapport avec le pr\u00e9sent contrat est Wolfenb\u00fcttel.<\/p>\n<p>9.2 Il n&rsquo;est pas d\u00e9rog\u00e9 aux dispositions auxquelles il ne peut \u00eatre d\u00e9rog\u00e9 par convention en vertu de la loi du pays dans lequel le client a sa r\u00e9sidence habituelle.<\/p>\n<p>9.3 Si certaines dispositions du pr\u00e9sent contrat sont invalides ou inex\u00e9cutables ou le deviennent apr\u00e8s la conclusion du contrat, la validit\u00e9 du reste du contrat n&rsquo;en sera pas affect\u00e9e. La disposition invalide ou inex\u00e9cutable doit \u00eatre remplac\u00e9e par une disposition valide et ex\u00e9cutable dont les effets correspondent \u00e0 ceux de la disposition \u00e9conomique. Les parties s&rsquo;engagent \u00e0 ce que la disposition invalide ou inapplicable soit la plus proche possible de l&rsquo;objectif poursuivi par les parties. Les dispositions ci-dessus s&rsquo;appliquent mutatis mutandis au cas o\u00f9 le contrat s&rsquo;av\u00e9rerait incomplet.<\/p>\n<p>Mise \u00e0 jour : avril 2024<\/p>\n<\/div>\n<\/div>\n\t\t\t\t\t\t\t\t<\/div>\n\t\t\t\t<\/div>\n\t\t\t\t\t<\/div>\n\t\t\t\t<\/div>\n\t\t\t\t<\/div>\n\t\t","protected":false},"excerpt":{"rendered":"<p>CONDITIONS G\u00c9N\u00c9RALES DE VENTE \u00a7 1 G\u00e9n\u00e9ralit\u00e9s &#8211; Champ d&rsquo;application 1.1 Les conditions g\u00e9n\u00e9rales d&rsquo;abonnement suivantes (ci-apr\u00e8s \u00ab\u00a0CG\u00a0\u00bb) s&rsquo;appliquent exclusivement \u00e0 la conclusion de contrats d&rsquo;abonnement pour l&rsquo;achat de packs premium sur lostio, Oderblick 12a, 38312 Dorstadt, Directeur : Christopher Leps, E-mail : info@lostio.app (\u00ab\u00a0ci-apr\u00e8s \u00ab\u00a0lostio\u00a0\u00bb) sous le domaine www.lostio.app. 1.2 lostio exploite le site web pour l&rsquo;achat des forfaits premium et devient le partenaire contractuel des clients. 1.3 Les pr\u00e9sentes conditions g\u00e9n\u00e9rales s&rsquo;appliquent exclusivement aux relations avec les consommateurs. Le consommateur est toute personne physique qui conclut un acte juridique \u00e0 des fins qui, pour l&rsquo;essentiel, ne peuvent \u00eatre attribu\u00e9es ni \u00e0 son activit\u00e9 commerciale ni \u00e0 son activit\u00e9 professionnelle ind\u00e9pendante. 1.4 Le client peut choisir et acheter un abonnement sur lostio. Une fois le contrat conclu et le paiement effectu\u00e9, le client obtient l&rsquo;acc\u00e8s lostio Premium pour la dur\u00e9e de l&rsquo;abonnement. \u00a7 2 Conclusion du contrat 2.1 Les abonnements \u00e0 l&rsquo;acc\u00e8s premium propos\u00e9s sur lostio constituent une invitation non contraignante pour le client \u00e0 souscrire un abonnement. 2.2 Apr\u00e8s avoir choisi un abonnement, le client saisit les donn\u00e9es n\u00e9cessaires \u00e0 la conclusion du contrat (pr\u00e9nom et nom, adresse e-mail, adresse(s) de paiement et de livraison, le cas \u00e9ch\u00e9ant). donn\u00e9es de paiement). 2.3 Sur la page de conclusion du contrat suivante, le client passe une commande ferme pour l&rsquo;abonnement correspondant en cliquant sur le bouton \u00ab\u00a0Check out with PayPal\u00a0\u00bb. 2.4 lostio confirme imm\u00e9diatement au client la conclusion de sa commande ainsi que la conclusion du contrat par e-mail. Le contrat est conclu \u00e0 la r\u00e9ception par le client de l&rsquo;e-mail de confirmation de lostio. 2.5 Le texte du contrat n&rsquo;est pas enregistr\u00e9 par le vendeur et ne peut pas \u00eatre consult\u00e9 apr\u00e8s la conclusion du contrat. Le client a toutefois la possibilit\u00e9, lors de la conclusion du contrat, de consulter et d&rsquo;enregistrer les dispositions contractuelles, y compris les pr\u00e9sentes CGV. 2.7 Seule la langue allemande est disponible pour la conclusion du contrat. \u00a7 3 Prix et paiement 3.1 Les prix affich\u00e9s sur lostio sont en euros. Le cas \u00e9ch\u00e9ant, des taxes suppl\u00e9mentaires telles que la TVA ou des frais peuvent s&rsquo;appliquer. 3.2 Commandes en provenance de pays non europ\u00e9ens : Ces prix sont \u00e9galement valables pour les pays non europ\u00e9ens, comme la Suisse et l&rsquo;outre-mer. 3.3 L&rsquo;ex\u00e9cution du contrat, la facturation et l&rsquo;encaissement des paiements sont effectu\u00e9s par le prestataire de services de paiement PayPal et par lostio. 3.4 Les prix sont payables et factur\u00e9s \u00e0 l&rsquo;avance, mensuellement, semestriellement ou annuellement, selon l&rsquo;abonnement choisi, au moment de la conclusion du contrat. La premi\u00e8re date de facturation est le jour de la souscription de l&rsquo;abonnement. L&rsquo;envoi de la facture au client se fait par mail. 3.5 Le paiement du client s&rsquo;effectue via l&rsquo;une des deux options de paiement propos\u00e9es par lostio et s\u00e9lectionn\u00e9es par le client dans le cadre de sa commande, paiement par PayPal ou virement bancaire. 3.6 Si le client choisit de payer par virement bancaire, il doit virer le montant de la facture sur le compte indiqu\u00e9 sur la facture d\u00e8s r\u00e9ception de celle-ci, \u00e0 compter de la date de facturation. Aucune activation de l&rsquo;acc\u00e8s premium n&rsquo;aura lieu avant cela. 3.7 Si le client choisit de payer par PayPal, le pr\u00e9l\u00e8vement est effectu\u00e9 imm\u00e9diatement \u00e0 partir de la date de la facture, sauf si le compte priv\u00e9 PayPal est s\u00e9lectionn\u00e9 et indiqu\u00e9 autrement. \u00a7 4 Livraison L&rsquo;abonnement et le pack premium sont livr\u00e9s imm\u00e9diatement apr\u00e8s r\u00e9ception du paiement. \u00a7 5 Droit de r\u00e9tractation pour les contrats d&rsquo;abonnement Comme il s&rsquo;agit d&rsquo;un service num\u00e9rique, votre droit de r\u00e9tractation expire imm\u00e9diatement apr\u00e8s la conclusion du contrat, conform\u00e9ment \u00e0 l&rsquo;article 356, paragraphe 4, du code civil allemand et \u00e0 l&rsquo;article 356, paragraphe 5, du code civil allemand, car l&rsquo;acc\u00e8s premium est imm\u00e9diatement utilisable. \u00a7 6 Dur\u00e9e\/r\u00e9siliation 6.1 La dur\u00e9e d&rsquo;un abonnement est d&rsquo;un (1), six (6) ou douze (12) mois (\u00ab\u00a0P\u00e9riode d&rsquo;abonnement\u00a0\u00bb), au choix du Client. 6.2 Un abonnement est automatiquement renouvel\u00e9 pour la p\u00e9riode contractuelle choisie par le client, \u00e0 moins qu&rsquo;il ne soit r\u00e9sili\u00e9 avant. 6.3 Un abonnement \u00e0 lostio peut \u00eatre r\u00e9sili\u00e9 \u00e0 tout moment. Pour r\u00e9silier, il suffit de mettre fin \u00e0 l&rsquo;abonnement via les param\u00e8tres personnels du compte sur lostio. 6.4 En cas de r\u00e9siliation avant la fin de la p\u00e9riode contractuelle, le client dispose de l&rsquo;acc\u00e8s premium jusqu&rsquo;\u00e0 la fin de la p\u00e9riode contractuelle d\u00e9j\u00e0 factur\u00e9e et pay\u00e9e. 6.5 lostio peut, dans des cas particuliers (dommage contre lostio, par exemple diffamation par l&rsquo;utilisateur, copie et partage de contenu premium), r\u00e9silier le contrat \u00e0 tout moment avant son terme, malgr\u00e9 le paiement d\u00e9j\u00e0 effectu\u00e9. lostio n&rsquo;est pas tenu de contre-passer le paiement d\u00e9j\u00e0 effectu\u00e9. En outre, lostio a le droit d&rsquo;intenter une action en justice contre les personnes concern\u00e9es, notamment en cas de vol de biens et de diffamation. 6.6 Votre droit d&rsquo;utilisation contractuel ne vous autorise pas non plus \u00e0 communiquer vos donn\u00e9es d&rsquo;acc\u00e8s \u00e0 des tiers. Si nos syst\u00e8mes signalent une activit\u00e9 inhabituelle dans leurs fichiers journaux, lostio se r\u00e9serve le droit de suspendre le compte \u00e0 tout moment. \u00a7 7 Responsabilit\u00e9 7.1 lostio est responsable de mani\u00e8re illimit\u00e9e en cas de faute intentionnelle ou de n\u00e9gligence grave. 7.2 En cas de violation par n\u00e9gligence l\u00e9g\u00e8re d&rsquo;une obligation principale (\u00ab\u00a0obligation cardinale\u00a0\u00bb), la responsabilit\u00e9 de lostio est limit\u00e9e aux dommages pr\u00e9visibles, typiques du contrat et directs au moment de la conclusion du contrat. Les obligations principales sont celles dont la violation compromet la r\u00e9alisation de l&rsquo;objectif du contrat ou dont l&rsquo;ex\u00e9cution permet la bonne ex\u00e9cution du contrat et dont le client peut r\u00e9guli\u00e8rement attendre le respect. 7.3 En cas de violation par n\u00e9gligence l\u00e9g\u00e8re d&rsquo;une obligation contractuelle accessoire, la responsabilit\u00e9 de lostio est exclue. 7.4 Dans la mesure o\u00f9 la responsabilit\u00e9 de lostio est exclue ou limit\u00e9e en vertu des dispositions ci-dessus, cette exclusion ou limitation s&rsquo;applique \u00e9galement aux employ\u00e9s, organes et auxiliaires d&rsquo;ex\u00e9cution du vendeur. 7.5 Les limitations et exclusions de responsabilit\u00e9 des points 8.2 \u00e0 7.4 ne s&rsquo;appliquent pas en cas de responsabilit\u00e9 l\u00e9gale obligatoire ind\u00e9pendante de la faute (par exemple<\/p>\n","protected":false},"author":1,"featured_media":0,"parent":0,"menu_order":0,"comment_status":"closed","ping_status":"closed","template":"elementor_canvas","meta":{"pmpro_default_level":"","footnotes":""},"class_list":["post-17414","page","type-page","status-publish","hentry","pmpro-has-access"],"_links":{"self":[{"href":"https:\/\/lostio.app\/fr\/wp-json\/wp\/v2\/pages\/17414","targetHints":{"allow":["GET"]}}],"collection":[{"href":"https:\/\/lostio.app\/fr\/wp-json\/wp\/v2\/pages"}],"about":[{"href":"https:\/\/lostio.app\/fr\/wp-json\/wp\/v2\/types\/page"}],"author":[{"embeddable":true,"href":"https:\/\/lostio.app\/fr\/wp-json\/wp\/v2\/users\/1"}],"replies":[{"embeddable":true,"href":"https:\/\/lostio.app\/fr\/wp-json\/wp\/v2\/comments?post=17414"}],"version-history":[{"count":0,"href":"https:\/\/lostio.app\/fr\/wp-json\/wp\/v2\/pages\/17414\/revisions"}],"wp:attachment":[{"href":"https:\/\/lostio.app\/fr\/wp-json\/wp\/v2\/media?parent=17414"}],"curies":[{"name":"wp","href":"https:\/\/api.w.org\/{rel}","templated":true}]}}