{"id":21434,"date":"2023-07-16T13:52:34","date_gmt":"2023-07-16T11:52:34","guid":{"rendered":"https:\/\/lostio.app\/mapa-general\/"},"modified":"2026-04-03T09:31:03","modified_gmt":"2026-04-03T07:31:03","slug":"mapa-general","status":"publish","type":"page","link":"https:\/\/lostio.app\/es\/mapa-general\/","title":{"rendered":"Mapa general"},"content":{"rendered":"\t\t<div data-elementor-type=\"wp-page\" data-elementor-id=\"21434\" class=\"elementor elementor-21434 elementor-3185\" data-elementor-post-type=\"page\">\n\t\t\t\t<div class=\"elementor-element elementor-element-28e0c57 jedv-enabled--yes e-flex e-con-boxed wpr-sticky-section-no wpr-equal-height-no e-con e-parent\" data-id=\"28e0c57\" data-element_type=\"container\" data-e-type=\"container\" data-settings=\"{&quot;jet_parallax_layout_list&quot;:[]}\">\n\t\t\t\t\t<div class=\"e-con-inner\">\n\t\t\t\t<div class=\"elementor-element elementor-element-0b268a8 elementor-widget elementor-widget-spacer\" data-id=\"0b268a8\" data-element_type=\"widget\" data-e-type=\"widget\" data-widget_type=\"spacer.default\">\n\t\t\t\t<div class=\"elementor-widget-container\">\n\t\t\t\t\t\t\t<div class=\"elementor-spacer\">\n\t\t\t<div class=\"elementor-spacer-inner\"><\/div>\n\t\t<\/div>\n\t\t\t\t\t\t<\/div>\n\t\t\t\t<\/div>\n\t\t\t\t<div class=\"elementor-element elementor-element-1f292e7 elementor-widget elementor-widget-heading\" data-id=\"1f292e7\" data-element_type=\"widget\" data-e-type=\"widget\" data-widget_type=\"heading.default\">\n\t\t\t\t<div class=\"elementor-widget-container\">\n\t\t\t\t\t<h2 class=\"elementor-heading-title elementor-size-default\">Uy...<\/h2>\t\t\t\t<\/div>\n\t\t\t\t<\/div>\n\t\t\t\t<div class=\"elementor-element elementor-element-0b61443 elementor-widget elementor-widget-text-editor\" data-id=\"0b61443\" data-element_type=\"widget\" data-e-type=\"widget\" data-widget_type=\"text-editor.default\">\n\t\t\t\t<div class=\"elementor-widget-container\">\n\t\t\t\t\t\t\t\t\t<p>S\u00f3lo los usuarios registrados tienen acceso a nuestra base de datos. \u00bfQuiz\u00e1 a\u00fan no est\u00e1s <a href=\"https:\/\/lostio.app\/es\/inscribete\/\">registrado<\/a> o no has <a href=\"https:\/\/lostio.app\/es\/iniciar-sesion\/\">iniciado sesi\u00f3n<\/a>? <\/p>\n\t\t\t\t\t\t\t\t<\/div>\n\t\t\t\t<\/div>\n\t\t\t\t\t<\/div>\n\t\t\t\t<\/div>\n\t\t\t\t<\/div>\n\t\t","protected":false},"excerpt":{"rendered":"<p>Mapa general Obt\u00e9n una visi\u00f3n completa de todos los lugares perdidos registrados en lostio. Tambi\u00e9n puedes buscar c\u00f3modamente una ciudad y establecer el radio correspondiente. Si acabas en Eisenach, comprueba la aprobaci\u00f3n de tu ubicaci\u00f3n. Uy&#8230; S\u00f3lo los usuarios registrados tienen acceso a nuestra base de datos. \u00bfQuiz\u00e1 a\u00fan no est\u00e1s registrado o no has iniciado sesi\u00f3n? \u00a1Bienvenido a nuestro sitio web! Gracias por registrarte en lostio. Para obtener acceso ilimitado a nuestra base de datos, motor de b\u00fasqueda y mucho m\u00e1s, es necesaria una suscripci\u00f3n. Este obst\u00e1culo de pago no es para ganar dinero, sino para mantener alejado a alg\u00fan que otro v\u00e1ndalo. S\u00f3lo as\u00ed podemos proteger ciertos lugares. Premium 4,99 \u20ac al mes Conseguir Premium<\/p>\n","protected":false},"author":1,"featured_media":0,"parent":0,"menu_order":0,"comment_status":"closed","ping_status":"closed","template":"elementor_canvas","meta":{"pmpro_default_level":"","footnotes":""},"class_list":["post-21434","page","type-page","status-publish","hentry","pmpro-has-access"],"_links":{"self":[{"href":"https:\/\/lostio.app\/es\/wp-json\/wp\/v2\/pages\/21434","targetHints":{"allow":["GET"]}}],"collection":[{"href":"https:\/\/lostio.app\/es\/wp-json\/wp\/v2\/pages"}],"about":[{"href":"https:\/\/lostio.app\/es\/wp-json\/wp\/v2\/types\/page"}],"author":[{"embeddable":true,"href":"https:\/\/lostio.app\/es\/wp-json\/wp\/v2\/users\/1"}],"replies":[{"embeddable":true,"href":"https:\/\/lostio.app\/es\/wp-json\/wp\/v2\/comments?post=21434"}],"version-history":[{"count":0,"href":"https:\/\/lostio.app\/es\/wp-json\/wp\/v2\/pages\/21434\/revisions"}],"wp:attachment":[{"href":"https:\/\/lostio.app\/es\/wp-json\/wp\/v2\/media?parent=21434"}],"curies":[{"name":"wp","href":"https:\/\/api.w.org\/{rel}","templated":true}]}}