{"id":21430,"date":"2023-07-17T16:34:51","date_gmt":"2023-07-17T14:34:51","guid":{"rendered":"https:\/\/lostio.app\/nuevo-lugar-perdido\/"},"modified":"2026-04-03T09:30:51","modified_gmt":"2026-04-03T07:30:51","slug":"nuevo-lugar-perdido","status":"publish","type":"page","link":"https:\/\/lostio.app\/es\/nuevo-lugar-perdido\/","title":{"rendered":"Nuevo lugar perdido"},"content":{"rendered":"\t\t<div data-elementor-type=\"wp-page\" data-elementor-id=\"21430\" class=\"elementor elementor-21430 elementor-3591\" data-elementor-post-type=\"page\">\n\t\t\t\t<div class=\"elementor-element elementor-element-54c6ca6 e-flex e-con-boxed wpr-sticky-section-no e-con e-parent\" data-id=\"54c6ca6\" data-element_type=\"container\" data-settings=\"{&quot;jet_parallax_layout_list&quot;:[]}\">\n\t\t\t\t\t<div class=\"e-con-inner\">\n\t\t\t\t\t<\/div>\n\t\t\t\t<\/div>\n\t\t<div class=\"elementor-element elementor-element-e78cfe0 e-flex e-con-boxed wpr-sticky-section-no e-con e-parent\" data-id=\"e78cfe0\" data-element_type=\"container\" data-settings=\"{&quot;jet_parallax_layout_list&quot;:[]}\">\n\t\t\t\t\t<div class=\"e-con-inner\">\n\t\t\t\t<div class=\"elementor-element elementor-element-3a0e95c elementor-widget elementor-widget-heading\" data-id=\"3a0e95c\" data-element_type=\"widget\" data-widget_type=\"heading.default\">\n\t\t\t\t<div class=\"elementor-widget-container\">\n\t\t\t<style>\/*! elementor - v3.22.0 - 26-06-2024 *\/\n.elementor-heading-title{padding:0;margin:0;line-height:1}.elementor-widget-heading .elementor-heading-title[class*=elementor-size-]>a{color:inherit;font-size:inherit;line-height:inherit}.elementor-widget-heading .elementor-heading-title.elementor-size-small{font-size:15px}.elementor-widget-heading .elementor-heading-title.elementor-size-medium{font-size:19px}.elementor-widget-heading .elementor-heading-title.elementor-size-large{font-size:29px}.elementor-widget-heading .elementor-heading-title.elementor-size-xl{font-size:39px}.elementor-widget-heading .elementor-heading-title.elementor-size-xxl{font-size:59px}<\/style><h2 class=\"elementor-heading-title elementor-size-default\">Enviar un lugar perdido<\/h2>\t\t<\/div>\n\t\t\t\t<\/div>\n\t\t\t\t<div class=\"elementor-element elementor-element-cd754c2 elementor-widget elementor-widget-text-editor\" data-id=\"cd754c2\" data-element_type=\"widget\" data-widget_type=\"text-editor.default\">\n\t\t\t\t<div class=\"elementor-widget-container\">\n\t\t\t<style>\/*! elementor - v3.22.0 - 26-06-2024 *\/\n.elementor-widget-text-editor.elementor-drop-cap-view-stacked .elementor-drop-cap{background-color:#69727d;color:#fff}.elementor-widget-text-editor.elementor-drop-cap-view-framed .elementor-drop-cap{color:#69727d;border:3px solid;background-color:transparent}.elementor-widget-text-editor:not(.elementor-drop-cap-view-default) .elementor-drop-cap{margin-top:8px}.elementor-widget-text-editor:not(.elementor-drop-cap-view-default) .elementor-drop-cap-letter{width:1em;height:1em}.elementor-widget-text-editor .elementor-drop-cap{float:left;text-align:center;line-height:1;font-size:50px}.elementor-widget-text-editor .elementor-drop-cap-letter{display:inline-block}<\/style>\t\t\t\t<p>\u00bfConoces alg\u00fan lugar perdido que a\u00fan no est\u00e9 en lostio? \u00a1Puedes enviarlo aqu\u00ed! \ud83d\ude4c<\/p>\n<p>Como usuario Premium, incluso recibes 0,15 \u20ac de cr\u00e9dito por ello.<\/p>\n\t\t\t\t\t\t<\/div>\n\t\t\t\t<\/div>\n\t\t\t\t<div class=\"elementor-element elementor-element-24926fa elementor-widget elementor-widget-jet-engine-booking-form\" data-id=\"24926fa\" data-element_type=\"widget\" data-widget_type=\"jet-engine-booking-form.default\">\n\t\t\t\t<div class=\"elementor-widget-container\">\n\t\t\t<form  class=\"jet-form layout-column submit-type-reload\" action=\"\/es\/wp-json\/wp\/v2\/pages\/21430?jet_engine_action=book&#038;nocache=1775261998\" method=\"POST\" data-form-id=\"3568\"><input class=\"jet-form__field hidden-field\" type=\"hidden\" name=\"_jet_engine_booking_form_id\" value=\"3568\" data-field-name=\"_jet_engine_booking_form_id\"><input class=\"jet-form__field hidden-field\" type=\"hidden\" name=\"_jet_engine_refer\" value=\"https:\/\/lostio.app\/es\/wp-json\/wp\/v2\/pages\/21430\/\" data-field-name=\"_jet_engine_refer\"><div  class=\"jet-form-row jet-form-row--hidden\"><div class=\"jet-form-col jet-form-col-12  field-type-hidden  jet-form-field-container\" data-field=\"user_name\" data-conditional=\"false\"><input class=\"jet-form__field hidden-field\" type=\"hidden\" name=\"user_name\" value=\"\" data-field-name=\"user_name\"><\/div><\/div><div  class=\"jet-form-row jet-form-row--hidden\"><div class=\"jet-form-col jet-form-col-12  field-type-hidden  jet-form-field-container\" data-field=\"post_id\" data-conditional=\"false\"><input class=\"jet-form__field hidden-field\" type=\"hidden\" name=\"post_id\" value=\"21430\" data-field-name=\"post_id\"><\/div><\/div><div  class=\"jet-form-row jet-form-row--first-visible\"><div class=\"jet-form-col jet-form-col-6 jet-form-push-3 field-type-text  jet-form-field-container\" data-field=\"lost_name\" data-conditional=\"false\"><div class=\"jet-form__label\">\n\t<span class=\"jet-form__label-text\" >Lost Place Name<span class=\"jet-form__required\">*<\/span><\/span>\n\t<\/div><input class=\"jet-form__field text-field \" value=\"\" required=\"required\" name=\"lost_name\" id=\"lost_name\" type=\"text\" data-field-name=\"lost_name\"><\/div><\/div><div  class=\"jet-form-row\"><div class=\"jet-form-col jet-form-col-6 jet-form-push-3 field-type-select  jet-form-field-container\" data-field=\"lost_kategorie\" data-conditional=\"false\"><div class=\"jet-form__label\">\n\t<span class=\"jet-form__label-text\" >Kategorie<span class=\"jet-form__required\">*<\/span><\/span>\n\t<\/div><select  required=\"required\" name=\"lost_kategorie\" data-field-name=\"lost_kategorie\" id=\"lost_kategorie\" data-default-val=\"\" class=\"jet-form__field select-field\"><option value=\"38\" >Bunker<\/option><option value=\"25\" >Fabriken<\/option><option value=\"32\" >Gastronomie<\/option><option value=\"24\" >H\u00e4user<\/option><option value=\"30\" >Hotels<\/option><option value=\"39\" >Kirch. &amp; Schl\u00f6ss.<\/option><option value=\"31\" >Krankenh\u00e4user<\/option><option value=\"35\" >Milit\u00e4r<\/option><option value=\"33\" >\u00d6ffentliche Geb.<\/option><option value=\"37\" >Sonstiges<\/option><option value=\"36\" >Unbekannt<\/option><\/select><\/div><\/div><div  class=\"jet-form-row\"><div class=\"jet-form-col jet-form-col-6 jet-form-push-3 field-type-select  jet-form-field-container\" data-field=\"lost_land\" data-conditional=\"false\"><div class=\"jet-form__label\">\n\t<span class=\"jet-form__label-text\" >Land ausw\u00e4hlen<span class=\"jet-form__required\">*<\/span><\/span>\n\t<\/div><select  required=\"required\" name=\"lost_land\" data-field-name=\"lost_land\" id=\"lost_land\" data-default-val=\"\" class=\"jet-form__field select-field\"><option value=\"Deutschland\" >Deutschland<\/option><option value=\"Belgien\" >Belgien<\/option><option value=\"Frankreich\" >Frankreich<\/option><option value=\"Italien\" >Italien<\/option><option value=\"Luxemburg\" >Luxemburg<\/option><option value=\"Schweiz\" >Schweiz<\/option><option value=\"England\" >England<\/option><option value=\"Irland\" >Irland<\/option><option value=\"D\u00e4nemark\" >D\u00e4nemark<\/option><option value=\"\u00d6sterreich\" >\u00d6sterreich<\/option><option value=\"Niederlande\" >Niederlande<\/option><option value=\"Kroatien\" >Kroatien<\/option><option value=\"Tschechien\" >Tschechien<\/option><option value=\"Polen\" >Polen<\/option><option value=\"Spanien\" >Spanien<\/option><option value=\"Schweden\" >Schweden<\/option><option value=\"Slowenien\" >Slowenien<\/option><option value=\"Griechenland\" >Griechenland<\/option><option value=\"Tunesien\" >Tunesien<\/option><option value=\"Portugal\" >Portugal<\/option><option value=\"Bulgarien\" >Bulgarien<\/option><option value=\"Island\" >Island<\/option><option value=\"Rum\u00e4nien\" >Rum\u00e4nien<\/option><option value=\"Ungarn\" >Ungarn<\/option><option value=\"Baltikum\" >Baltikum<\/option><option value=\"Finnland\" >Finnland<\/option><option value=\"Japan\" >Japan<\/option><option value=\"Norwegen\" >Norwegen<\/option><option value=\"USA\" >USA<\/option><option value=\"Kanada\" >Kanada<\/option><\/select><small class=\"jet-form__desc\"><span class=\"jet-form__desc-text\">Du findest das korrekte Land nicht in der Liste? Schreibe gern das zutreffende Land in die Beschreibung.<\/span><\/small><\/div><\/div><div  class=\"jet-form-row\"><div class=\"jet-form-col jet-form-col-6 jet-form-push-3 field-type-text  jet-form-field-container\" data-field=\"lost_koordinaten\" data-conditional=\"false\"><div class=\"jet-form__label\">\n\t<span class=\"jet-form__label-text\" >Koordinaten<span class=\"jet-form__required\">*<\/span><\/span>\n\t<\/div><input class=\"jet-form__field text-field \" value=\"\" required=\"required\" name=\"lost_koordinaten\" id=\"lost_koordinaten\" type=\"text\" data-field-name=\"lost_koordinaten\"><\/div><\/div><div  class=\"jet-form-row\"><div class=\"jet-form-col jet-form-col-6 jet-form-push-3 field-type-text  jet-form-field-container\" data-field=\"lost_parkplatz\" data-conditional=\"false\"><div class=\"jet-form__label\">\n\t<span class=\"jet-form__label-text\" >Parkplatz-Koordinaten<\/span>\n\t<\/div><input class=\"jet-form__field text-field \" value=\"\" name=\"lost_parkplatz\" id=\"lost_parkplatz\" type=\"text\" data-field-name=\"lost_parkplatz\"><\/div><\/div><div  class=\"jet-form-row\"><div class=\"jet-form-col jet-form-col-6 jet-form-push-3 field-type-checkboxes  jet-form-field-container\" data-field=\"lost_eigenschaften\" data-conditional=\"false\"><div class=\"jet-form__label\">\n\t<span class=\"jet-form__label-text\" >Eigenschaften<\/span>\n\t<\/div><div class=\"jet-form__fields-group checkradio-wrap\">\t\t<div class=\"jet-form__field-wrap checkboxes-wrap checkradio-wrap\">\n\t\t\t\t\t\t<label class=\"jet-form__field-label\">\n\t\t\t\t<input\n\t\t\t\t\ttype=\"checkbox\"\n\t\t\t\t\tname=\"lost_eigenschaften[]\"\n\t\t\t\t\tclass=\"jet-form__field checkboxes-field checkradio-field\"\n\t\t\t\t\tvalue=\"Eingerichtet\"\n\t\t\t\t\tdata-field-name=\"lost_eigenschaften\"\n\t\t\t\t\t\t\t\t\t\t\t\t\t\t\t\t\t\t\t>\n\t\t\t\tEingerichtet\t\t\t<\/label>\n\t\t<\/div>\n\t\t\t\t<div class=\"jet-form__field-wrap checkboxes-wrap checkradio-wrap\">\n\t\t\t\t\t\t<label class=\"jet-form__field-label\">\n\t\t\t\t<input\n\t\t\t\t\ttype=\"checkbox\"\n\t\t\t\t\tname=\"lost_eigenschaften[]\"\n\t\t\t\t\tclass=\"jet-form__field checkboxes-field checkradio-field\"\n\t\t\t\t\tvalue=\"Vandalismus\"\n\t\t\t\t\tdata-field-name=\"lost_eigenschaften\"\n\t\t\t\t\t\t\t\t\t\t\t\t\t\t\t\t\t\t\t>\n\t\t\t\tVandalismus\t\t\t<\/label>\n\t\t<\/div>\n\t\t\t\t<div class=\"jet-form__field-wrap checkboxes-wrap checkradio-wrap\">\n\t\t\t\t\t\t<label class=\"jet-form__field-label\">\n\t\t\t\t<input\n\t\t\t\t\ttype=\"checkbox\"\n\t\t\t\t\tname=\"lost_eigenschaften[]\"\n\t\t\t\t\tclass=\"jet-form__field checkboxes-field checkradio-field\"\n\t\t\t\t\tvalue=\"Wachsame Nachbarn\"\n\t\t\t\t\tdata-field-name=\"lost_eigenschaften\"\n\t\t\t\t\t\t\t\t\t\t\t\t\t\t\t\t\t\t\t>\n\t\t\t\tWachsa. Nachb.\t\t\t<\/label>\n\t\t<\/div>\n\t\t\t\t<div class=\"jet-form__field-wrap checkboxes-wrap checkradio-wrap\">\n\t\t\t\t\t\t<label class=\"jet-form__field-label\">\n\t\t\t\t<input\n\t\t\t\t\ttype=\"checkbox\"\n\t\t\t\t\tname=\"lost_eigenschaften[]\"\n\t\t\t\t\tclass=\"jet-form__field checkboxes-field checkradio-field\"\n\t\t\t\t\tvalue=\"Verfallen\"\n\t\t\t\t\tdata-field-name=\"lost_eigenschaften\"\n\t\t\t\t\t\t\t\t\t\t\t\t\t\t\t\t\t\t\t>\n\t\t\t\tVerfallen\t\t\t<\/label>\n\t\t<\/div>\n\t\t\t\t<div class=\"jet-form__field-wrap checkboxes-wrap checkradio-wrap\">\n\t\t\t\t\t\t<label class=\"jet-form__field-label\">\n\t\t\t\t<input\n\t\t\t\t\ttype=\"checkbox\"\n\t\t\t\t\tname=\"lost_eigenschaften[]\"\n\t\t\t\t\tclass=\"jet-form__field checkboxes-field checkradio-field\"\n\t\t\t\t\tvalue=\"Bewacht\"\n\t\t\t\t\tdata-field-name=\"lost_eigenschaften\"\n\t\t\t\t\t\t\t\t\t\t\t\t\t\t\t\t\t\t\t>\n\t\t\t\tBewacht\t\t\t<\/label>\n\t\t<\/div>\n\t\t\t\t<div class=\"jet-form__field-wrap checkboxes-wrap checkradio-wrap\">\n\t\t\t\t\t\t<label class=\"jet-form__field-label\">\n\t\t\t\t<input\n\t\t\t\t\ttype=\"checkbox\"\n\t\t\t\t\tname=\"lost_eigenschaften[]\"\n\t\t\t\t\tclass=\"jet-form__field checkboxes-field checkradio-field\"\n\t\t\t\t\tvalue=\"Legal\"\n\t\t\t\t\tdata-field-name=\"lost_eigenschaften\"\n\t\t\t\t\t\t\t\t\t\t\t\t\t\t\t\t\t\t\t>\n\t\t\t\tLegal\t\t\t<\/label>\n\t\t<\/div>\n\t\t<\/div><\/div><\/div><div  class=\"jet-form-row\"><div class=\"jet-form-col jet-form-col-6 jet-form-push-3 field-type-textarea  jet-form-field-container\" data-field=\"lost_desc\" data-conditional=\"false\"><div class=\"jet-form__label\">\n\t<span class=\"jet-form__label-text\" >Beschreibung\/Zug\u00e4nge<\/span>\n\t<\/div><textarea class=\"jet-form__field textarea-field\" name=\"lost_desc\" data-field-name=\"lost_desc\" id=\"lost_desc\"><\/textarea><\/div><\/div><div  class=\"jet-form-row\"><div class=\"jet-form-col jet-form-col-6 jet-form-push-3 field-type-media  jet-form-field-container\" data-field=\"lost_picture\" data-conditional=\"false\"><div class=\"jet-form__label\">\n\t<span class=\"jet-form__label-text\" >Foto hinzuf\u00fcgen<\/span>\n\t<\/div><div class=\"jet-engine-file-upload\">\n\t<div class=\"jet-engine-file-upload__content\">\n\t\t<div class=\"jet-engine-file-upload__loader\"><svg xmlns=\"http:\/\/www.w3.org\/2000\/svg\" width=\"38\" height=\"38\" viewBox=\"0 0 38 38\" stroke=\"#fff\"><g fill=\"none\" fill-rule=\"evenodd\"><g transform=\"translate(1 1)\" stroke-width=\"2\"><circle stroke-opacity=\".5\" cx=\"18\" cy=\"18\" r=\"18\"\/><path d=\"M36 18c0-9.94-8.06-18-18-18\" transform=\"rotate(137.826 18 18)\"><animateTransform attributeName=\"transform\" type=\"rotate\" from=\"0 18 18\" to=\"360 18 18\" dur=\"1s\" repeatCount=\"indefinite\"\/><\/path><\/g><\/g><\/svg><\/div>\t\t<div class=\"jet-engine-file-upload__files\"  data-args=\"{&quot;max_files&quot;:&quot;1&quot;,&quot;insert_attachment&quot;:false,&quot;value_format&quot;:&quot;url&quot;}\"><\/div>\n\t<\/div>\n\t<div class=\"jet-engine-file-upload__fields\">\n\t\t<input class=\"jet-form__field jet-engine-file-upload__value\" type=\"hidden\" name=\"lost_picture\" data-field-name=\"lost_picture\" value=\"\" >\n\t\t<input class=\"jet-form__field file-field jet-engine-file-upload__input\" name=\"lost_picture_input\" type=\"file\" data-form_id=\"3568\" data-field=\"lost_picture\" id=\"lost_picture\" data-max_files=\"1\" multiple=\"1\" accept=\"image\/jpeg,image\/png\" data-max_size=\"3145728\">\n\t<\/div>\n\t<div class=\"jet-engine-file-upload__message\"><small>Maximum file size: 3 MB<\/small><\/div>\n\t<div class=\"jet-engine-file-upload__errors is-hidden\"><\/div>\n<\/div><\/div><\/div><div  class=\"jet-form-row\"><div class=\"jet-form-col jet-form-col-6 jet-form-push-3 field-type-text  jet-form-field-container\" data-field=\"lost_link\" data-conditional=\"false\"><div class=\"jet-form__label\">\n\t<span class=\"jet-form__label-text\" >YouTube-Link<\/span>\n\t<\/div><input class=\"jet-form__field text-field \" value=\"\" name=\"lost_link\" id=\"lost_link\" type=\"url\" data-field-name=\"lost_link\"><small class=\"jet-form__desc\"><span class=\"jet-form__desc-text\">Hast du eventuell ein YouTube-Video?<\/span><\/small><\/div><\/div><div  class=\"jet-form-row jet-form-row--submit\"><div class=\"jet-form-col jet-form-col-12  field-type-submit  jet-form-field-container\" data-field=\"Submit\" data-conditional=\"false\"><div class=\"jet-form__submit-wrap\">\n\t\t<button class=\"jet-form__submit submit-type-reload\" type=\"submit\">Einreichen<\/button>\n<\/div><\/div><\/div><input class=\"jet-form__field hidden-field\" type=\"hidden\" name=\"_jet_engine_nonce\" value=\"7f7f740eb9\" data-field-name=\"_jet_engine_nonce\"><\/form>\t\t<\/div>\n\t\t\t\t<\/div>\n\t\t\t\t\t<\/div>\n\t\t\t\t<\/div>\n\t\t\t\t<\/div>\n\t\t","protected":false},"excerpt":{"rendered":"<p>Enviar un lugar perdido \u00bfConoces alg\u00fan lugar perdido que a\u00fan no est\u00e9 en lostio? \u00a1Puedes enviarlo aqu\u00ed! \ud83d\ude4c Como usuario Premium, incluso recibes 0,15 \u20ac de cr\u00e9dito por ello. Lost Place Name* Kategorie* BunkerFabrikenGastronomieH\u00e4userHotelsKirch. &amp; Schl\u00f6ss.Krankenh\u00e4userMilit\u00e4r\u00d6ffentliche Geb.SonstigesUnbekannt Land ausw\u00e4hlen* DeutschlandBelgienFrankreichItalienLuxemburgSchweizEnglandIrlandD\u00e4nemark\u00d6sterreichNiederlandeKroatienTschechienPolenSpanienSchwedenSlowenienGriechenlandTunesienPortugalBulgarienIslandRum\u00e4nienUngarnBaltikumFinnlandJapanNorwegenUSAKanadaDu findest das korrekte Land nicht in der Liste? Schreibe gern das zutreffende Land in die Beschreibung. Koordinaten* Parkplatz-Koordinaten Eigenschaften Eingerichtet Vandalismus Wachsa. Nachb. Verfallen Bewacht Legal Beschreibung\/Zug\u00e4nge Foto hinzuf\u00fcgen Maximum file size: 3 MB YouTube-Link Hast du eventuell ein YouTube-Video? Einreichen<\/p>\n","protected":false},"author":1,"featured_media":0,"parent":0,"menu_order":0,"comment_status":"closed","ping_status":"closed","template":"elementor_canvas","meta":{"pmpro_default_level":"","footnotes":""},"_links":{"self":[{"href":"https:\/\/lostio.app\/es\/wp-json\/wp\/v2\/pages\/21430"}],"collection":[{"href":"https:\/\/lostio.app\/es\/wp-json\/wp\/v2\/pages"}],"about":[{"href":"https:\/\/lostio.app\/es\/wp-json\/wp\/v2\/types\/page"}],"author":[{"embeddable":true,"href":"https:\/\/lostio.app\/es\/wp-json\/wp\/v2\/users\/1"}],"replies":[{"embeddable":true,"href":"https:\/\/lostio.app\/es\/wp-json\/wp\/v2\/comments?post=21430"}],"version-history":[{"count":1,"href":"https:\/\/lostio.app\/es\/wp-json\/wp\/v2\/pages\/21430\/revisions"}],"predecessor-version":[{"id":21431,"href":"https:\/\/lostio.app\/es\/wp-json\/wp\/v2\/pages\/21430\/revisions\/21431"}],"wp:attachment":[{"href":"https:\/\/lostio.app\/es\/wp-json\/wp\/v2\/media?parent=21430"}],"curies":[{"name":"wp","href":"https:\/\/api.w.org\/{rel}","templated":true}]}}