{"id":21428,"date":"2023-08-17T12:30:30","date_gmt":"2023-08-17T10:30:30","guid":{"rendered":"https:\/\/lostio.app\/mis-viajes\/"},"modified":"2026-04-03T09:30:47","modified_gmt":"2026-04-03T07:30:47","slug":"mis-viajes","status":"publish","type":"page","link":"https:\/\/lostio.app\/es\/mis-viajes\/","title":{"rendered":"Mis viajes"},"content":{"rendered":"\t\t<div data-elementor-type=\"wp-page\" data-elementor-id=\"21428\" class=\"elementor elementor-21428 elementor-6462\" data-elementor-post-type=\"page\">\n\t\t\t\t<div class=\"elementor-element elementor-element-fa4326a jedv-enabled--yes e-flex e-con-boxed wpr-sticky-section-no e-con e-parent\" data-id=\"fa4326a\" data-element_type=\"container\" data-settings=\"{&quot;jet_parallax_layout_list&quot;:[]}\">\n\t\t\t\t\t<div class=\"e-con-inner\">\n\t\t\t\t<div class=\"elementor-element elementor-element-3c07955 elementor-widget elementor-widget-spacer\" data-id=\"3c07955\" data-element_type=\"widget\" data-widget_type=\"spacer.default\">\n\t\t\t\t<div class=\"elementor-widget-container\">\n\t\t\t<style>\/*! elementor - v3.22.0 - 26-06-2024 *\/\n.elementor-column .elementor-spacer-inner{height:var(--spacer-size)}.e-con{--container-widget-width:100%}.e-con-inner>.elementor-widget-spacer,.e-con>.elementor-widget-spacer{width:var(--container-widget-width,var(--spacer-size));--align-self:var(--container-widget-align-self,initial);--flex-shrink:0}.e-con-inner>.elementor-widget-spacer>.elementor-widget-container,.e-con>.elementor-widget-spacer>.elementor-widget-container{height:100%;width:100%}.e-con-inner>.elementor-widget-spacer>.elementor-widget-container>.elementor-spacer,.e-con>.elementor-widget-spacer>.elementor-widget-container>.elementor-spacer{height:100%}.e-con-inner>.elementor-widget-spacer>.elementor-widget-container>.elementor-spacer>.elementor-spacer-inner,.e-con>.elementor-widget-spacer>.elementor-widget-container>.elementor-spacer>.elementor-spacer-inner{height:var(--container-widget-height,var(--spacer-size))}.e-con-inner>.elementor-widget-spacer.elementor-widget-empty,.e-con>.elementor-widget-spacer.elementor-widget-empty{position:relative;min-height:22px;min-width:22px}.e-con-inner>.elementor-widget-spacer.elementor-widget-empty .elementor-widget-empty-icon,.e-con>.elementor-widget-spacer.elementor-widget-empty .elementor-widget-empty-icon{position:absolute;top:0;bottom:0;left:0;right:0;margin:auto;padding:0;width:22px;height:22px}<\/style>\t\t<div class=\"elementor-spacer\">\n\t\t\t<div class=\"elementor-spacer-inner\"><\/div>\n\t\t<\/div>\n\t\t\t\t<\/div>\n\t\t\t\t<\/div>\n\t\t\t\t<div class=\"elementor-element elementor-element-d172402 elementor-widget elementor-widget-heading\" data-id=\"d172402\" data-element_type=\"widget\" data-widget_type=\"heading.default\">\n\t\t\t\t<div class=\"elementor-widget-container\">\n\t\t\t<h2 class=\"elementor-heading-title elementor-size-default\">Uy...<\/h2>\t\t<\/div>\n\t\t\t\t<\/div>\n\t\t\t\t<div class=\"elementor-element elementor-element-28f8c98 elementor-widget elementor-widget-text-editor\" data-id=\"28f8c98\" data-element_type=\"widget\" data-widget_type=\"text-editor.default\">\n\t\t\t\t<div class=\"elementor-widget-container\">\n\t\t\t\t\t\t\t<p>S\u00f3lo los usuarios registrados tienen acceso a nuestra base de datos. \u00bfQuiz\u00e1 a\u00fan no est\u00e1s <a href=\"https:\/\/lostio.app\/en\/sign-up\/\">registrado<\/a> o no has <a href=\"https:\/\/lostio.app\/es\/iniciar-sesion\/\">iniciado sesi\u00f3n<\/a>? <\/p>\n\t\t\t\t\t\t<\/div>\n\t\t\t\t<\/div>\n\t\t\t\t\t<\/div>\n\t\t\t\t<\/div>\n\t\t\t\t<\/div>\n\t\t","protected":false},"excerpt":{"rendered":"<p>Mis viajes Aqu\u00ed puedes encontrar tus recorridos para montarlos f\u00e1cilmente. Puedes elegir entre la vista de mapa o de lista. Tour (1)Tour (2) Ver mapa Vista de lista Uy&#8230; S\u00f3lo los usuarios registrados tienen acceso a nuestra base de datos. \u00bfQuiz\u00e1 a\u00fan no est\u00e1s registrado o no has iniciado sesi\u00f3n? \u00a1Bienvenido a nuestro sitio web! Gracias por registrarte en lostio. Para obtener acceso ilimitado a nuestra base de datos, motor de b\u00fasqueda y mucho m\u00e1s, es necesaria una suscripci\u00f3n. Este obst\u00e1culo de pago no es para ganar dinero, sino para mantener alejado a alg\u00fan que otro v\u00e1ndalo. S\u00f3lo as\u00ed podemos proteger ciertos lugares. \u00bfTienes alg\u00fan problema o pregunta? Ponte en contacto con nosotros en Instagram o por correo electr\u00f3nico. Premium 4,99 \u20ac al mes Conseguir Premium \u00a1o ahorra con una suscripci\u00f3n anual!<\/p>\n","protected":false},"author":1,"featured_media":0,"parent":0,"menu_order":0,"comment_status":"closed","ping_status":"closed","template":"elementor_canvas","meta":{"pmpro_default_level":"","footnotes":""},"_links":{"self":[{"href":"https:\/\/lostio.app\/es\/wp-json\/wp\/v2\/pages\/21428"}],"collection":[{"href":"https:\/\/lostio.app\/es\/wp-json\/wp\/v2\/pages"}],"about":[{"href":"https:\/\/lostio.app\/es\/wp-json\/wp\/v2\/types\/page"}],"author":[{"embeddable":true,"href":"https:\/\/lostio.app\/es\/wp-json\/wp\/v2\/users\/1"}],"replies":[{"embeddable":true,"href":"https:\/\/lostio.app\/es\/wp-json\/wp\/v2\/comments?post=21428"}],"version-history":[{"count":1,"href":"https:\/\/lostio.app\/es\/wp-json\/wp\/v2\/pages\/21428\/revisions"}],"predecessor-version":[{"id":21429,"href":"https:\/\/lostio.app\/es\/wp-json\/wp\/v2\/pages\/21428\/revisions\/21429"}],"wp:attachment":[{"href":"https:\/\/lostio.app\/es\/wp-json\/wp\/v2\/media?parent=21428"}],"curies":[{"name":"wp","href":"https:\/\/api.w.org\/{rel}","templated":true}]}}