{"id":21426,"date":"2023-04-07T08:47:42","date_gmt":"2023-04-07T06:47:42","guid":{"rendered":"https:\/\/lostio.app\/lugares-perdidos\/"},"modified":"2026-04-03T09:30:41","modified_gmt":"2026-04-03T07:30:41","slug":"lugares-perdidos","status":"publish","type":"page","link":"https:\/\/lostio.app\/es\/lugares-perdidos\/","title":{"rendered":"Lugares perdidos"},"content":{"rendered":"\t\t<div data-elementor-type=\"wp-page\" data-elementor-id=\"21426\" class=\"elementor elementor-21426 elementor-748\" data-elementor-post-type=\"page\">\n\t\t\t\t<div class=\"elementor-element elementor-element-08e1aa6 jedv-enabled--yes e-flex e-con-boxed wpr-sticky-section-no e-con e-parent\" data-id=\"08e1aa6\" data-element_type=\"container\" data-settings=\"{&quot;jet_parallax_layout_list&quot;:[]}\">\n\t\t\t\t\t<div class=\"e-con-inner\">\n\t\t\t\t<div class=\"elementor-element elementor-element-4aafc9a elementor-widget elementor-widget-spacer\" data-id=\"4aafc9a\" data-element_type=\"widget\" data-widget_type=\"spacer.default\">\n\t\t\t\t<div class=\"elementor-widget-container\">\n\t\t\t<style>\/*! elementor - v3.22.0 - 26-06-2024 *\/\n.elementor-column .elementor-spacer-inner{height:var(--spacer-size)}.e-con{--container-widget-width:100%}.e-con-inner>.elementor-widget-spacer,.e-con>.elementor-widget-spacer{width:var(--container-widget-width,var(--spacer-size));--align-self:var(--container-widget-align-self,initial);--flex-shrink:0}.e-con-inner>.elementor-widget-spacer>.elementor-widget-container,.e-con>.elementor-widget-spacer>.elementor-widget-container{height:100%;width:100%}.e-con-inner>.elementor-widget-spacer>.elementor-widget-container>.elementor-spacer,.e-con>.elementor-widget-spacer>.elementor-widget-container>.elementor-spacer{height:100%}.e-con-inner>.elementor-widget-spacer>.elementor-widget-container>.elementor-spacer>.elementor-spacer-inner,.e-con>.elementor-widget-spacer>.elementor-widget-container>.elementor-spacer>.elementor-spacer-inner{height:var(--container-widget-height,var(--spacer-size))}.e-con-inner>.elementor-widget-spacer.elementor-widget-empty,.e-con>.elementor-widget-spacer.elementor-widget-empty{position:relative;min-height:22px;min-width:22px}.e-con-inner>.elementor-widget-spacer.elementor-widget-empty .elementor-widget-empty-icon,.e-con>.elementor-widget-spacer.elementor-widget-empty .elementor-widget-empty-icon{position:absolute;top:0;bottom:0;left:0;right:0;margin:auto;padding:0;width:22px;height:22px}<\/style>\t\t<div class=\"elementor-spacer\">\n\t\t\t<div class=\"elementor-spacer-inner\"><\/div>\n\t\t<\/div>\n\t\t\t\t<\/div>\n\t\t\t\t<\/div>\n\t\t\t\t<div class=\"elementor-element elementor-element-be129e4 elementor-widget elementor-widget-heading\" data-id=\"be129e4\" data-element_type=\"widget\" data-widget_type=\"heading.default\">\n\t\t\t\t<div class=\"elementor-widget-container\">\n\t\t\t<style>\/*! elementor - v3.22.0 - 26-06-2024 *\/\n.elementor-heading-title{padding:0;margin:0;line-height:1}.elementor-widget-heading .elementor-heading-title[class*=elementor-size-]>a{color:inherit;font-size:inherit;line-height:inherit}.elementor-widget-heading .elementor-heading-title.elementor-size-small{font-size:15px}.elementor-widget-heading .elementor-heading-title.elementor-size-medium{font-size:19px}.elementor-widget-heading .elementor-heading-title.elementor-size-large{font-size:29px}.elementor-widget-heading .elementor-heading-title.elementor-size-xl{font-size:39px}.elementor-widget-heading .elementor-heading-title.elementor-size-xxl{font-size:59px}<\/style><h2 class=\"elementor-heading-title elementor-size-default\">Uy...<\/h2>\t\t<\/div>\n\t\t\t\t<\/div>\n\t\t\t\t<div class=\"elementor-element elementor-element-8ce9e87 elementor-widget elementor-widget-text-editor\" data-id=\"8ce9e87\" data-element_type=\"widget\" data-widget_type=\"text-editor.default\">\n\t\t\t\t<div class=\"elementor-widget-container\">\n\t\t\t<style>\/*! elementor - v3.22.0 - 26-06-2024 *\/\n.elementor-widget-text-editor.elementor-drop-cap-view-stacked .elementor-drop-cap{background-color:#69727d;color:#fff}.elementor-widget-text-editor.elementor-drop-cap-view-framed .elementor-drop-cap{color:#69727d;border:3px solid;background-color:transparent}.elementor-widget-text-editor:not(.elementor-drop-cap-view-default) .elementor-drop-cap{margin-top:8px}.elementor-widget-text-editor:not(.elementor-drop-cap-view-default) .elementor-drop-cap-letter{width:1em;height:1em}.elementor-widget-text-editor .elementor-drop-cap{float:left;text-align:center;line-height:1;font-size:50px}.elementor-widget-text-editor .elementor-drop-cap-letter{display:inline-block}<\/style>\t\t\t\t<p>S\u00f3lo los usuarios registrados tienen acceso a nuestra base de datos. \u00bfQuiz\u00e1 a\u00fan no est\u00e1s <a href=\"https:\/\/lostio.app\/en\/sign-up\/\">registrado<\/a> o no has <a href=\"https:\/\/lostio.app\/es\/iniciar-sesion\/\">iniciado sesi\u00f3n<\/a>? <\/p>\n\t\t\t\t\t\t<\/div>\n\t\t\t\t<\/div>\n\t\t\t\t\t<\/div>\n\t\t\t\t<\/div>\n\t\t\t\t<\/div>\n\t\t","protected":false},"excerpt":{"rendered":"<p>Mapa Filtros filtro lostio Besuchte ein-\/ausblenden Ausw\u00e4hlenBesuchte einblendenBesuchte ausblenden Kategorie ausw\u00e4hlen Ausw\u00e4hlen Kategorie ausw\u00e4hlen Bunker (0) Fabriken (0) Gastronomie (0) H\u00e4user (0) Hotels (0) Kirch. &amp; Schl\u00f6ss. (0) Krankenh\u00e4user (0) Milit\u00e4r (0) \u00d6ffentliche Geb. (0) Sonstiges (0) Unbekannt (0) Eigenschaften ausw\u00e4hlen Ausw\u00e4hlen Eigenschaften ausw\u00e4hlen Eingerichtet (0) Vandalismus (0) Wachsa. Nachb. (0) Verfallen (0) Bewacht (0) Legal (0) Land ausw\u00e4hlen Ausw\u00e4hlen Land ausw\u00e4hlen Deutschland (0) Belgien (0) Frankreich (0) Italien (0) Luxemburg (0) Schweiz (0) England (0) Irland (0) D\u00e4nemark (0) \u00d6sterreich (0) Niederlande (0) Kroatien (0) Tschechien (0) Polen (0) Spanien (0) Schweden (0) Slowenien (0) Griechenland (0) Tunesien (0) Portugal (0) Bulgarien (0) Island (0) Rum\u00e4nien (0) Ungarn (0) Baltikum (0) Finnland (0) Japan (0) Norwegen (0) USA (0) Kanada (0) Filtros din\u00e1micos Estos filtros se muestran u ocultan autom\u00e1ticamente seg\u00fan la configuraci\u00f3n de la parte superior. Bundesland ausw\u00e4hlen Ausw\u00e4hlen Bundesland ausw\u00e4hlen Baden-W\u00fcrtt. (0) Bayern (0) Berlin (0) Brandenburg (0) Bremen (0) Hamburg (0) Hessen (0) Mecklenb.-Vor. (0) Niedersachsen (0) Nordrhein-We. (0) Rheinland-Pfalz (0) Saarland (0) Sachsen (0) Sachsen-Anhalt (0) Schleswig-Hol. (0) Th\u00fcringen (0) (0) R\u00e9gions ausw\u00e4hlen Ausw\u00e4hlen R\u00e9gions ausw\u00e4hlen Auvergne-Rh\u00f4ne-Alpes (0) Bourgogne-Franche-Comt\u00e9 (0) Bretagne (0) Centre-Val de L. (0) Grand Est (0) Hauts-de-France (0) \u00cele-de-France (0) Korsika (0) Normandie (0) Nouvelle-Aquit. (0) Okzitanien (0) Pays de la Loire (0) Prov.-Alp.-C\u00f4te. (0) (0) Bundesstaat ausw\u00e4hlen Ausw\u00e4hlen Bundesstaat ausw\u00e4hlen Alabama (0) Alaska (0) Arizona (0) Arkansas (0) Colorado (0) Connecticut (0) Delaware (0) Florida (0) Georgia (0) Hawaii (0) Idaho (0) Illinois (0) Indiana (0) Iowa (0) Kalifornien (0) Kansas (0) Kentucky (0) Louisiana (0) Maine (0) Maryland (0) Massachusetts (0) Michigan (0) Minnesota (0) Mississippi (0) Missouri (0) Montana (0) Nebraska (0) Nevada (0) New Hampshire (0) New Jersey (0) New Mexico (0) New York (0) North Carolina (0) North Dakota (0) Ohio (0) Oklahoma (0) Oregon (0) Pennsylvania (0) Rhode Island (0) South Carolina (0) South Dakota (0) Tennessee (0) Texas (0) Utah (0) Vermont (0) Virginia (0) Washington (0) West Virginia (0) Wisconsin (0) Wyoming (0) (0) Uy&#8230; S\u00f3lo los usuarios registrados tienen acceso a nuestra base de datos. \u00bfQuiz\u00e1 a\u00fan no est\u00e1s registrado o no has iniciado sesi\u00f3n? \u00a1Bienvenido a nuestro sitio web! Gracias por registrarte en lostio. Para obtener acceso ilimitado a nuestra base de datos, motor de b\u00fasqueda y mucho m\u00e1s, es necesaria una suscripci\u00f3n. Este obst\u00e1culo de pago no es para ganar dinero, sino para mantener alejado a alg\u00fan que otro v\u00e1ndalo. S\u00f3lo as\u00ed podemos proteger ciertos lugares. \u00bfTienes alg\u00fan problema o pregunta? Ponte en contacto con nosotros en Instagram o por correo electr\u00f3nico. Premium 4,99 \u20ac al mes Conseguir Premium \u00a1o ahorra con una suscripci\u00f3n anual!<\/p>\n","protected":false},"author":1,"featured_media":0,"parent":0,"menu_order":0,"comment_status":"closed","ping_status":"closed","template":"elementor_canvas","meta":{"pmpro_default_level":"","footnotes":""},"_links":{"self":[{"href":"https:\/\/lostio.app\/es\/wp-json\/wp\/v2\/pages\/21426"}],"collection":[{"href":"https:\/\/lostio.app\/es\/wp-json\/wp\/v2\/pages"}],"about":[{"href":"https:\/\/lostio.app\/es\/wp-json\/wp\/v2\/types\/page"}],"author":[{"embeddable":true,"href":"https:\/\/lostio.app\/es\/wp-json\/wp\/v2\/users\/1"}],"replies":[{"embeddable":true,"href":"https:\/\/lostio.app\/es\/wp-json\/wp\/v2\/comments?post=21426"}],"version-history":[{"count":1,"href":"https:\/\/lostio.app\/es\/wp-json\/wp\/v2\/pages\/21426\/revisions"}],"predecessor-version":[{"id":21427,"href":"https:\/\/lostio.app\/es\/wp-json\/wp\/v2\/pages\/21426\/revisions\/21427"}],"wp:attachment":[{"href":"https:\/\/lostio.app\/es\/wp-json\/wp\/v2\/media?parent=21426"}],"curies":[{"name":"wp","href":"https:\/\/api.w.org\/{rel}","templated":true}]}}