{"id":21420,"date":"2023-07-14T07:38:49","date_gmt":"2023-07-14T05:38:49","guid":{"rendered":"https:\/\/lostio.app\/paquetes\/"},"modified":"2026-04-03T09:28:38","modified_gmt":"2026-04-03T07:28:38","slug":"paquetes","status":"publish","type":"page","link":"https:\/\/lostio.app\/es\/paquetes\/","title":{"rendered":"Paquetes"},"content":{"rendered":"\t\t<div data-elementor-type=\"wp-page\" data-elementor-id=\"21420\" class=\"elementor elementor-21420 elementor-1987\" data-elementor-post-type=\"page\">\n\t\t\t\t\t\t<section class=\"elementor-section elementor-top-section elementor-element elementor-element-54dcc8350 elementor-section-boxed elementor-section-height-default elementor-section-height-default wpr-sticky-section-no\" data-id=\"54dcc8350\" data-element_type=\"section\" data-settings=\"{&quot;jet_parallax_layout_list&quot;:[]}\">\n\t\t\t\t\t\t<div class=\"elementor-container elementor-column-gap-default\">\n\t\t\t\t\t<div class=\"elementor-column elementor-col-100 elementor-top-column elementor-element elementor-element-34dc8040\" data-id=\"34dc8040\" data-element_type=\"column\">\n\t\t\t<div class=\"elementor-widget-wrap elementor-element-populated\">\n\t\t\t\t\t\t<div class=\"elementor-element elementor-element-16c4c3e elementor-widget elementor-widget-heading\" data-id=\"16c4c3e\" data-element_type=\"widget\" data-widget_type=\"heading.default\">\n\t\t\t\t<div class=\"elementor-widget-container\">\n\t\t\t<style>\/*! elementor - v3.22.0 - 26-06-2024 *\/\n.elementor-heading-title{padding:0;margin:0;line-height:1}.elementor-widget-heading .elementor-heading-title[class*=elementor-size-]>a{color:inherit;font-size:inherit;line-height:inherit}.elementor-widget-heading .elementor-heading-title.elementor-size-small{font-size:15px}.elementor-widget-heading .elementor-heading-title.elementor-size-medium{font-size:19px}.elementor-widget-heading .elementor-heading-title.elementor-size-large{font-size:29px}.elementor-widget-heading .elementor-heading-title.elementor-size-xl{font-size:39px}.elementor-widget-heading .elementor-heading-title.elementor-size-xxl{font-size:59px}<\/style><h2 class=\"elementor-heading-title elementor-size-default\">Nuestros paquetes premium<\/h2>\t\t<\/div>\n\t\t\t\t<\/div>\n\t\t\t\t<div class=\"elementor-element elementor-element-20ce9c6 elementor-widget elementor-widget-text-editor\" data-id=\"20ce9c6\" data-element_type=\"widget\" data-widget_type=\"text-editor.default\">\n\t\t\t\t<div class=\"elementor-widget-container\">\n\t\t\t<style>\/*! elementor - v3.22.0 - 26-06-2024 *\/\n.elementor-widget-text-editor.elementor-drop-cap-view-stacked .elementor-drop-cap{background-color:#69727d;color:#fff}.elementor-widget-text-editor.elementor-drop-cap-view-framed .elementor-drop-cap{color:#69727d;border:3px solid;background-color:transparent}.elementor-widget-text-editor:not(.elementor-drop-cap-view-default) .elementor-drop-cap{margin-top:8px}.elementor-widget-text-editor:not(.elementor-drop-cap-view-default) .elementor-drop-cap-letter{width:1em;height:1em}.elementor-widget-text-editor .elementor-drop-cap{float:left;text-align:center;line-height:1;font-size:50px}.elementor-widget-text-editor .elementor-drop-cap-letter{display:inline-block}<\/style>\t\t\t\t<p>Utilizamos el proveedor de servicios de pago seguro PayPal. Sin embargo, tambi\u00e9n es posible el <strong>pago por transferencia bancaria<\/strong>. Sin embargo, por razones organizativas, al pagar por transferencia bancaria debe contratarse una <strong>suscripci\u00f3n de<\/strong> <strong>al menos<\/strong> <strong>seis meses<\/strong>. Transferencia a:   <\/p>\n<p>Christopher Leps<br \/>IBAN: DE09 1001 8000 0114 5307 94<br \/>BIC: FNOMDEB2<br \/>Finalidad: Tu nombre de usuario<\/p>\n\t\t\t\t\t\t<\/div>\n\t\t\t\t<\/div>\n\t\t\t\t<div class=\"elementor-element elementor-element-285f50a elementor-widget__width-inherit elementor-absolute elementor-widget elementor-widget-image\" data-id=\"285f50a\" data-element_type=\"widget\" data-settings=\"{&quot;_position&quot;:&quot;absolute&quot;}\" data-widget_type=\"image.default\">\n\t\t\t\t<div class=\"elementor-widget-container\">\n\t\t\t<style>\/*! elementor - v3.22.0 - 26-06-2024 *\/\n.elementor-widget-image{text-align:center}.elementor-widget-image a{display:inline-block}.elementor-widget-image a img[src$=\".svg\"]{width:48px}.elementor-widget-image img{vertical-align:middle;display:inline-block}<\/style>\t\t\t\t\t\t\t\t\t\t\t<a href=\"https:\/\/www.paypal.com\/de\/webapps\/mpp\/paypal-safety-and-security\" rel=\"nofollow noopener\" target=\"_blank\">\n\t\t\t\t\t\t\t<img fetchpriority=\"high\" decoding=\"async\" width=\"1536\" height=\"1536\" src=\"https:\/\/lostio.app\/wp-content\/uploads\/2024\/06\/paypal-verified-logo-1-1536x1536-1.png\" class=\"attachment-full size-full wp-image-17262\" alt=\"\" srcset=\"https:\/\/lostio.app\/wp-content\/uploads\/2024\/06\/paypal-verified-logo-1-1536x1536-1.png 1536w, https:\/\/lostio.app\/wp-content\/uploads\/2024\/06\/paypal-verified-logo-1-1536x1536-1-300x300.png 300w, https:\/\/lostio.app\/wp-content\/uploads\/2024\/06\/paypal-verified-logo-1-1536x1536-1-1024x1024.png 1024w, https:\/\/lostio.app\/wp-content\/uploads\/2024\/06\/paypal-verified-logo-1-1536x1536-1-150x150.png 150w, https:\/\/lostio.app\/wp-content\/uploads\/2024\/06\/paypal-verified-logo-1-1536x1536-1-768x768.png 768w\" sizes=\"(max-width: 1536px) 100vw, 1536px\" \/>\t\t\t\t\t\t\t\t<\/a>\n\t\t\t\t\t\t\t\t\t\t\t\t\t<\/div>\n\t\t\t\t<\/div>\n\t\t\t\t<section class=\"elementor-section elementor-inner-section elementor-element elementor-element-60d399a8 elementor-section-boxed elementor-section-height-default elementor-section-height-default wpr-sticky-section-no\" data-id=\"60d399a8\" data-element_type=\"section\" data-settings=\"{&quot;jet_parallax_layout_list&quot;:[]}\">\n\t\t\t\t\t\t<div class=\"elementor-container elementor-column-gap-default\">\n\t\t\t\t\t<div class=\"elementor-column elementor-col-33 elementor-inner-column elementor-element elementor-element-46e5b9cb\" data-id=\"46e5b9cb\" data-element_type=\"column\">\n\t\t\t<div class=\"elementor-widget-wrap elementor-element-populated\">\n\t\t\t\t\t\t<div class=\"elementor-element elementor-element-05ac51d wpr-pricing-table-animation-slide wpr-pricing-table-heading-center elementor-widget elementor-widget-wpr-pricing-table\" data-id=\"05ac51d\" data-element_type=\"widget\" data-widget_type=\"wpr-pricing-table.default\">\n\t\t\t\t<div class=\"elementor-widget-container\">\n\t\t\t\n\t<div class=\"wpr-pricing-table\">\n\t\t\n\t\t\t<div class=\"elementor-repeater-item-25c5869 wpr-pricing-table-item wpr-pricing-table-heading wpr-pricing-table-item-first\">\t\t\n\t\t\t\n\t\t\t\n\t\t\t\t<div class=\"wpr-pricing-table-headding-inner\">\n\t\t\t\n\t\t\t\t\t\n\t\t\t\t\t\t\t\t\t\t\t<div class=\"wpr-pricing-table-title-wrap\">\n\t\t\t\t\t\t\t\t\n\t\t\t\t\t\t\t\t<h3 class=\"wpr-pricing-table-title\">Fin de semana<\/h3>\n\t\t\t\t\t\t\t\n\t\t\t\t\t\t\t\t\t\t\t\t\t<\/div>\n\t\t\t\t\t\t\t\t\t<\/div>\t\t\n\t\t\n\t\t\t\n\t\t\t<\/div>\n\t\t\t\n\t\t\t<div class=\"elementor-repeater-item-65d7973 wpr-pricing-table-item wpr-pricing-table-price\">\t\t\n\t\t\t\n\t\t\t\n\t\t\t\t<div class=\"wpr-pricing-table-price-inner\">\n\t\t\t\t\t\n\t\t\t\t\t<span class=\"wpr-pricing-table-currency\">&#128;<\/span>\t\t\t\t\t\n\t\t\t\t\t\t\n\t\t\t\t\t\t<span class=\"wpr-pricing-table-main-price\">1.99<\/span>\n\t\t\t\t\t\n\t\t\t\t\t\n\t\t\t\t\t\n\t\t\t\t\t\t\t\t\t<\/div>\n\n\t\t\t\t\t\t\n\t\t\t\n\t\t\t<\/div>\n\t\t\t\n\t\t\t<section class=\"elementor-repeater-item-0bf3524 wpr-pricing-table-item wpr-pricing-table-feature\">\n\t\t\t\t<div class=\"wpr-pricing-table-feature-inner\">\n\t\t\t\t\t\t\t\t\t\t\t<i class=\"wpr-pricing-table-feature-icon fas fa-check\"><\/i>\n\t\t\t\t\t\t\t\t\t\t\n\t\t\t\t\t<span class=\"wpr-pricing-table-feature-text wpr-pricing-table-ftext-line-\">\n\t\t\t\t\t\t<span>\n\t\t\t\t\t\tPrima de 48 horas\t\t\t\t\t\t<\/span>\n\t\t\t\t\t<\/span>\n\n\t\t\t\t\t\t\t\t\t\t\t\t\n\t\t\t\t<\/div>\n\t\t\t<\/section>\n\n\t\t\t\n\t\t\t<section class=\"elementor-repeater-item-8933224 wpr-pricing-table-item wpr-pricing-table-feature\">\n\t\t\t\t<div class=\"wpr-pricing-table-feature-inner\">\n\t\t\t\t\t\t\t\t\t\t\t<i class=\"wpr-pricing-table-feature-icon fas fa-check\"><\/i>\n\t\t\t\t\t\t\t\t\t\t\n\t\t\t\t\t<span class=\"wpr-pricing-table-feature-text wpr-pricing-table-ftext-line-\">\n\t\t\t\t\t\t<span>\n\t\t\t\t\t\tFunciona autom\u00e1ticamente\t\t\t\t\t\t<\/span>\n\t\t\t\t\t<\/span>\n\n\t\t\t\t\t\t\t\t\t\t\t\t\n\t\t\t\t<\/div>\n\t\t\t<\/section>\n\n\t\t\t\n\t\t\t<div class=\"elementor-repeater-item-ea2920d wpr-pricing-table-item wpr-pricing-table-button\">\t\t\n\t\t\t\n\t\t\t\n\t\t\t\t<a class=\"wpr-pricing-table-btn wpr-button-effect wpr-button-none\" href=\"https:\/\/lostio.app\/kontodaten\/checkout\/?level=5\">\n\t\t\t\t\t<span>\n\n\t\t\t\t\t\t\n\t\t\t\t\t\tSelecciona\n\t\t\t\t\t\t\t\t\t\t<\/a>\n\t\t\t\t\n\t\t\t\n\t\t\t<\/div>\n\t\t\t\n\t\t\t<div class=\"elementor-repeater-item-75fd3d3 wpr-pricing-table-item wpr-pricing-table-text wpr-pricing-table-item-last\">\t\t\n\t\t\t\n\t\t\t\n\t\t\t\t\u00fanico\n\t\t\t\n\t\t\t<\/div>\n\t\t\t\t<\/div>\n\n\t\t\t<\/div>\n\t\t\t\t<\/div>\n\t\t\t\t\t<\/div>\n\t\t<\/div>\n\t\t\t\t<div class=\"elementor-column elementor-col-33 elementor-inner-column elementor-element elementor-element-0bb1713\" data-id=\"0bb1713\" data-element_type=\"column\">\n\t\t\t<div class=\"elementor-widget-wrap elementor-element-populated\">\n\t\t\t\t\t\t<div class=\"elementor-element elementor-element-56ecf13 wpr-pricing-table-animation-slide wpr-pricing-table-heading-center elementor-widget elementor-widget-wpr-pricing-table\" data-id=\"56ecf13\" data-element_type=\"widget\" data-widget_type=\"wpr-pricing-table.default\">\n\t\t\t\t<div class=\"elementor-widget-container\">\n\t\t\t\n\t<div class=\"wpr-pricing-table\">\n\t\t\n\t\t\t<div class=\"elementor-repeater-item-25c5869 wpr-pricing-table-item wpr-pricing-table-heading wpr-pricing-table-item-first\">\t\t\n\t\t\t\n\t\t\t\n\t\t\t\t<div class=\"wpr-pricing-table-headding-inner\">\n\t\t\t\n\t\t\t\t\t\n\t\t\t\t\t\t\t\t\t\t\t<div class=\"wpr-pricing-table-title-wrap\">\n\t\t\t\t\t\t\t\t\n\t\t\t\t\t\t\t\t<h3 class=\"wpr-pricing-table-title\">Premium<\/h3>\n\t\t\t\t\t\t\t\n\t\t\t\t\t\t\t\t\t\t\t\t\t<\/div>\n\t\t\t\t\t\t\t\t\t<\/div>\t\t\n\t\t\n\t\t\t\n\t\t\t<\/div>\n\t\t\t\n\t\t\t<div class=\"elementor-repeater-item-65d7973 wpr-pricing-table-item wpr-pricing-table-price\">\t\t\n\t\t\t\n\t\t\t\n\t\t\t\t<div class=\"wpr-pricing-table-price-inner\">\n\t\t\t\t\t\n\t\t\t\t\t<span class=\"wpr-pricing-table-currency\">&#128;<\/span>\t\t\t\t\t\n\t\t\t\t\t\t\n\t\t\t\t\t\t<span class=\"wpr-pricing-table-main-price\">4.99<\/span>\n\t\t\t\t\t\n\t\t\t\t\t\n\t\t\t\t\t\n\t\t\t\t\t\t\t\t\t<\/div>\n\n\t\t\t\t\t\t\n\t\t\t\n\t\t\t<\/div>\n\t\t\t\n\t\t\t<section class=\"elementor-repeater-item-0bf3524 wpr-pricing-table-item wpr-pricing-table-feature\">\n\t\t\t\t<div class=\"wpr-pricing-table-feature-inner\">\n\t\t\t\t\t\t\t\t\t\t\t<i class=\"wpr-pricing-table-feature-icon fas fa-check\"><\/i>\n\t\t\t\t\t\t\t\t\t\t\n\t\t\t\t\t<span class=\"wpr-pricing-table-feature-text wpr-pricing-table-ftext-line-\">\n\t\t\t\t\t\t<span>\n\t\t\t\t\t\tTodas las prestaciones de la prima\t\t\t\t\t\t<\/span>\n\t\t\t\t\t<\/span>\n\n\t\t\t\t\t\t\t\t\t\t\t\t\n\t\t\t\t<\/div>\n\t\t\t<\/section>\n\n\t\t\t\n\t\t\t<section class=\"elementor-repeater-item-8933224 wpr-pricing-table-item wpr-pricing-table-feature\">\n\t\t\t\t<div class=\"wpr-pricing-table-feature-inner\">\n\t\t\t\t\t\t\t\t\t\t\t<i class=\"wpr-pricing-table-feature-icon fas fa-check\"><\/i>\n\t\t\t\t\t\t\t\t\t\t\n\t\t\t\t\t<span class=\"wpr-pricing-table-feature-text wpr-pricing-table-ftext-line-\">\n\t\t\t\t\t\t<span>\n\t\t\t\t\t\tCancelable en cualquier momento\t\t\t\t\t\t<\/span>\n\t\t\t\t\t<\/span>\n\n\t\t\t\t\t\t\t\t\t\t\t\t\n\t\t\t\t<\/div>\n\t\t\t<\/section>\n\n\t\t\t\n\t\t\t<div class=\"elementor-repeater-item-ea2920d wpr-pricing-table-item wpr-pricing-table-button\">\t\t\n\t\t\t\n\t\t\t\n\t\t\t\t<a class=\"wpr-pricing-table-btn wpr-button-effect wpr-button-none\" href=\"https:\/\/lostio.app\/kontodaten\/checkout\/?level=1\">\n\t\t\t\t\t<span>\n\n\t\t\t\t\t\t\n\t\t\t\t\t\tSelecciona\n\t\t\t\t\t\t\t\t\t\t<\/a>\n\t\t\t\t\n\t\t\t\n\t\t\t<\/div>\n\t\t\t\n\t\t\t<div class=\"elementor-repeater-item-75fd3d3 wpr-pricing-table-item wpr-pricing-table-text wpr-pricing-table-item-last\">\t\t\n\t\t\t\n\t\t\t\n\t\t\t\tal mes\n\t\t\t\n\t\t\t<\/div>\n\t\t\t\t<\/div>\n\n\t\t\t<\/div>\n\t\t\t\t<\/div>\n\t\t\t\t\t<\/div>\n\t\t<\/div>\n\t\t\t\t<div class=\"elementor-column elementor-col-33 elementor-inner-column elementor-element elementor-element-522396ac\" data-id=\"522396ac\" data-element_type=\"column\">\n\t\t\t<div class=\"elementor-widget-wrap elementor-element-populated\">\n\t\t\t\t\t\t<div class=\"elementor-element elementor-element-62ef2d49 wpr-pricing-table-animation-slide wpr-pricing-table-heading-center elementor-widget elementor-widget-wpr-pricing-table\" data-id=\"62ef2d49\" data-element_type=\"widget\" data-widget_type=\"wpr-pricing-table.default\">\n\t\t\t\t<div class=\"elementor-widget-container\">\n\t\t\t\n\t<div class=\"wpr-pricing-table\">\n\t\t\n\t\t\t<div class=\"elementor-repeater-item-25c5869 wpr-pricing-table-item wpr-pricing-table-heading wpr-pricing-table-item-first\">\t\t\n\t\t\t\n\t\t\t\n\t\t\t\t<div class=\"wpr-pricing-table-headding-inner\">\n\t\t\t\n\t\t\t\t\t\n\t\t\t\t\t\t\t\t\t\t\t<div class=\"wpr-pricing-table-title-wrap\">\n\t\t\t\t\t\t\t\t\n\t\t\t\t\t\t\t\t<h3 class=\"wpr-pricing-table-title\">5+1 meses<\/h3>\n\t\t\t\t\t\t\t\n\t\t\t\t\t\t\t\t\t\t\t\t\t<\/div>\n\t\t\t\t\t\t\t\t\t<\/div>\t\t\n\t\t\n\t\t\t\n\t\t\t<\/div>\n\t\t\t\n\t\t\t<div class=\"elementor-repeater-item-65d7973 wpr-pricing-table-item wpr-pricing-table-price\">\t\t\n\t\t\t\n\t\t\t\n\t\t\t\t<div class=\"wpr-pricing-table-price-inner\">\n\t\t\t\t\t\n\t\t\t\t\t<span class=\"wpr-pricing-table-currency\">&#128;<\/span>\t\t\t\t\t\n\t\t\t\t\t\t\n\t\t\t\t\t\t<span class=\"wpr-pricing-table-main-price\">24.99<\/span>\n\t\t\t\t\t\n\t\t\t\t\t\n\t\t\t\t\t\n\t\t\t\t\t\t\t\t\t<\/div>\n\n\t\t\t\t\t\t\n\t\t\t\n\t\t\t<\/div>\n\t\t\t\n\t\t\t<section class=\"elementor-repeater-item-0bf3524 wpr-pricing-table-item wpr-pricing-table-feature\">\n\t\t\t\t<div class=\"wpr-pricing-table-feature-inner\">\n\t\t\t\t\t\t\t\t\t\t\t<i class=\"wpr-pricing-table-feature-icon fas fa-check\"><\/i>\n\t\t\t\t\t\t\t\t\t\t\n\t\t\t\t\t<span class=\"wpr-pricing-table-feature-text wpr-pricing-table-ftext-line-\">\n\t\t\t\t\t\t<span>\n\t\t\t\t\t\tTodas las prestaciones de la prima\t\t\t\t\t\t<\/span>\n\t\t\t\t\t<\/span>\n\n\t\t\t\t\t\t\t\t\t\t\t\t\n\t\t\t\t<\/div>\n\t\t\t<\/section>\n\n\t\t\t\n\t\t\t<section class=\"elementor-repeater-item-8933224 wpr-pricing-table-item wpr-pricing-table-feature\">\n\t\t\t\t<div class=\"wpr-pricing-table-feature-inner\">\n\t\t\t\t\t\t\t\t\t\t\t<i class=\"wpr-pricing-table-feature-icon fas fa-check\"><\/i>\n\t\t\t\t\t\t\t\t\t\t\n\t\t\t\t\t<span class=\"wpr-pricing-table-feature-text wpr-pricing-table-ftext-line-\">\n\t\t\t\t\t\t<span>\n\t\t\t\t\t\t1 mes gratis\t\t\t\t\t\t<\/span>\n\t\t\t\t\t<\/span>\n\n\t\t\t\t\t\t\t\t\t\t\t\t\n\t\t\t\t<\/div>\n\t\t\t<\/section>\n\n\t\t\t\n\t\t\t<div class=\"elementor-repeater-item-7fe4e0d wpr-pricing-table-item wpr-pricing-table-button\">\t\t\n\t\t\t\n\t\t\t\n\t\t\t\t<a class=\"wpr-pricing-table-btn wpr-button-effect wpr-button-none\" href=\"https:\/\/lostio.app\/kontodaten\/checkout\/?level=2\">\n\t\t\t\t\t<span>\n\n\t\t\t\t\t\t\n\t\t\t\t\t\tSelecciona\n\t\t\t\t\t\t\t\t\t\t<\/a>\n\t\t\t\t\n\t\t\t\n\t\t\t<\/div>\n\t\t\t\n\t\t\t<div class=\"elementor-repeater-item-65c2fb0 wpr-pricing-table-item wpr-pricing-table-text wpr-pricing-table-item-last\">\t\t\n\t\t\t\n\t\t\t\n\t\t\t\tSemestral\n\t\t\t\n\t\t\t<\/div>\n\t\t\t\t<\/div>\n\n\t\t\t<\/div>\n\t\t\t\t<\/div>\n\t\t\t\t\t<\/div>\n\t\t<\/div>\n\t\t\t\t\t<\/div>\n\t\t<\/section>\n\t\t\t\t<section class=\"elementor-section elementor-inner-section elementor-element elementor-element-711b382 elementor-section-boxed elementor-section-height-default elementor-section-height-default wpr-sticky-section-no\" data-id=\"711b382\" data-element_type=\"section\" data-settings=\"{&quot;jet_parallax_layout_list&quot;:[]}\">\n\t\t\t\t\t\t<div class=\"elementor-container elementor-column-gap-default\">\n\t\t\t\t\t<div class=\"elementor-column elementor-col-50 elementor-inner-column elementor-element elementor-element-51964f2\" data-id=\"51964f2\" data-element_type=\"column\">\n\t\t\t<div class=\"elementor-widget-wrap elementor-element-populated\">\n\t\t\t\t\t\t<div class=\"elementor-element elementor-element-b735671 wpr-pricing-table-animation-slide wpr-pricing-table-heading-center elementor-widget elementor-widget-wpr-pricing-table\" data-id=\"b735671\" data-element_type=\"widget\" data-widget_type=\"wpr-pricing-table.default\">\n\t\t\t\t<div class=\"elementor-widget-container\">\n\t\t\t\n\t<div class=\"wpr-pricing-table\">\n\t\t\n\t\t\t<div class=\"elementor-repeater-item-25c5869 wpr-pricing-table-item wpr-pricing-table-heading wpr-pricing-table-item-first\">\t\t\n\t\t\t\n\t\t\t\n\t\t\t\t<div class=\"wpr-pricing-table-headding-inner\">\n\t\t\t\n\t\t\t\t\t\n\t\t\t\t\t\t\t\t\t\t\t<div class=\"wpr-pricing-table-title-wrap\">\n\t\t\t\t\t\t\t\t\n\t\t\t\t\t\t\t\t<h3 class=\"wpr-pricing-table-title\">Suscripci\u00f3n anual<\/h3>\n\t\t\t\t\t\t\t\n\t\t\t\t\t\t\t\t\t\t\t\t\t<\/div>\n\t\t\t\t\t\t\t\t\t<\/div>\t\t\n\t\t\n\t\t\t\n\t\t\t<\/div>\n\t\t\t\n\t\t\t<div class=\"elementor-repeater-item-65d7973 wpr-pricing-table-item wpr-pricing-table-price\">\t\t\n\t\t\t\n\t\t\t\n\t\t\t\t<div class=\"wpr-pricing-table-price-inner\">\n\t\t\t\t\t\n\t\t\t\t\t<span class=\"wpr-pricing-table-currency\">&#128;<\/span>\t\t\t\t\t\n\t\t\t\t\t\t\n\t\t\t\t\t\t<span class=\"wpr-pricing-table-main-price\">44.99<\/span>\n\t\t\t\t\t\n\t\t\t\t\t\n\t\t\t\t\t\n\t\t\t\t\t\t\t\t\t<\/div>\n\n\t\t\t\t\t\t\n\t\t\t\n\t\t\t<\/div>\n\t\t\t\n\t\t\t<section class=\"elementor-repeater-item-0bf3524 wpr-pricing-table-item wpr-pricing-table-feature\">\n\t\t\t\t<div class=\"wpr-pricing-table-feature-inner\">\n\t\t\t\t\t\t\t\t\t\t\t<i class=\"wpr-pricing-table-feature-icon fas fa-check\"><\/i>\n\t\t\t\t\t\t\t\t\t\t\n\t\t\t\t\t<span class=\"wpr-pricing-table-feature-text wpr-pricing-table-ftext-line-\">\n\t\t\t\t\t\t<span>\n\t\t\t\t\t\tTodas las prestaciones de la prima\t\t\t\t\t\t<\/span>\n\t\t\t\t\t<\/span>\n\n\t\t\t\t\t\t\t\t\t\t\t\t\n\t\t\t\t<\/div>\n\t\t\t<\/section>\n\n\t\t\t\n\t\t\t<section class=\"elementor-repeater-item-8933224 wpr-pricing-table-item wpr-pricing-table-feature\">\n\t\t\t\t<div class=\"wpr-pricing-table-feature-inner\">\n\t\t\t\t\t\t\t\t\t\t\t<i class=\"wpr-pricing-table-feature-icon fas fa-check\"><\/i>\n\t\t\t\t\t\t\t\t\t\t\n\t\t\t\t\t<span class=\"wpr-pricing-table-feature-text wpr-pricing-table-ftext-line-\">\n\t\t\t\t\t\t<span>\n\t\t\t\t\t\t3 meses gratis\t\t\t\t\t\t<\/span>\n\t\t\t\t\t<\/span>\n\n\t\t\t\t\t\t\t\t\t\t\t\t\n\t\t\t\t<\/div>\n\t\t\t<\/section>\n\n\t\t\t\n\t\t\t<div class=\"elementor-repeater-item-7fe4e0d wpr-pricing-table-item wpr-pricing-table-button\">\t\t\n\t\t\t\n\t\t\t\n\t\t\t\t<a class=\"wpr-pricing-table-btn wpr-button-effect wpr-button-none\" href=\"https:\/\/lostio.app\/kontodaten\/checkout\/?level=3\">\n\t\t\t\t\t<span>\n\n\t\t\t\t\t\t\n\t\t\t\t\t\tSelecciona\n\t\t\t\t\t\t\t\t\t\t<\/a>\n\t\t\t\t\n\t\t\t\n\t\t\t<\/div>\n\t\t\t\n\t\t\t<div class=\"elementor-repeater-item-12ae8a0 wpr-pricing-table-item wpr-pricing-table-text wpr-pricing-table-item-last\">\t\t\n\t\t\t\n\t\t\t\n\t\t\t\tal a\u00f1o\n\t\t\t\n\t\t\t<\/div>\n\t\t\t\t\t\t<div class=\"wpr-pricing-table-badge wpr-pricing-table-badge-corner wpr-pricing-table-badge-right\">\t\n\t\t\t\t<div class=\"wpr-pricing-table-badge-inner\">Popular<\/div>\t\n\t\t\t<\/div>\n\t\t\t<\/div>\n\n\t\t\t<\/div>\n\t\t\t\t<\/div>\n\t\t\t\t\t<\/div>\n\t\t<\/div>\n\t\t\t\t<div class=\"elementor-column elementor-col-50 elementor-inner-column elementor-element elementor-element-1a121ff\" data-id=\"1a121ff\" data-element_type=\"column\">\n\t\t\t<div class=\"elementor-widget-wrap elementor-element-populated\">\n\t\t\t\t\t\t<div class=\"elementor-element elementor-element-5116a3f wpr-pricing-table-animation-slide wpr-pricing-table-heading-center elementor-widget elementor-widget-wpr-pricing-table\" data-id=\"5116a3f\" data-element_type=\"widget\" data-widget_type=\"wpr-pricing-table.default\">\n\t\t\t\t<div class=\"elementor-widget-container\">\n\t\t\t\n\t<div class=\"wpr-pricing-table\">\n\t\t\n\t\t\t<div class=\"elementor-repeater-item-25c5869 wpr-pricing-table-item wpr-pricing-table-heading wpr-pricing-table-item-first\">\t\t\n\t\t\t\n\t\t\t\n\t\t\t\t<div class=\"wpr-pricing-table-headding-inner\">\n\t\t\t\n\t\t\t\t\t\n\t\t\t\t\t\t\t\t\t\t\t<div class=\"wpr-pricing-table-title-wrap\">\n\t\t\t\t\t\t\t\t\n\t\t\t\t\t\t\t\t<h3 class=\"wpr-pricing-table-title\">Para toda la vida<\/h3>\n\t\t\t\t\t\t\t\n\t\t\t\t\t\t\t\t\t\t\t\t\t<\/div>\n\t\t\t\t\t\t\t\t\t<\/div>\t\t\n\t\t\n\t\t\t\n\t\t\t<\/div>\n\t\t\t\n\t\t\t<div class=\"elementor-repeater-item-65d7973 wpr-pricing-table-item wpr-pricing-table-price\">\t\t\n\t\t\t\n\t\t\t\n\t\t\t\t<div class=\"wpr-pricing-table-price-inner\">\n\t\t\t\t\t\n\t\t\t\t\t<span class=\"wpr-pricing-table-currency\">&#128;<\/span>\t\t\t\t\t\n\t\t\t\t\t\t\n\t\t\t\t\t\t<span class=\"wpr-pricing-table-main-price\">99.99<\/span>\n\t\t\t\t\t\n\t\t\t\t\t\n\t\t\t\t\t\n\t\t\t\t\t\t\t\t\t<\/div>\n\n\t\t\t\t\t\t\n\t\t\t\n\t\t\t<\/div>\n\t\t\t\n\t\t\t<section class=\"elementor-repeater-item-0bf3524 wpr-pricing-table-item wpr-pricing-table-feature\">\n\t\t\t\t<div class=\"wpr-pricing-table-feature-inner\">\n\t\t\t\t\t\t\t\t\t\t\t<i class=\"wpr-pricing-table-feature-icon fas fa-check\"><\/i>\n\t\t\t\t\t\t\t\t\t\t\n\t\t\t\t\t<span class=\"wpr-pricing-table-feature-text wpr-pricing-table-ftext-line-\">\n\t\t\t\t\t\t<span>\n\t\t\t\t\t\tTodas las prestaciones de la prima\t\t\t\t\t\t<\/span>\n\t\t\t\t\t<\/span>\n\n\t\t\t\t\t\t\t\t\t\t\t\t\n\t\t\t\t<\/div>\n\t\t\t<\/section>\n\n\t\t\t\n\t\t\t<section class=\"elementor-repeater-item-8933224 wpr-pricing-table-item wpr-pricing-table-feature\">\n\t\t\t\t<div class=\"wpr-pricing-table-feature-inner\">\n\t\t\t\t\t\t\t\t\t\t\t<i class=\"wpr-pricing-table-feature-icon fas fa-check\"><\/i>\n\t\t\t\t\t\t\t\t\t\t\n\t\t\t\t\t<span class=\"wpr-pricing-table-feature-text wpr-pricing-table-ftext-line-\">\n\t\t\t\t\t\t<span>\n\t\t\t\t\t\tAcceso de por vida\t\t\t\t\t\t<\/span>\n\t\t\t\t\t<\/span>\n\n\t\t\t\t\t\t\t\t\t\t\t\t\n\t\t\t\t<\/div>\n\t\t\t<\/section>\n\n\t\t\t\n\t\t\t<div class=\"elementor-repeater-item-7fe4e0d wpr-pricing-table-item wpr-pricing-table-button\">\t\t\n\t\t\t\n\t\t\t\n\t\t\t\t<a class=\"wpr-pricing-table-btn wpr-button-effect wpr-button-none\" href=\"https:\/\/lostio.app\/kontodaten\/checkout\/?level=4\">\n\t\t\t\t\t<span>\n\n\t\t\t\t\t\t\n\t\t\t\t\t\tSelecciona\n\t\t\t\t\t\t\t\t\t\t<\/a>\n\t\t\t\t\n\t\t\t\n\t\t\t<\/div>\n\t\t\t\n\t\t\t<div class=\"elementor-repeater-item-12ae8a0 wpr-pricing-table-item wpr-pricing-table-text wpr-pricing-table-item-last\">\t\t\n\t\t\t\n\t\t\t\n\t\t\t\t\u00fanico\n\t\t\t\n\t\t\t<\/div>\n\t\t\t\t\t\t<div class=\"wpr-pricing-table-badge wpr-pricing-table-badge-corner wpr-pricing-table-badge-right\">\t\n\t\t\t\t<div class=\"wpr-pricing-table-badge-inner\">Paga 1x<\/div>\t\n\t\t\t<\/div>\n\t\t\t<\/div>\n\n\t\t\t<\/div>\n\t\t\t\t<\/div>\n\t\t\t\t\t<\/div>\n\t\t<\/div>\n\t\t\t\t\t<\/div>\n\t\t<\/section>\n\t\t\t\t\t<\/div>\n\t\t<\/div>\n\t\t\t\t\t<\/div>\n\t\t<\/section>\n\t\t\t\t<\/div>\n\t\t","protected":false},"excerpt":{"rendered":"<p>Nuestros paquetes premium Utilizamos el proveedor de servicios de pago seguro PayPal. Sin embargo, tambi\u00e9n es posible el pago por transferencia bancaria. Sin embargo, por razones organizativas, al pagar por transferencia bancaria debe contratarse una suscripci\u00f3n de al menos seis meses. Transferencia a: Christopher LepsIBAN: DE09 1001 8000 0114 5307 94BIC: FNOMDEB2Finalidad: Tu nombre de usuario Fin de semana &#8364; 1.99 Prima de 48 horas Funciona autom\u00e1ticamente Selecciona \u00fanico Premium &#8364; 4.99 Todas las prestaciones de la prima Cancelable en cualquier momento Selecciona al mes 5+1 meses &#8364; 24.99 Todas las prestaciones de la prima 1 mes gratis Selecciona Semestral Suscripci\u00f3n anual &#8364; 44.99 Todas las prestaciones de la prima 3 meses gratis Selecciona al a\u00f1o Popular Para toda la vida &#8364; 99.99 Todas las prestaciones de la prima Acceso de por vida Selecciona \u00fanico Paga 1x<\/p>\n","protected":false},"author":1,"featured_media":0,"parent":0,"menu_order":0,"comment_status":"closed","ping_status":"closed","template":"","meta":{"pmpro_default_level":"","footnotes":""},"_links":{"self":[{"href":"https:\/\/lostio.app\/es\/wp-json\/wp\/v2\/pages\/21420"}],"collection":[{"href":"https:\/\/lostio.app\/es\/wp-json\/wp\/v2\/pages"}],"about":[{"href":"https:\/\/lostio.app\/es\/wp-json\/wp\/v2\/types\/page"}],"author":[{"embeddable":true,"href":"https:\/\/lostio.app\/es\/wp-json\/wp\/v2\/users\/1"}],"replies":[{"embeddable":true,"href":"https:\/\/lostio.app\/es\/wp-json\/wp\/v2\/comments?post=21420"}],"version-history":[{"count":1,"href":"https:\/\/lostio.app\/es\/wp-json\/wp\/v2\/pages\/21420\/revisions"}],"predecessor-version":[{"id":21421,"href":"https:\/\/lostio.app\/es\/wp-json\/wp\/v2\/pages\/21420\/revisions\/21421"}],"wp:attachment":[{"href":"https:\/\/lostio.app\/es\/wp-json\/wp\/v2\/media?parent=21420"}],"curies":[{"name":"wp","href":"https:\/\/api.w.org\/{rel}","templated":true}]}}