{"id":21418,"date":"2023-07-14T07:38:49","date_gmt":"2023-07-14T05:38:49","guid":{"rendered":"https:\/\/lostio.app\/pago\/"},"modified":"2026-04-03T09:28:11","modified_gmt":"2026-04-03T07:28:11","slug":"pago","status":"publish","type":"page","link":"https:\/\/lostio.app\/es\/pago\/","title":{"rendered":"Pago"},"content":{"rendered":"\t\t<div data-elementor-type=\"wp-page\" data-elementor-id=\"21418\" class=\"elementor elementor-21418 elementor-1984\" data-elementor-post-type=\"page\">\n\t\t\t\t\t\t<section class=\"elementor-section elementor-top-section elementor-element elementor-element-53e65185 elementor-section-boxed elementor-section-height-default elementor-section-height-default wpr-sticky-section-no\" data-id=\"53e65185\" data-element_type=\"section\" data-settings=\"{&quot;jet_parallax_layout_list&quot;:[]}\">\n\t\t\t\t\t\t<div class=\"elementor-container elementor-column-gap-default\">\n\t\t\t\t\t<div class=\"elementor-column elementor-col-100 elementor-top-column elementor-element elementor-element-7023d26a\" data-id=\"7023d26a\" data-element_type=\"column\">\n\t\t\t<div class=\"elementor-widget-wrap elementor-element-populated\">\n\t\t\t\t\t\t<div class=\"elementor-element elementor-element-27912810 elementor-widget elementor-widget-text-editor\" data-id=\"27912810\" data-element_type=\"widget\" data-widget_type=\"text-editor.default\">\n\t\t\t\t<div class=\"elementor-widget-container\">\n\t\t\t<style>\/*! elementor - v3.22.0 - 26-06-2024 *\/\n.elementor-widget-text-editor.elementor-drop-cap-view-stacked .elementor-drop-cap{background-color:#69727d;color:#fff}.elementor-widget-text-editor.elementor-drop-cap-view-framed .elementor-drop-cap{color:#69727d;border:3px solid;background-color:transparent}.elementor-widget-text-editor:not(.elementor-drop-cap-view-default) .elementor-drop-cap{margin-top:8px}.elementor-widget-text-editor:not(.elementor-drop-cap-view-default) .elementor-drop-cap-letter{width:1em;height:1em}.elementor-widget-text-editor .elementor-drop-cap{float:left;text-align:center;line-height:1;font-size:50px}.elementor-widget-text-editor .elementor-drop-cap-letter{display:inline-block}<\/style>\t\t\t\t<p>[pmpro_checkout]<\/p>\n\t\t\t\t\t\t<\/div>\n\t\t\t\t<\/div>\n\t\t\t\t<div class=\"elementor-element elementor-element-17cad67 elementor-widget elementor-widget-text-editor\" data-id=\"17cad67\" data-element_type=\"widget\" data-widget_type=\"text-editor.default\">\n\t\t\t\t<div class=\"elementor-widget-container\">\n\t\t\t\t\t\t\t<p>Utilizamos el proveedor de servicios de pago seguro PayPal. Sin embargo, tambi\u00e9n es posible el <strong>pago por transferencia bancaria<\/strong>. Sin embargo, por razones organizativas, al pagar por transferencia bancaria debe contratarse una <strong>suscripci\u00f3n de<\/strong> <strong>al menos<\/strong> <strong>seis meses<\/strong>. Transferencia a:   <\/p>\n<p><strong>Christopher Leps<\/strong><br \/>IBAN: <strong>DE09 1001 8000 0114 5307 94<\/strong><strong><br \/><\/strong>BIC: <strong>FNOMDEB2<\/strong><br \/>Finalidad: <strong>Tu nombre de usuario<\/strong><\/p>\n<p>Si tienes alg\u00fan problema para configurar tu suscripci\u00f3n, ponte en contacto con nosotros a trav\u00e9s de nuestro grupo de WhatsApp (enlace en la pantalla de inicio), por <a href=\"https:\/\/www.instagram.com\/lostio.app\" target=\"_blank\" rel=\"nofollow noopener\">Instagram<\/a> o por correo electr\u00f3nico a <a href=\"mailto:info@lostio.app\">info@lostio.app.<\/a><\/p>\n\t\t\t\t\t\t<\/div>\n\t\t\t\t<\/div>\n\t\t\t\t\t<\/div>\n\t\t<\/div>\n\t\t\t\t\t<\/div>\n\t\t<\/section>\n\t\t\t\t<\/div>\n\t\t","protected":false},"excerpt":{"rendered":"<p>[pmpro_checkout] Utilizamos el proveedor de servicios de pago seguro PayPal. Sin embargo, tambi\u00e9n es posible el pago por transferencia bancaria. Sin embargo, por razones organizativas, al pagar por transferencia bancaria debe contratarse una suscripci\u00f3n de al menos seis meses. Transferencia a: Christopher LepsIBAN: DE09 1001 8000 0114 5307 94BIC: FNOMDEB2Finalidad: Tu nombre de usuario Si tienes alg\u00fan problema para configurar tu suscripci\u00f3n, ponte en contacto con nosotros a trav\u00e9s de nuestro grupo de WhatsApp (enlace en la pantalla de inicio), por Instagram o por correo electr\u00f3nico a info@lostio.app.<\/p>\n","protected":false},"author":1,"featured_media":0,"parent":0,"menu_order":0,"comment_status":"closed","ping_status":"closed","template":"elementor_canvas","meta":{"pmpro_default_level":"","footnotes":""},"_links":{"self":[{"href":"https:\/\/lostio.app\/es\/wp-json\/wp\/v2\/pages\/21418"}],"collection":[{"href":"https:\/\/lostio.app\/es\/wp-json\/wp\/v2\/pages"}],"about":[{"href":"https:\/\/lostio.app\/es\/wp-json\/wp\/v2\/types\/page"}],"author":[{"embeddable":true,"href":"https:\/\/lostio.app\/es\/wp-json\/wp\/v2\/users\/1"}],"replies":[{"embeddable":true,"href":"https:\/\/lostio.app\/es\/wp-json\/wp\/v2\/comments?post=21418"}],"version-history":[{"count":1,"href":"https:\/\/lostio.app\/es\/wp-json\/wp\/v2\/pages\/21418\/revisions"}],"predecessor-version":[{"id":21419,"href":"https:\/\/lostio.app\/es\/wp-json\/wp\/v2\/pages\/21418\/revisions\/21419"}],"wp:attachment":[{"href":"https:\/\/lostio.app\/es\/wp-json\/wp\/v2\/media?parent=21418"}],"curies":[{"name":"wp","href":"https:\/\/api.w.org\/{rel}","templated":true}]}}