{"id":21414,"date":"2023-07-13T09:51:35","date_gmt":"2023-07-13T07:51:35","guid":{"rendered":"https:\/\/lostio.app\/cuadro-de-mandos\/"},"modified":"2026-04-03T09:27:29","modified_gmt":"2026-04-03T07:27:29","slug":"cuadro-de-mandos","status":"publish","type":"page","link":"https:\/\/lostio.app\/es\/cuadro-de-mandos\/","title":{"rendered":"Cuadro de mandos"},"content":{"rendered":"\t\t<div data-elementor-type=\"wp-page\" data-elementor-id=\"21414\" class=\"elementor elementor-21414 elementor-1639\" data-elementor-post-type=\"page\">\n\t\t\t\t<div class=\"elementor-element elementor-element-d8b0da9 jedv-enabled--yes e-flex e-con-boxed wpr-sticky-section-no e-con e-parent\" data-id=\"d8b0da9\" data-element_type=\"container\" data-settings=\"{&quot;jet_parallax_layout_list&quot;:[]}\">\n\t\t\t\t\t<div class=\"e-con-inner\">\n\t\t\t\t<div class=\"elementor-element elementor-element-1eb7fc6 elementor-widget elementor-widget-heading\" data-id=\"1eb7fc6\" data-element_type=\"widget\" data-widget_type=\"heading.default\">\n\t\t\t\t<div class=\"elementor-widget-container\">\n\t\t\t<h2 class=\"elementor-heading-title elementor-size-default\">Uy...<\/h2>\t\t<\/div>\n\t\t\t\t<\/div>\n\t\t\t\t<div class=\"elementor-element elementor-element-a809811 elementor-widget elementor-widget-text-editor\" data-id=\"a809811\" data-element_type=\"widget\" data-widget_type=\"text-editor.default\">\n\t\t\t\t<div class=\"elementor-widget-container\">\n\t\t\t\t\t\t\t<p>S\u00f3lo los usuarios registrados tienen acceso al panel de control. \u00bfQuiz\u00e1 a\u00fan no est\u00e1s <a href=\"https:\/\/lostio.app\/en\/sign-up\/\">registrado<\/a> o no has <a href=\"https:\/\/lostio.app\/en\/log-in\/\">iniciado sesi\u00f3n<\/a>? <\/p>\n\t\t\t\t\t\t<\/div>\n\t\t\t\t<\/div>\n\t\t\t\t\t<\/div>\n\t\t\t\t<\/div>\n\t\t\t\t<\/div>\n\t\t","protected":false},"excerpt":{"rendered":"<p>\u00bfTodo bien contigo? Siempre puertas abiertas \ud83e\udd19 Solicitar pago \u00a1Invita a tus amigos! Recibe hasta 15,00 \u20ac* por cada amigo invitado que se haga Premium. Aqu\u00ed tienes tu enlace de invitaci\u00f3n personal: \u00a1Invita a tus amigos y consigue un vale de 100 euros para Amazon! \u00a1La temporada Urbex ha comenzado en gran medida! Por eso, una vez m\u00e1s tienes la oportunidad de conseguir un vale de 100 euros de Amazon, adem\u00e1s de tu cr\u00e9dito, \u00a1invitando a tus amigos y compa\u00f1eros de viaje a lostio! Como siempre, actualizaremos regularmente la clasificaci\u00f3n aqu\u00ed. Podr\u00e1s ver inmediatamente qu\u00e9 posibilidades tienes. La promoci\u00f3n dura hasta el 31 de enero de 2026 y s\u00f3lo cuentan los amigos invitados que hayan adquirido al menos una suscripci\u00f3n Premium mensual. Recuerda tambi\u00e9n a tus amigos que introduzcan tu nombre de usuario en el campo &#8220;Invitado&#8221; al registrarse, o simplemente dales tu enlace de invitaci\u00f3n personal. Buena suerte. Lugar Nombre Invitado 1. UrbexKalle 3 2. Sar.04 2 3. Koala yugos 1 \u00bfPreparado para la temporada Urbex? Apenas acaba de ponerse en marcha de nuevo y por eso tenemos una oferta muy especial para ti. \u00a1Consigue ahora la suscripci\u00f3n anual a lostio por s\u00f3lo 39,99 euros al a\u00f1o de forma permanente ! S\u00f3lo tienes que introducir el c\u00f3digo del vale LOSTIO25 al pasar por caja. El c\u00f3digo del vale s\u00f3lo es v\u00e1lido hasta el 11.05.2025. Consejos y sugerencias \u00fatiles Instala lostio como una app (Apple) lostio es una aplicaci\u00f3n web, lo que significa que puedes instalarla directamente desde el navegador de tu iPhone. Simplemente a\u00f1ade el sitio web a tu pantalla de inicio y tu sistema reconocer\u00e1 que se trata de una aplicaci\u00f3n web y la abrir\u00e1 a pantalla completa. Una gu\u00eda para ello: Abre el navegador Safari. Llama al sitio web deseado. Pulsa el bot\u00f3n de compartir, el peque\u00f1o cuadrado con la flecha apuntando hacia arriba. Ampl\u00eda el men\u00fa. Aqu\u00ed encontrar\u00e1s la opci\u00f3n &#8220;Ir a la pantalla de inicio&#8221;. Acceso al grupo de WhatsApp \u00bfSab\u00edas que tenemos un grupo comunitario de WhatsApp? \u00a1Echa un vistazo! Tambi\u00e9n recibir\u00e1s todos los anuncios sobre cada actualizaci\u00f3n en lostio. \u00a1No deber\u00edas perd\u00e9rtelo! \u00bfTuringia cerca de m\u00ed? lostio utiliza tu ubicaci\u00f3n actual para mostrarte Lugares Perdidos en los alrededores. Si se te muestran Lugares Perdidos de Turingia que est\u00e1n a unos 4 km de distancia, es porque has rechazado la ubicaci\u00f3n y no has concedido acceso a lostio. Ponte en contacto con nuestro grupo de WhatsApp de soporte si sigues teniendo problemas aqu\u00ed. Muchos usuarios de iPhone tienen problemas aqu\u00ed. Aseg\u00farate de permitir los servicios de localizaci\u00f3n y ubicaci\u00f3n en los ajustes de &#8220;Privacidad&#8221; en &#8220;Safari&#8221;, ya que lostio utiliza el navegador Safari. Cambiar el servicio de mapas (Google y Apple) Para una presentaci\u00f3n normalizada, utilizamos sobre todo mapas integrados de Google Maps en lostio. No obstante, por supuesto tambi\u00e9n es posible utilizar Apple Maps para la navegaci\u00f3n. Sin embargo, esto s\u00f3lo afecta al bot\u00f3n &#8220;Ruta&#8221; en los lugares perdidos individuales. Puedes encontrar la configuraci\u00f3n correspondiente en tus ajustes. All\u00ed podr\u00e1s seleccionar f\u00e1cilmente tu servicio de mapas favorito. \u00bflostio no es tan colorido como otros? Este problema suele ocurrir con los dispositivos Samsung y se debe al modo oscuro preestablecido de tu tel\u00e9fono m\u00f3vil. El modo oscuro forzado de los dispositivos no puede ni debe ser evitado por nosotros. Como consecuencia, los colores y los iconos se muestran, naturalmente, de forma diferente a la que hemos especificado. Si esto te molesta, te rogamos, por supuesto, que desactives el modo oscuro. De todas formas, lostio se basa en un dise\u00f1o oscuro. Integra tu propio mapa de Google MyMaps En lostio, puedes crear un acceso r\u00e1pido para tu propio mapa de Google MyMaps. Para ello, el mapa ni siquiera tiene que ser p\u00fablico, por lo que tus ubicaciones estar\u00e1n protegidas y s\u00f3lo podr\u00e1s verlas t\u00fa. La configuraci\u00f3n es un proceso \u00fanico y puede completarse en unos pocos pasos. Actualmente tienes que configurarlo en tu PC, ya que a\u00fan no conocemos una forma de copiar el enlace del mapa en tu tel\u00e9fono m\u00f3vil. Copia el enlace de tu mapa MyMaps. Para ello, ve al modo de vista previa de tu mapa y copia la URL correspondiente. Ahora ve a la configuraci\u00f3n del perfil aqu\u00ed en lostio y pega el enlace en el campo correspondiente. Guarda los cambios en tu perfil. A continuaci\u00f3n, encontrar\u00e1s un nuevo bot\u00f3n llamado MyMaps debajo de la p\u00e1gina &#8220;Lugares&#8221;. Si haces clic en \u00e9l y est\u00e1s conectado con la cuenta de Google correcta (propietaria del mapa), tu mapa privado de MyMaps se abrir\u00e1 en un instante. Gana dinero en lostio C\u00f3mo funciona Como usuario activo, puedes ganar dinero con lostio. Siempre puedes encontrar tu saldo actual aqu\u00ed, en tu panel de control. En cuanto tengas 10,00 \u20ac, aparecer\u00e1 un bot\u00f3n de pago. S\u00f3lo puedes retirar tu dinero si tienes una suscripci\u00f3n Premium. Si no la tienes, puedes canjear 5,00 \u20ac de tu saldo para conseguir lostio durante 30 d\u00edas \u00a1gratis! Pero, \u00bfc\u00f3mo puedes ganar dinero? Abre las pesta\u00f1as necesarias. Invita a tus amigos*. A partir de ahora, todos los usuarios de lostio tienen un enlace de invitaci\u00f3n personalizado. \ud83e\udd73 \u00bfC\u00f3mo se compone el pago?&#8211; Si tu amigo contrata una suscripci\u00f3n mensual, recibir\u00e1s un pago \u00fanico de 1,00 euros&#8211; Para una suscripci\u00f3n de 6 meses, recibir\u00e1s un pago \u00fanico de 5,00 euros &#8211; Para una suscripci\u00f3n anual, recibir\u00e1s un pago \u00fanico de 10,00 euros&#8211; Para el acceso de por vida, recibir\u00e1s un pago \u00fanico de 15,00 euros Actualizar y a\u00f1adir Lugares Perdidos Actualizaci\u00f3n Lugar Perdido Por supuesto, \u00a1tambi\u00e9n recibir\u00e1s un peque\u00f1o detalle por tu actividad aqu\u00ed en lostio! Si env\u00edas una foto para un lugar sin foto, recibir\u00e1s 0,10 euros. Env\u00eda un nuevo Lugar Perdido \u00a1Tambi\u00e9n recibir\u00e1s alg\u00fan cr\u00e9dito para un nuevo Lugar Perdido! Siempre que todos los detalles est\u00e9n completos y se env\u00ede una foto. Si informas de un nuevo Lugar Perdido, incluyendo una foto, caracter\u00edsticas y descripci\u00f3n, recibir\u00e1s 0,15 euros. Eventos y concursos Tambi\u00e9n puedes conseguir cr\u00e9ditos adicionales a trav\u00e9s de eventos especiales y concursos. As\u00ed que \u00a1mantente siempre ocupado en<\/p>\n","protected":false},"author":1,"featured_media":0,"parent":0,"menu_order":0,"comment_status":"closed","ping_status":"closed","template":"elementor_canvas","meta":{"pmpro_default_level":"","footnotes":""},"_links":{"self":[{"href":"https:\/\/lostio.app\/es\/wp-json\/wp\/v2\/pages\/21414"}],"collection":[{"href":"https:\/\/lostio.app\/es\/wp-json\/wp\/v2\/pages"}],"about":[{"href":"https:\/\/lostio.app\/es\/wp-json\/wp\/v2\/types\/page"}],"author":[{"embeddable":true,"href":"https:\/\/lostio.app\/es\/wp-json\/wp\/v2\/users\/1"}],"replies":[{"embeddable":true,"href":"https:\/\/lostio.app\/es\/wp-json\/wp\/v2\/comments?post=21414"}],"version-history":[{"count":1,"href":"https:\/\/lostio.app\/es\/wp-json\/wp\/v2\/pages\/21414\/revisions"}],"predecessor-version":[{"id":21415,"href":"https:\/\/lostio.app\/es\/wp-json\/wp\/v2\/pages\/21414\/revisions\/21415"}],"wp:attachment":[{"href":"https:\/\/lostio.app\/es\/wp-json\/wp\/v2\/media?parent=21414"}],"curies":[{"name":"wp","href":"https:\/\/api.w.org\/{rel}","templated":true}]}}