{"id":21412,"date":"2023-07-19T06:13:15","date_gmt":"2023-07-19T04:13:15","guid":{"rendered":"https:\/\/lostio.app\/gtc\/"},"modified":"2026-04-03T09:26:41","modified_gmt":"2026-04-03T07:26:41","slug":"gtc","status":"publish","type":"page","link":"https:\/\/lostio.app\/es\/gtc\/","title":{"rendered":"GTC"},"content":{"rendered":"\t\t<div data-elementor-type=\"wp-page\" data-elementor-id=\"21412\" class=\"elementor elementor-21412 elementor-3988\" data-elementor-post-type=\"page\">\n\t\t\t\t<div class=\"elementor-element elementor-element-605ab00 e-flex e-con-boxed wpr-sticky-section-no e-con e-parent\" data-id=\"605ab00\" data-element_type=\"container\" data-settings=\"{&quot;jet_parallax_layout_list&quot;:[]}\">\n\t\t\t\t\t<div class=\"e-con-inner\">\n\t\t\t\t<div class=\"elementor-element elementor-element-ba61fd2 elementor-widget elementor-widget-heading\" data-id=\"ba61fd2\" data-element_type=\"widget\" data-widget_type=\"heading.default\">\n\t\t\t\t<div class=\"elementor-widget-container\">\n\t\t\t<style>\/*! elementor - v3.22.0 - 26-06-2024 *\/\n.elementor-heading-title{padding:0;margin:0;line-height:1}.elementor-widget-heading .elementor-heading-title[class*=elementor-size-]>a{color:inherit;font-size:inherit;line-height:inherit}.elementor-widget-heading .elementor-heading-title.elementor-size-small{font-size:15px}.elementor-widget-heading .elementor-heading-title.elementor-size-medium{font-size:19px}.elementor-widget-heading .elementor-heading-title.elementor-size-large{font-size:29px}.elementor-widget-heading .elementor-heading-title.elementor-size-xl{font-size:39px}.elementor-widget-heading .elementor-heading-title.elementor-size-xxl{font-size:59px}<\/style><h2 class=\"elementor-heading-title elementor-size-default\">GTC<\/h2>\t\t<\/div>\n\t\t\t\t<\/div>\n\t\t\t\t<div class=\"elementor-element elementor-element-ed8f706 elementor-widget elementor-widget-text-editor\" data-id=\"ed8f706\" data-element_type=\"widget\" data-widget_type=\"text-editor.default\">\n\t\t\t\t<div class=\"elementor-widget-container\">\n\t\t\t<style>\/*! elementor - v3.22.0 - 26-06-2024 *\/\n.elementor-widget-text-editor.elementor-drop-cap-view-stacked .elementor-drop-cap{background-color:#69727d;color:#fff}.elementor-widget-text-editor.elementor-drop-cap-view-framed .elementor-drop-cap{color:#69727d;border:3px solid;background-color:transparent}.elementor-widget-text-editor:not(.elementor-drop-cap-view-default) .elementor-drop-cap{margin-top:8px}.elementor-widget-text-editor:not(.elementor-drop-cap-view-default) .elementor-drop-cap-letter{width:1em;height:1em}.elementor-widget-text-editor .elementor-drop-cap{float:left;text-align:center;line-height:1;font-size:50px}.elementor-widget-text-editor .elementor-drop-cap-letter{display:inline-block}<\/style>\t\t\t\t<div class=\"typo-header\">\n<h4 class=\"typo-header__headline\">\u00a7 1 Generalidades &#8211; \u00c1mbito de aplicaci\u00f3n<\/h4>\n<\/div>\n<div id=\"1allgemeinesgeltungsbereich\" class=\"content\">\n<div>\n<p>1.1 Las siguientes Condiciones Generales de Suscripci\u00f3n (en adelante, &#8220;CGS&#8221;) se aplican exclusivamente a la celebraci\u00f3n de contratos de suscripci\u00f3n para la compra de Paquetes Premium en lostio, Grasweg 9, 38312 Ohrum, Director General: Christopher Leps, correo electr\u00f3nico: <a class=\"keychainify-checked\" href=\"mailto:info@lostio.app\">info@lostio.app<\/a> (&#8220;lostio&#8221;) bajo el dominio <a class=\"keychainify-checked\" href=\"http:\/\/www.lostio.app\">www.lostio.app.<\/a><\/p>\n<p>1.2 lostio opera el sitio web para la compra de Paquetes Premium y se convierte en el socio contractual de los clientes.<\/p>\n<p>1.3 Estas CGC se aplican exclusivamente en relaci\u00f3n con los consumidores. Un consumidor es cualquier persona f\u00edsica que realice un negocio jur\u00eddico con fines predominantemente ajenos a su actividad comercial, empresarial o profesional. <\/p>\n<p>1.4 El Cliente puede seleccionar y comprar una suscripci\u00f3n en lostio. Tras la celebraci\u00f3n del contrato y el pago, el cliente recibe acceso a lostio Premium durante la duraci\u00f3n de la suscripci\u00f3n. <\/p>\n<\/div>\n<\/div>\n<div id=\"2vertragsschluss\" class=\"content\">\n<h4>\u00a7 2 Conclusi\u00f3n del contrato<\/h4>\n<div>\n<p>2.1 Las suscripciones al Acceso Premium ofrecidas en lostio representan una invitaci\u00f3n no vinculante al cliente a suscribirse.<\/p>\n<p>2.2 Tras seleccionar una suscripci\u00f3n, el cliente introduce los datos necesarios para celebrar el contrato (nombre y apellidos, direcci\u00f3n de correo electr\u00f3nico, direcci\u00f3n(es) de pago y entrega, detalles de pago si procede). <\/p>\n<p>2.3 En la siguiente p\u00e1gina de conclusi\u00f3n del contrato, el cliente realiza un pedido vinculante de compra de la suscripci\u00f3n correspondiente haciendo clic en el bot\u00f3n &#8220;Pagar con PayPal&#8221;.<\/p>\n<p>2.4 lostio confirma inmediatamente la conclusi\u00f3n del pedido del cliente y la conclusi\u00f3n del contrato por correo electr\u00f3nico. El contrato se perfecciona cuando el cliente recibe el correo electr\u00f3nico de confirmaci\u00f3n de lostio. <\/p>\n<p>2.5 El texto del contrato no es guardado por el vendedor y ya no puede ser recuperado tras la celebraci\u00f3n del contrato. Sin embargo, el cliente tiene la opci\u00f3n de recuperar y guardar las disposiciones contractuales, incluidas estas CGC, cuando se celebre el contrato. <\/p>\n<p>2.7 Para la celebraci\u00f3n del contrato s\u00f3lo est\u00e1 disponible el idioma alem\u00e1n.<\/p>\n<\/div>\n<\/div>\n<div id=\"3preiseundzahlung\" class=\"content\">\n<h4>\u00a7 3 Precios y pago<\/h4>\n<div>\n<p>3.1 Los precios mostrados en lostio est\u00e1n en euros. Pueden aplicarse impuestos adicionales como el IVA o tasas. <\/p>\n<p>3.2 Pedidos procedentes de pa\u00edses no europeos:<\/p>\n<ul class=\"cust-tmce-paragraph\">\n<li>\n<p>Estos precios tambi\u00e9n se aplican a pa\u00edses no europeos, como Suiza y ultramar.<\/p>\n<\/li>\n<\/ul>\n<p>3.3 La tramitaci\u00f3n de los contratos, la facturaci\u00f3n y el cobro de los pagos son realizados por el proveedor de servicios de pago PayPal y por lostio.<\/p>\n<p>3.4 Los precios son pagaderos y facturados mensual, semestral o anualmente por adelantado al concluir el contrato, dependiendo de la suscripci\u00f3n seleccionada. La primera fecha de facturaci\u00f3n es el d\u00eda en que se concluye la suscripci\u00f3n. La factura se env\u00eda al cliente por correo electr\u00f3nico.  <\/p>\n<p>3.5 El pago por parte del cliente se realiza a trav\u00e9s de una de las dos opciones de pago ofrecidas por lostio y seleccionadas por el cliente al realizar el pedido, pago por PayPal o transferencia bancaria.<\/p>\n<p>3.6 Si el cliente opta por pagar mediante transferencia bancaria, deber\u00e1 transferir el importe de la factura a la cuenta especificada en la factura inmediatamente despu\u00e9s de recibirla. El acceso Premium no se activar\u00e1 antes de esta fecha. <\/p>\n<p>3.7 Si el cliente elige pagar a trav\u00e9s de PayPal, el pago se cobrar\u00e1 inmediatamente a partir de la fecha de la factura, a menos que se seleccione y especifique lo contrario en la cuenta privada de PayPal.<\/p>\n<\/div>\n<\/div>\n<div id=\"4lieferung\" class=\"content\">\n<h4>\u00a7 4 Entrega<\/h4>\n<div>\n<p>La suscripci\u00f3n y el paquete Premium se entregar\u00e1n inmediatamente despu\u00e9s de recibir el pago.<\/p>\n<\/div>\n<\/div>\n<div id=\"5widerrufsrechtfrabonnementvertrge\" class=\"content\">\n<h4>\u00a7 5 Derecho de rescisi\u00f3n de los contratos de suscripci\u00f3n<\/h4>\n<p>Como se trata de un servicio digital, tu derecho de cancelaci\u00f3n expira inmediatamente despu\u00e9s de la celebraci\u00f3n del contrato, de acuerdo con el Art\u00edculo 356 (4) y el Art\u00edculo 356 (5) del C\u00f3digo Civil alem\u00e1n (BGB), ya que el Acceso Premium puede utilizarse inmediatamente.<\/p>\n<\/div>\n<div id=\"6laufzeitkndigung\" class=\"content\">\n<h4>\u00a7 6 Plazo\/cancelaci\u00f3n<\/h4>\n<div>\n<p>6.1 La duraci\u00f3n de una suscripci\u00f3n es de uno (1), seis (6) o doce (12) meses (&#8220;per\u00edodo de contrato&#8221;), seg\u00fan elija el cliente.<\/p>\n<p>6.2 Una suscripci\u00f3n se renueva autom\u00e1ticamente por el per\u00edodo de contrato seleccionado por el cliente, a menos que se cancele de antemano.<\/p>\n<p>6.3 La suscripci\u00f3n a lostio puede cancelarse en cualquier momento. Para cancelarla, simplemente finaliza la suscripci\u00f3n a trav\u00e9s de la configuraci\u00f3n de la cuenta personal en lostio. <\/p>\n<p>6.4 En caso de cancelaci\u00f3n antes de que finalice el periodo contractual, el cliente dispondr\u00e1 de Acceso Premium hasta el final del periodo contractual ya facturado y pagado.<\/p>\n<p>6.5 lostio puede rescindir el contrato prematuramente en cualquier momento en casos especiales (da\u00f1os contra lostio, por ejemplo, difamaci\u00f3n del car\u00e1cter por parte del Usuario, copiar y compartir Contenido Premium) a pesar del pago ya realizado. lostio no est\u00e1 obligado a reembolsar el pago ya realizado. Adem\u00e1s, lostio tiene derecho a emprender acciones legales contra las personas implicadas, especialmente en caso de robo de propiedad y difamaci\u00f3n.  <\/p>\n<p>6.6 Tu derecho contractual de uso tampoco te autoriza a revelar tus datos de acceso a terceros. Si nuestros sistemas informan de actividades inusuales en sus archivos de registro, lostio se reserva el derecho a bloquear la cuenta en cualquier momento. <\/p>\n<\/div>\n<\/div>\n<div id=\"8haftung\" class=\"content\">\n<h4>\u00a7 7 Responsabilidad civil<\/h4>\n<div>\n<p>7.1 lostio es responsable sin limitaci\u00f3n por dolo y negligencia grave.<\/p>\n<p>7.2 En caso de incumplimiento por negligencia leve de una obligaci\u00f3n principal de ejecuci\u00f3n (&#8220;obligaci\u00f3n cardinal&#8221;), la responsabilidad de lostio se limita a los da\u00f1os directos previsibles en el momento de la celebraci\u00f3n del contrato y t\u00edpicos del mismo. Las obligaciones principales de ejecuci\u00f3n son aquellas cuyo incumplimiento pone en peligro la consecuci\u00f3n del objeto del contrato o cuyo cumplimiento es esencial para la correcta ejecuci\u00f3n del contrato y en cuyo cumplimiento puede confiar regularmente el cliente. <\/p>\n<p>7.3 En caso de incumplimiento por negligencia leve de una obligaci\u00f3n contractual accesoria, queda excluida la responsabilidad de lostio.<\/p>\n<p>7.4 En la medida en que la responsabilidad de lostio est\u00e9 excluida o limitada seg\u00fan las disposiciones anteriores, esto tambi\u00e9n se aplicar\u00e1 a los empleados, \u00f3rganos y auxiliares ejecutivos del Vendedor.<\/p>\n<p>7.5 Las limitaciones y exclusiones de responsabilidad de las cl\u00e1usulas 8.2 a 7.4 no se aplicar\u00e1n en caso de responsabilidad objetiva legal obligatoria (por ejemplo, en virtud de la Ley alemana de responsabilidad por productos defectuosos), en caso de asunci\u00f3n de una garant\u00eda sin culpa y en caso de lesi\u00f3n de la salud, el cuerpo o la vida.<\/p>\n<h4>\u00a7 8 Env\u00edo de boletines<\/h4>\n<p>Al registrarse, el usuario acepta ser incluido autom\u00e1ticamente en nuestra lista de correo del bolet\u00edn informativo. La cancelaci\u00f3n de la suscripci\u00f3n al bolet\u00edn puede hacerse en cualquier momento a trav\u00e9s del correo electr\u00f3nico correspondiente. <\/p>\n<\/div>\n<\/div>\n<div id=\"9verbraucherstreitbeilegung\" class=\"content\">\n<h4>\u00a7 9 Resoluci\u00f3n de litigios en materia de consumo<\/h4>\n<div>\n<p>lostio no est\u00e1 obligado a participar en un procedimiento de resoluci\u00f3n de litigios ante una junta de arbitraje de consumo, de acuerdo con la Ley alemana de resoluci\u00f3n de litigios de consumo (VSGB). La plataforma de la Comisi\u00f3n Europea para la resoluci\u00f3n de litigios en l\u00ednea se encuentra en <a class=\"keychainify-checked\" href=\"https:\/\/ec.europa.eu\/consumers\/odr\/\" rel=\"nofollow noopener\" target=\"_blank\">https:\/\/ec.europa.eu\/consumers\/odr\/.<\/a> Puedes ponerte en contacto con el vendedor en <a href=\"mailto:info@lostio.app\">info@lostio.app.<\/a>  <\/p>\n<\/div>\n<\/div>\n<div id=\"10schlussbestimmungen\" class=\"content\">\n<h4>\u00a7 10 Disposiciones finales<\/h4>\n<div>\n<p>9.1 Se aplicar\u00e1 la legislaci\u00f3n de la Rep\u00fablica Federal de Alemania. El lugar de jurisdicci\u00f3n para todos los litigios relacionados con este contrato es Wolfenb\u00fcttel. <\/p>\n<p>9.2 Quedan intactas las disposiciones que no puedan ser modificadas por acuerdo en virtud de la legislaci\u00f3n del pa\u00eds en el que el cliente tenga su residencia habitual.<\/p>\n<p>9.3 Si alguna de las disposiciones de este contrato fuera inv\u00e1lida o inaplicable o pasara a ser inv\u00e1lida o inaplicable tras la celebraci\u00f3n del contrato, ello no afectar\u00e1 a la validez del resto del contrato. La disposici\u00f3n inv\u00e1lida o inaplicable ser\u00e1 sustituida por una disposici\u00f3n v\u00e1lida y aplicable cuyos efectos se aproximen lo m\u00e1s posible a la finalidad econ\u00f3mica de la disposici\u00f3n inv\u00e1lida o inaplicable. La disposici\u00f3n inv\u00e1lida o inaplicable ser\u00e1 sustituida por una disposici\u00f3n v\u00e1lida y aplicable cuyos efectos se aproximen lo m\u00e1s posible a la finalidad econ\u00f3mica perseguida por las partes contratantes con la disposici\u00f3n inv\u00e1lida o inaplicable. Las disposiciones anteriores se aplicar\u00e1n en consecuencia en caso de que el contrato resulte ser incompleto.   <\/p>\n<p>Estado: marzo de 2026<\/p>\n<\/div>\n<\/div>\n\t\t\t\t\t\t<\/div>\n\t\t\t\t<\/div>\n\t\t\t\t\t<\/div>\n\t\t\t\t<\/div>\n\t\t\t\t<\/div>\n\t\t","protected":false},"excerpt":{"rendered":"<p>GTC \u00a7 1 Generalidades &#8211; \u00c1mbito de aplicaci\u00f3n 1.1 Las siguientes Condiciones Generales de Suscripci\u00f3n (en adelante, &#8220;CGS&#8221;) se aplican exclusivamente a la celebraci\u00f3n de contratos de suscripci\u00f3n para la compra de Paquetes Premium en lostio, Grasweg 9, 38312 Ohrum, Director General: Christopher Leps, correo electr\u00f3nico: info@lostio.app (&#8220;lostio&#8221;) bajo el dominio www.lostio.app. 1.2 lostio opera el sitio web para la compra de Paquetes Premium y se convierte en el socio contractual de los clientes. 1.3 Estas CGC se aplican exclusivamente en relaci\u00f3n con los consumidores. Un consumidor es cualquier persona f\u00edsica que realice un negocio jur\u00eddico con fines predominantemente ajenos a su actividad comercial, empresarial o profesional. 1.4 El Cliente puede seleccionar y comprar una suscripci\u00f3n en lostio. Tras la celebraci\u00f3n del contrato y el pago, el cliente recibe acceso a lostio Premium durante la duraci\u00f3n de la suscripci\u00f3n. \u00a7 2 Conclusi\u00f3n del contrato 2.1 Las suscripciones al Acceso Premium ofrecidas en lostio representan una invitaci\u00f3n no vinculante al cliente a suscribirse. 2.2 Tras seleccionar una suscripci\u00f3n, el cliente introduce los datos necesarios para celebrar el contrato (nombre y apellidos, direcci\u00f3n de correo electr\u00f3nico, direcci\u00f3n(es) de pago y entrega, detalles de pago si procede). 2.3 En la siguiente p\u00e1gina de conclusi\u00f3n del contrato, el cliente realiza un pedido vinculante de compra de la suscripci\u00f3n correspondiente haciendo clic en el bot\u00f3n &#8220;Pagar con PayPal&#8221;. 2.4 lostio confirma inmediatamente la conclusi\u00f3n del pedido del cliente y la conclusi\u00f3n del contrato por correo electr\u00f3nico. El contrato se perfecciona cuando el cliente recibe el correo electr\u00f3nico de confirmaci\u00f3n de lostio. 2.5 El texto del contrato no es guardado por el vendedor y ya no puede ser recuperado tras la celebraci\u00f3n del contrato. Sin embargo, el cliente tiene la opci\u00f3n de recuperar y guardar las disposiciones contractuales, incluidas estas CGC, cuando se celebre el contrato. 2.7 Para la celebraci\u00f3n del contrato s\u00f3lo est\u00e1 disponible el idioma alem\u00e1n. \u00a7 3 Precios y pago 3.1 Los precios mostrados en lostio est\u00e1n en euros. Pueden aplicarse impuestos adicionales como el IVA o tasas. 3.2 Pedidos procedentes de pa\u00edses no europeos: Estos precios tambi\u00e9n se aplican a pa\u00edses no europeos, como Suiza y ultramar. 3.3 La tramitaci\u00f3n de los contratos, la facturaci\u00f3n y el cobro de los pagos son realizados por el proveedor de servicios de pago PayPal y por lostio. 3.4 Los precios son pagaderos y facturados mensual, semestral o anualmente por adelantado al concluir el contrato, dependiendo de la suscripci\u00f3n seleccionada. La primera fecha de facturaci\u00f3n es el d\u00eda en que se concluye la suscripci\u00f3n. La factura se env\u00eda al cliente por correo electr\u00f3nico. 3.5 El pago por parte del cliente se realiza a trav\u00e9s de una de las dos opciones de pago ofrecidas por lostio y seleccionadas por el cliente al realizar el pedido, pago por PayPal o transferencia bancaria. 3.6 Si el cliente opta por pagar mediante transferencia bancaria, deber\u00e1 transferir el importe de la factura a la cuenta especificada en la factura inmediatamente despu\u00e9s de recibirla. El acceso Premium no se activar\u00e1 antes de esta fecha. 3.7 Si el cliente elige pagar a trav\u00e9s de PayPal, el pago se cobrar\u00e1 inmediatamente a partir de la fecha de la factura, a menos que se seleccione y especifique lo contrario en la cuenta privada de PayPal. \u00a7 4 Entrega La suscripci\u00f3n y el paquete Premium se entregar\u00e1n inmediatamente despu\u00e9s de recibir el pago. \u00a7 5 Derecho de rescisi\u00f3n de los contratos de suscripci\u00f3n Como se trata de un servicio digital, tu derecho de cancelaci\u00f3n expira inmediatamente despu\u00e9s de la celebraci\u00f3n del contrato, de acuerdo con el Art\u00edculo 356 (4) y el Art\u00edculo 356 (5) del C\u00f3digo Civil alem\u00e1n (BGB), ya que el Acceso Premium puede utilizarse inmediatamente. \u00a7 6 Plazo\/cancelaci\u00f3n 6.1 La duraci\u00f3n de una suscripci\u00f3n es de uno (1), seis (6) o doce (12) meses (&#8220;per\u00edodo de contrato&#8221;), seg\u00fan elija el cliente. 6.2 Una suscripci\u00f3n se renueva autom\u00e1ticamente por el per\u00edodo de contrato seleccionado por el cliente, a menos que se cancele de antemano. 6.3 La suscripci\u00f3n a lostio puede cancelarse en cualquier momento. Para cancelarla, simplemente finaliza la suscripci\u00f3n a trav\u00e9s de la configuraci\u00f3n de la cuenta personal en lostio. 6.4 En caso de cancelaci\u00f3n antes de que finalice el periodo contractual, el cliente dispondr\u00e1 de Acceso Premium hasta el final del periodo contractual ya facturado y pagado. 6.5 lostio puede rescindir el contrato prematuramente en cualquier momento en casos especiales (da\u00f1os contra lostio, por ejemplo, difamaci\u00f3n del car\u00e1cter por parte del Usuario, copiar y compartir Contenido Premium) a pesar del pago ya realizado. lostio no est\u00e1 obligado a reembolsar el pago ya realizado. Adem\u00e1s, lostio tiene derecho a emprender acciones legales contra las personas implicadas, especialmente en caso de robo de propiedad y difamaci\u00f3n. 6.6 Tu derecho contractual de uso tampoco te autoriza a revelar tus datos de acceso a terceros. Si nuestros sistemas informan de actividades inusuales en sus archivos de registro, lostio se reserva el derecho a bloquear la cuenta en cualquier momento. \u00a7 7 Responsabilidad civil 7.1 lostio es responsable sin limitaci\u00f3n por dolo y negligencia grave. 7.2 En caso de incumplimiento por negligencia leve de una obligaci\u00f3n principal de ejecuci\u00f3n (&#8220;obligaci\u00f3n cardinal&#8221;), la responsabilidad de lostio se limita a los da\u00f1os directos previsibles en el momento de la celebraci\u00f3n del contrato y t\u00edpicos del mismo. Las obligaciones principales de ejecuci\u00f3n son aquellas cuyo incumplimiento pone en peligro la consecuci\u00f3n del objeto del contrato o cuyo cumplimiento es esencial para la correcta ejecuci\u00f3n del contrato y en cuyo cumplimiento puede confiar regularmente el cliente. 7.3 En caso de incumplimiento por negligencia leve de una obligaci\u00f3n contractual accesoria, queda excluida la responsabilidad de lostio. 7.4 En la medida en que la responsabilidad de lostio est\u00e9 excluida o limitada seg\u00fan las disposiciones anteriores, esto tambi\u00e9n se aplicar\u00e1 a los empleados, \u00f3rganos y auxiliares ejecutivos del Vendedor. 7.5 Las limitaciones y exclusiones de responsabilidad de las cl\u00e1usulas 8.2 a 7.4 no se aplicar\u00e1n en caso de responsabilidad objetiva legal obligatoria (por ejemplo, en virtud de la Ley alemana de responsabilidad por productos<\/p>\n","protected":false},"author":1,"featured_media":0,"parent":0,"menu_order":0,"comment_status":"closed","ping_status":"closed","template":"elementor_canvas","meta":{"pmpro_default_level":"","footnotes":""},"_links":{"self":[{"href":"https:\/\/lostio.app\/es\/wp-json\/wp\/v2\/pages\/21412"}],"collection":[{"href":"https:\/\/lostio.app\/es\/wp-json\/wp\/v2\/pages"}],"about":[{"href":"https:\/\/lostio.app\/es\/wp-json\/wp\/v2\/types\/page"}],"author":[{"embeddable":true,"href":"https:\/\/lostio.app\/es\/wp-json\/wp\/v2\/users\/1"}],"replies":[{"embeddable":true,"href":"https:\/\/lostio.app\/es\/wp-json\/wp\/v2\/comments?post=21412"}],"version-history":[{"count":1,"href":"https:\/\/lostio.app\/es\/wp-json\/wp\/v2\/pages\/21412\/revisions"}],"predecessor-version":[{"id":21413,"href":"https:\/\/lostio.app\/es\/wp-json\/wp\/v2\/pages\/21412\/revisions\/21413"}],"wp:attachment":[{"href":"https:\/\/lostio.app\/es\/wp-json\/wp\/v2\/media?parent=21412"}],"curies":[{"name":"wp","href":"https:\/\/api.w.org\/{rel}","templated":true}]}}