{"id":12346,"date":"2023-07-13T09:51:35","date_gmt":"2023-07-13T07:51:35","guid":{"rendered":"https:\/\/lostio.app\/dashboard\/"},"modified":"2026-04-03T09:18:43","modified_gmt":"2026-04-03T07:18:43","slug":"dashboard","status":"publish","type":"page","link":"https:\/\/lostio.app\/en\/dashboard\/","title":{"rendered":"Home"},"content":{"rendered":"\t\t<div data-elementor-type=\"wp-page\" data-elementor-id=\"12346\" class=\"elementor elementor-12346 elementor-1639\" data-elementor-post-type=\"page\">\n\t\t\t\t<div class=\"elementor-element elementor-element-d8b0da9 jedv-enabled--yes e-flex e-con-boxed wpr-sticky-section-no e-con e-parent\" data-id=\"d8b0da9\" data-element_type=\"container\" data-settings=\"{&quot;jet_parallax_layout_list&quot;:[]}\">\n\t\t\t\t\t<div class=\"e-con-inner\">\n\t\t\t\t<div class=\"elementor-element elementor-element-1eb7fc6 elementor-widget elementor-widget-heading\" data-id=\"1eb7fc6\" data-element_type=\"widget\" data-widget_type=\"heading.default\">\n\t\t\t\t<div class=\"elementor-widget-container\">\n\t\t\t<h2 class=\"elementor-heading-title elementor-size-default\">Oops...<\/h2>\t\t<\/div>\n\t\t\t\t<\/div>\n\t\t\t\t<div class=\"elementor-element elementor-element-a809811 elementor-widget elementor-widget-text-editor\" data-id=\"a809811\" data-element_type=\"widget\" data-widget_type=\"text-editor.default\">\n\t\t\t\t<div class=\"elementor-widget-container\">\n\t\t\t\t\t\t\t<p>Only registered users have access to the dashboard. Maybe you are <a href=\"https:\/\/lostio.app\/en\/sign-up\/\">not yet registered<\/a> or not <a href=\"https:\/\/lostio.app\/en\/log-in\/\">logged in<\/a>?<\/p>\n\t\t\t\t\t\t<\/div>\n\t\t\t\t<\/div>\n\t\t\t\t\t<\/div>\n\t\t\t\t<\/div>\n\t\t\t\t<\/div>\n\t\t","protected":false},"excerpt":{"rendered":"<p>Everything good? Always open doors \ud83e\udd19 Invite your friends! Receive up to \u20ac15.00* for every invited friend who gets Premium. Here is your personal invitation link: Happy Halloween! Die Urbex-Saison hat weitestgehend begonnen! Deswegen habt ihr wieder die M\u00f6glichkeit, euch einen 100 \u20ac Amazon Gutschein zus\u00e4tzlich zum Guthaben zu sichern, indem ihr eure Freunde und Tourpartner zu lostio einladet! Wir werden wie immer regelm\u00e4\u00dfig das Ranking hier aktualisieren. Dann seht ihr sofort, wie gut eure Chancen stehen. Die Aktion l\u00e4uft bis zum 31. Januar 2026. Es z\u00e4hlen nur eingeladene Freunde, die mindestens ein monatliches Premium-Abonnement erworben haben. Erinnert eure Freunde zudem daran, euren Usernamen im Feld &#8220;Angeworben&#8221; bei der Registrierung anzugeben, oder gebt ihnen einfach euren pers\u00f6nlichen Einladungslink. Viel Erfolg! Place Name Invited 1. UrbexKalle 3 2. Sar.04 2 3. Koala yokes 1 Ready for the Urbex season? It&#8217;s only just getting going again and that&#8217;s why we have a very special offer for you. Get the lostio annual subscription now for permanently just \u20ac39.99 \u20ac44.99 per year! Simply enter the voucher code: LOSTIO25 at the checkout. The voucher code is only valid until 11.05.2025. Helpful hints &amp; tips Access to the WhatsApp group lostio is a web app, which means you can install it directly from your browser on your iPhone! Simply add the website to your home screen and your system will recognize that it is a web app and open it in full screen. A guide to this: Open the Safari browser. Call up the desired website. Click on the share button, the small square with the arrow pointing upwards. Expand the menu. Here you will find the option &#8220;Go to home screen&#8221;. Access to the WhatsApp group Did you know that we have a WhatsApp community group? Have a look! You will also always receive all announcements about every update in lostio.You shouldn&#8217;t miss it! Thuringia near me? lostio uses your current location to show you Lost Places in the vicinity. If Lost Places from Thuringia are displayed here with a distance of approx. 4 km, this is because you reject the location and do not grant lostio access. Contact our support WhatsApp group if you still have problems here. Many iPhone users have problems here. Please make sure to allow the location and location services in the &#8220;Privacy&#8221; settings under &#8220;Safari&#8221;, as lostio uses the Safari browser. Change map service (Google &amp; Apple) For a uniform presentation, we mostly use integrated maps from Google Maps on lostio. Nevertheless, it is of course also possible to use Apple Maps for navigation. However, this only affects the &#8220;Route&#8221; button in the individual lost places. You can find the corresponding setting for this in your settings. There you can easily select your preferred map service. lostio is not as colorful as others? This problem often occurs with Samsung devices and is due to the pre-set dark mode of your cell phone. The forced dark mode of the devices cannot and must not even be prevented by us. As a result, colors and icons are naturally displayed differently than we have specified. If this bothers you, we would of course ask you to switch off the dark mode. lostio is based on a dark design anyway. Integrate your own Google MyMaps map In lostio you can create a quick access for your own Google MyMaps map.The map does not even have to be public for this, so your locations are protected and can only be viewed by you.The setup is a one-time process and can be completed in just a few steps.You currently have to set it up on your PC, as we don&#8217;t yet know of a way to copy the map link on your cell phone. Copy the link of your MyMaps map.To do this, go to the preview mode of your map and copy out the corresponding URL. Now go to the profile settings here on lostio and paste the link into the field provided.Save your profile changes. You will then find a new button called MyMaps under the &#8220;Places&#8221; page. Wenn ihr diesen anklickt und mit dem richtigen Account bei Google (Besitzer der Karte) eingeloggt seid, \u00f6ffnet sich eure private MyMaps Karte blitzschnell. Earn money in lostio How it works With lostio you can earn cash as an active user. You can always find your current balance here on your dashboard. As soon as you have \u20ac10.00, a payout button will appear.You can only withdraw your money if you have a Premium membership.If you don&#8217;t have one, you have the option of redeeming \u20ac5.00 of your credit to get lostio for 30 days for free! But how can you earn money? Open the required tabs. Invite friends* From now on, every user on lostio has their own personal invitation link. \ud83e\udd73 How is the payment made up?&#8211; If your friend takes out a monthly subscription, you will receive a one-off payment of \u20ac1.00&#8211; For a 6-month subscription, you will receive a one-off payment of \u20ac5.00 &#8211; For an annual subscription, you will receive a one-off payment of \u20ac10.00&#8211; For lifetime access, you will receive a one-off payment of \u20ac15.00 Update &amp; add Lost Places Update Lost Place Of course, you will also receive a little something for your activity here on lostio! If you submit a picture for a location without a picture, you will receive 0.10 \u20ac. Submit a new Lost Place You will also receive some credit for a new Lost Place! Provided that all details are complete and a picture is submitted. If you report a new Lost Place including picture, characteristics and description, you will receive 0.15 \u20ac. Events &amp; competitions You can also collect additional credit through special events and competitions. So always be busy at the events! \ud83e\udd2f Sometimes we also give away equipment such as flashlights and much more. When will I receive my credit? Your credit is not updated in real time. Every update or invitation of friends is checked manually beforehand. However, your credit should<\/p>\n","protected":false},"author":1,"featured_media":0,"parent":0,"menu_order":0,"comment_status":"closed","ping_status":"closed","template":"elementor_canvas","meta":{"pmpro_default_level":"","footnotes":""},"_links":{"self":[{"href":"https:\/\/lostio.app\/en\/wp-json\/wp\/v2\/pages\/12346"}],"collection":[{"href":"https:\/\/lostio.app\/en\/wp-json\/wp\/v2\/pages"}],"about":[{"href":"https:\/\/lostio.app\/en\/wp-json\/wp\/v2\/types\/page"}],"author":[{"embeddable":true,"href":"https:\/\/lostio.app\/en\/wp-json\/wp\/v2\/users\/1"}],"replies":[{"embeddable":true,"href":"https:\/\/lostio.app\/en\/wp-json\/wp\/v2\/comments?post=12346"}],"version-history":[{"count":0,"href":"https:\/\/lostio.app\/en\/wp-json\/wp\/v2\/pages\/12346\/revisions"}],"wp:attachment":[{"href":"https:\/\/lostio.app\/en\/wp-json\/wp\/v2\/media?parent=12346"}],"curies":[{"name":"wp","href":"https:\/\/api.w.org\/{rel}","templated":true}]}}